{"id":1144,"date":"2025-03-27T13:09:57","date_gmt":"2025-03-27T12:09:57","guid":{"rendered":"https:\/\/www.stageshotel.com\/?page_id=1144"},"modified":"2025-04-15T23:40:30","modified_gmt":"2025-04-15T21:40:30","slug":"bezbarierove-pokoje","status":"publish","type":"page","link":"https:\/\/www.stageshotel.com\/cz\/pokoje\/bezbarierove-pokoje\/","title":{"rendered":"Bezbari\u00e9rov\u00e9 pokoje"},"content":{"rendered":"\n<p>N\u00e1\u0161 hotel je navr\u017een s ohledem na pohodl\u00ed v\u0161ech host\u016f, v\u010detn\u011b t\u011bch s omezenou pohyblivost\u00ed. D\u00edky bezbari\u00e9rov\u00e9mu p\u0159\u00edstupu a speci\u00e1ln\u011b upraven\u00fdm pokoj\u016fm nab\u00edz\u00edme komfortn\u00ed, bezpe\u010dn\u00e9 a plnohodnotn\u00e9 ubytov\u00e1n\u00ed i pro osoby se zdravotn\u00edm znev\u00fdhodn\u011bn\u00edm.<\/p>\n\n\n\n<p><strong>K dispozici m\u00e1me 2 typy bezbari\u00e9rov\u00fdch pokoj\u016f \u2013 NIPI a INVALIDA.<\/strong><\/p>\n\n\n\n<div style=\"height:50px\" aria-hidden=\"true\" class=\"wp-block-spacer\"><\/div>\n\n\n\n<h2 class=\"wp-block-heading\">Bezbari\u00e9rov\u00e9 pokoje typu NIPI (10 pokoj\u016f)<\/h2>\n\n\n\n<p>Bezbari\u00e9rov\u00e9 pokoje spl\u0148uj\u00ed p\u0159edpisy dle N\u00e1rodn\u00edho Institutu Pro Integraci osob s omezenou schopnost\u00ed pohybu a orientace. K b\u011b\u017en\u00e9mu hotelov\u00e9mu vybaven\u00ed maj\u00ed nav\u00edc<\/p>\n\n\n\n<ul class=\"wp-block-list vybaveni\">\n<li>madlo na vstupn\u00edch dve\u0159\u00edch<\/li>\n\n\n\n<li>kuk\u00e1tko ve dvou \u00farovn\u00edch<\/li>\n\n\n\n<li>elektrick\u00e9 otv\u00edr\u00e1n\u00ed ventila\u010dn\u00edho okna<\/li>\n\n\n\n<li>\u0161ir\u0161\u00ed dve\u0159e do koupelny<\/li>\n\n\n\n<li>sed\u00e1tko v&nbsp;koupeln\u011b<\/li>\n\n\n\n<li>madlo u WC<\/li>\n\n\n\n<li>h\u00e1\u010dky v&nbsp;koupeln\u011b a na obkladu ve dvou v\u00fd\u0161k\u00e1ch<\/li>\n\n\n\n<li>nouzov\u00e9 osv\u011btlen\u00ed v koupeln\u011b<\/li>\n<\/ul>\n\n\n\n<div style=\"height:50px\" aria-hidden=\"true\" class=\"wp-block-spacer\"><\/div>\n\n\n\n<h2 class=\"wp-block-heading\">Bezbari\u00e9rov\u00e9 pokoje typu INVALIDA (5 pokoj\u016f)<\/h2>\n\n\n\n<p>Tyto bezbari\u00e9rov\u00e9 pokoje nab\u00edzej\u00ed v\u011bt\u0161\u00ed prostor a je\u0161t\u011b v\u00edce p\u0159izp\u016fsoben\u00fdch prvk\u016f pro maxim\u00e1ln\u00ed komfort host\u016f a k b\u011b\u017en\u00e9mu hotelov\u00e9mu vybaven\u00ed maj\u00ed nav\u00edc<\/p>\n\n\n\n<ul class=\"wp-block-list\">\n<li>prostorn\u011bj\u0161\u00ed pokoj i koupelna                  <\/li>\n\n\n\n<li>\u0161ir\u0161\u00ed vstupn\u00ed dve\u0159e<\/li>\n\n\n\n<li>madlo na vstupn\u00edch dve\u0159\u00edch<\/li>\n\n\n\n<li>kuk\u00e1tko ve dvou \u00farovn\u00edch<\/li>\n\n\n\n<li>vyp\u00edna\u010de v&nbsp;ni\u017e\u0161\u00ed \u00farovni<\/li>\n\n\n\n<li>elektrick\u00e9 otv\u00edr\u00e1n\u00ed ventila\u010dn\u00edho okna<\/li>\n\n\n\n<li>sklopn\u00e1 ty\u010d v \u0161atn\u00ed sk\u0159\u00edni<\/li>\n\n\n\n<li>koupelna pln\u011b p\u0159izp\u016fsoben\u00e1 pro hendikepovan\u00e9 (zv\u00fd\u0161en\u00e9 WC, speci\u00e1ln\u00ed umyvadlo, madla, sed\u00e1tko, signaliza\u010dn\u00ed tla\u010d\u00edtko)<\/li>\n\n\n\n<li>h\u00e1\u010dky v&nbsp;koupeln\u011b a na obkladu ve dvou v\u00fd\u0161k\u00e1ch<\/li>\n\n\n\n<li>nouzov\u00e9 osv\u011btlen\u00ed v koupeln\u011b<\/li>\n<\/ul>\n\n\n\n<div class=\"wp-block-buttons is-layout-flex wp-block-buttons-is-layout-flex\">\n<div class=\"wp-block-button btnalt rezervovat\"><a class=\"wp-block-button__link wp-element-button\" href=\"https:\/\/www.marriott.com\/hotels\/travel\/prgtx-stages-hotel-prague-a-tribute-portfolio-hotel\/\" target=\"_blank\" rel=\"\">Rezervovat<\/a><\/div>\n<\/div>\n\n\n\n<div style=\"height:50px\" aria-hidden=\"true\" class=\"wp-block-spacer\"><\/div>\n\n\n\n<figure class=\"wp-block-gallery has-nested-images columns-default is-cropped wp-block-gallery-1 is-layout-flex wp-block-gallery-is-layout-flex\">\n<figure class=\"wp-block-image size-medium\"><a href=\"https:\/\/www.stageshotel.com\/wp-content\/uploads\/2024\/03\/Stages-Hotel-Praha-Comfort-pokoje-01.jpg\"><img loading=\"lazy\" decoding=\"async\" width=\"800\" height=\"533\" data-id=\"158\" src=\"https:\/\/www.stageshotel.com\/wp-content\/uploads\/2024\/03\/Stages-Hotel-Praha-Comfort-pokoje-01-800x533.jpg\" alt=\"Stages Hotel Praha - Comfort pokoje 01\" class=\"wp-image-158\" srcset=\"https:\/\/www.stageshotel.com\/wp-content\/uploads\/2024\/03\/Stages-Hotel-Praha-Comfort-pokoje-01-800x533.jpg 800w, https:\/\/www.stageshotel.com\/wp-content\/uploads\/2024\/03\/Stages-Hotel-Praha-Comfort-pokoje-01.jpg 1600w\" sizes=\"auto, (max-width: 800px) 100vw, 800px\" \/><\/a><\/figure>\n\n\n\n<figure class=\"wp-block-image size-medium\"><a href=\"https:\/\/www.stageshotel.com\/wp-content\/uploads\/2025\/04\/TP-PRGTX_Disabled_Bathroom-scaled.jpg\"><img loading=\"lazy\" decoding=\"async\" width=\"800\" height=\"533\" data-id=\"1169\" src=\"https:\/\/www.stageshotel.com\/wp-content\/uploads\/2025\/04\/TP-PRGTX_Disabled_Bathroom-800x533.jpg\" alt=\"\" class=\"wp-image-1169\" srcset=\"https:\/\/www.stageshotel.com\/wp-content\/uploads\/2025\/04\/TP-PRGTX_Disabled_Bathroom-800x533.jpg 800w, https:\/\/www.stageshotel.com\/wp-content\/uploads\/2025\/04\/TP-PRGTX_Disabled_Bathroom-1600x1067.jpg 1600w, https:\/\/www.stageshotel.com\/wp-content\/uploads\/2025\/04\/TP-PRGTX_Disabled_Bathroom-18x12.jpg 18w\" sizes=\"auto, (max-width: 800px) 100vw, 800px\" \/><\/a><\/figure>\n\n\n\n<figure class=\"wp-block-image size-medium\"><a href=\"https:\/\/www.stageshotel.com\/wp-content\/uploads\/2024\/03\/Stages-Hotel-Praha-Comfort-pokoje-03.jpg\"><img loading=\"lazy\" decoding=\"async\" width=\"800\" height=\"533\" data-id=\"156\" src=\"https:\/\/www.stageshotel.com\/wp-content\/uploads\/2024\/03\/Stages-Hotel-Praha-Comfort-pokoje-03-800x533.jpg\" alt=\"Stages Hotel Praha - Comfort pokoje 03\" class=\"wp-image-156\" srcset=\"https:\/\/www.stageshotel.com\/wp-content\/uploads\/2024\/03\/Stages-Hotel-Praha-Comfort-pokoje-03-800x533.jpg 800w, https:\/\/www.stageshotel.com\/wp-content\/uploads\/2024\/03\/Stages-Hotel-Praha-Comfort-pokoje-03.jpg 1600w\" sizes=\"auto, (max-width: 800px) 100vw, 800px\" \/><\/a><\/figure>\n\n\n\n<figure class=\"wp-block-image size-medium\"><a href=\"https:\/\/www.stageshotel.com\/wp-content\/uploads\/2025\/04\/TP-PRGTX_Disabled_Room-scaled.jpg\"><img decoding=\"async\" data-id=\"1168\" src=\"https:\/\/www.stageshotel.com\/wp-content\/uploads\/2025\/04\/TP-PRGTX_Disabled_Room-800x533.jpg\" alt=\"\" class=\"wp-image-1168\"\/><\/a><\/figure>\n\n\n\n<figure class=\"wp-block-image size-medium\"><a href=\"https:\/\/www.stageshotel.com\/wp-content\/uploads\/2024\/03\/Stages-Hotel-Praha-Comfort-pokoje-05.jpg\"><img loading=\"lazy\" decoding=\"async\" width=\"800\" height=\"533\" data-id=\"154\" src=\"https:\/\/www.stageshotel.com\/wp-content\/uploads\/2024\/03\/Stages-Hotel-Praha-Comfort-pokoje-05-800x533.jpg\" alt=\"Stages Hotel Praha - Comfort pokoje 05\" class=\"wp-image-154\" srcset=\"https:\/\/www.stageshotel.com\/wp-content\/uploads\/2024\/03\/Stages-Hotel-Praha-Comfort-pokoje-05-800x533.jpg 800w, https:\/\/www.stageshotel.com\/wp-content\/uploads\/2024\/03\/Stages-Hotel-Praha-Comfort-pokoje-05.jpg 1600w\" sizes=\"auto, (max-width: 800px) 100vw, 800px\" \/><\/a><\/figure>\n<\/figure>\n","protected":false},"excerpt":{"rendered":"<p>N\u00e1\u0161 hotel je navr\u017een s ohledem na pohodl\u00ed v\u0161ech host\u016f, v\u010detn\u011b t\u011bch s omezenou pohyblivost\u00ed. D\u00edky bezbari\u00e9rov\u00e9mu p\u0159\u00edstupu a speci\u00e1ln\u011b upraven\u00fdm pokoj\u016fm nab\u00edz\u00edme komfortn\u00ed, bezpe\u010dn\u00e9 a plnohodnotn\u00e9 ubytov\u00e1n\u00ed i pro osoby se zdravotn\u00edm znev\u00fdhodn\u011bn\u00edm. K dispozici m\u00e1me 2 typy bezbari\u00e9rov\u00fdch pokoj\u016f \u2013 NIPI a INVALIDA. Bezbari\u00e9rov\u00e9 pokoje typu NIPI (10 pokoj\u016f) Bezbari\u00e9rov\u00e9 pokoje spl\u0148uj\u00ed p\u0159edpisy [&hellip;]<\/p>\n","protected":false},"author":4,"featured_media":1168,"parent":24,"menu_order":0,"comment_status":"closed","ping_status":"closed","template":"","meta":{"footnotes":""},"class_list":["post-1144","page","type-page","status-publish","has-post-thumbnail","hentry"],"yoast_head":"<!-- This site is optimized with the Yoast SEO plugin v27.3 - https:\/\/yoast.com\/product\/yoast-seo-wordpress\/ -->\n<title>Bezbari\u00e9rov\u00e9 pokoje - STAGES HOTEL Prague<\/title>\n<meta name=\"description\" content=\"D\u00edky bezbari\u00e9rov\u00e9mu p\u0159\u00edstupu a speci\u00e1ln\u011b upraven\u00fdm pokoj\u016fm nab\u00edz\u00edme ubytov\u00e1n\u00ed i pro osoby se zdravotn\u00edm znev\u00fdhodn\u011bn\u00edm.\" \/>\n<meta name=\"robots\" content=\"index, follow, max-snippet:-1, max-image-preview:large, max-video-preview:-1\" \/>\n<link rel=\"canonical\" href=\"https:\/\/www.stageshotel.com\/cz\/pokoje\/bezbarierove-pokoje\/\" \/>\n<meta property=\"og:locale\" content=\"cs_CZ\" \/>\n<meta property=\"og:type\" content=\"article\" \/>\n<meta property=\"og:title\" content=\"Bezbari\u00e9rov\u00e9 pokoje - STAGES HOTEL Prague\" \/>\n<meta property=\"og:description\" content=\"D\u00edky bezbari\u00e9rov\u00e9mu p\u0159\u00edstupu a speci\u00e1ln\u011b upraven\u00fdm pokoj\u016fm nab\u00edz\u00edme ubytov\u00e1n\u00ed i pro osoby se zdravotn\u00edm znev\u00fdhodn\u011bn\u00edm.\" \/>\n<meta property=\"og:url\" content=\"https:\/\/www.stageshotel.com\/cz\/pokoje\/bezbarierove-pokoje\/\" \/>\n<meta property=\"og:site_name\" content=\"STAGES HOTEL Prague\" \/>\n<meta property=\"article:publisher\" content=\"https:\/\/www.facebook.com\/stageshotelprague\/\" \/>\n<meta property=\"article:modified_time\" content=\"2025-04-15T21:40:30+00:00\" \/>\n<meta property=\"og:image\" content=\"https:\/\/www.stageshotel.com\/wp-content\/uploads\/2025\/04\/TP-PRGTX_Disabled_Room-scaled-e1744110941357.jpg\" \/>\n\t<meta property=\"og:image:width\" content=\"2163\" \/>\n\t<meta property=\"og:image:height\" content=\"1143\" \/>\n\t<meta property=\"og:image:type\" content=\"image\/jpeg\" \/>\n<meta name=\"twitter:card\" content=\"summary_large_image\" \/>\n<meta name=\"twitter:label1\" content=\"Odhadovan\u00e1 doba \u010dten\u00ed\" \/>\n\t<meta name=\"twitter:data1\" content=\"3 minuty\" \/>\n<script type=\"application\/ld+json\" class=\"yoast-schema-graph\">{\"@context\":\"https:\\\/\\\/schema.org\",\"@graph\":[{\"@type\":\"WebPage\",\"@id\":\"https:\\\/\\\/www.stageshotel.com\\\/pokoje\\\/bezbarierove-pokoje\\\/\",\"url\":\"https:\\\/\\\/www.stageshotel.com\\\/pokoje\\\/bezbarierove-pokoje\\\/\",\"name\":\"Bezbari\u00e9rov\u00e9 pokoje - STAGES HOTEL Prague\",\"isPartOf\":{\"@id\":\"https:\\\/\\\/www.stageshotel.com\\\/cz\\\/#website\"},\"primaryImageOfPage\":{\"@id\":\"https:\\\/\\\/www.stageshotel.com\\\/pokoje\\\/bezbarierove-pokoje\\\/#primaryimage\"},\"image\":{\"@id\":\"https:\\\/\\\/www.stageshotel.com\\\/pokoje\\\/bezbarierove-pokoje\\\/#primaryimage\"},\"thumbnailUrl\":\"https:\\\/\\\/www.stageshotel.com\\\/wp-content\\\/uploads\\\/2025\\\/04\\\/TP-PRGTX_Disabled_Room-scaled-e1744110941357.jpg\",\"datePublished\":\"2025-03-27T12:09:57+00:00\",\"dateModified\":\"2025-04-15T21:40:30+00:00\",\"description\":\"D\u00edky bezbari\u00e9rov\u00e9mu p\u0159\u00edstupu a speci\u00e1ln\u011b upraven\u00fdm pokoj\u016fm nab\u00edz\u00edme ubytov\u00e1n\u00ed i pro osoby se zdravotn\u00edm znev\u00fdhodn\u011bn\u00edm.\",\"breadcrumb\":{\"@id\":\"https:\\\/\\\/www.stageshotel.com\\\/pokoje\\\/bezbarierove-pokoje\\\/#breadcrumb\"},\"inLanguage\":\"cs\",\"potentialAction\":[{\"@type\":\"ReadAction\",\"target\":[\"https:\\\/\\\/www.stageshotel.com\\\/pokoje\\\/bezbarierove-pokoje\\\/\"]}]},{\"@type\":\"ImageObject\",\"inLanguage\":\"cs\",\"@id\":\"https:\\\/\\\/www.stageshotel.com\\\/pokoje\\\/bezbarierove-pokoje\\\/#primaryimage\",\"url\":\"https:\\\/\\\/www.stageshotel.com\\\/wp-content\\\/uploads\\\/2025\\\/04\\\/TP-PRGTX_Disabled_Room-scaled-e1744110941357.jpg\",\"contentUrl\":\"https:\\\/\\\/www.stageshotel.com\\\/wp-content\\\/uploads\\\/2025\\\/04\\\/TP-PRGTX_Disabled_Room-scaled-e1744110941357.jpg\",\"width\":2163,\"height\":1143,\"caption\":\"Bezbari\u00e9rov\u00e9 pokoje\"},{\"@type\":\"BreadcrumbList\",\"@id\":\"https:\\\/\\\/www.stageshotel.com\\\/pokoje\\\/bezbarierove-pokoje\\\/#breadcrumb\",\"itemListElement\":[{\"@type\":\"ListItem\",\"position\":1,\"name\":\"Stages Hotel Prague\",\"item\":\"https:\\\/\\\/www.stageshotel.com\\\/\"},{\"@type\":\"ListItem\",\"position\":2,\"name\":\"Modern\u00ed pokoje a apartm\u00e1 p\u0159\u00edmo vedle O2 Areny\",\"item\":\"https:\\\/\\\/www.stageshotel.com\\\/pokoje\\\/\"},{\"@type\":\"ListItem\",\"position\":3,\"name\":\"Bezbari\u00e9rov\u00e9 pokoje\"}]},{\"@type\":\"WebSite\",\"@id\":\"https:\\\/\\\/www.stageshotel.com\\\/cz\\\/#website\",\"url\":\"https:\\\/\\\/www.stageshotel.com\\\/cz\\\/\",\"name\":\"STAGES HOTEL Prague\",\"description\":\"\",\"publisher\":{\"@id\":\"https:\\\/\\\/www.stageshotel.com\\\/cz\\\/#organization\"},\"potentialAction\":[{\"@type\":\"SearchAction\",\"target\":{\"@type\":\"EntryPoint\",\"urlTemplate\":\"https:\\\/\\\/www.stageshotel.com\\\/cz\\\/?s={search_term_string}\"},\"query-input\":{\"@type\":\"PropertyValueSpecification\",\"valueRequired\":true,\"valueName\":\"search_term_string\"}}],\"inLanguage\":\"cs\"},{\"@type\":\"Organization\",\"@id\":\"https:\\\/\\\/www.stageshotel.com\\\/cz\\\/#organization\",\"name\":\"STAGES HOTEL\",\"url\":\"https:\\\/\\\/www.stageshotel.com\\\/cz\\\/\",\"logo\":{\"@type\":\"ImageObject\",\"inLanguage\":\"cs\",\"@id\":\"https:\\\/\\\/www.stageshotel.com\\\/cz\\\/#\\\/schema\\\/logo\\\/image\\\/\",\"url\":\"https:\\\/\\\/www.stageshotel.com\\\/wp-content\\\/uploads\\\/2024\\\/11\\\/stages-hotel-logo.png\",\"contentUrl\":\"https:\\\/\\\/www.stageshotel.com\\\/wp-content\\\/uploads\\\/2024\\\/11\\\/stages-hotel-logo.png\",\"width\":1536,\"height\":768,\"caption\":\"STAGES HOTEL\"},\"image\":{\"@id\":\"https:\\\/\\\/www.stageshotel.com\\\/cz\\\/#\\\/schema\\\/logo\\\/image\\\/\"},\"sameAs\":[\"https:\\\/\\\/www.facebook.com\\\/stageshotelprague\\\/\",\"https:\\\/\\\/www.instagram.com\\\/stageshotelprague\\\/\"]}]}<\/script>\n<!-- \/ Yoast SEO plugin. -->","yoast_head_json":{"title":"Bezbari\u00e9rov\u00e9 pokoje - STAGES HOTEL Prague","description":"D\u00edky bezbari\u00e9rov\u00e9mu p\u0159\u00edstupu a speci\u00e1ln\u011b upraven\u00fdm pokoj\u016fm nab\u00edz\u00edme ubytov\u00e1n\u00ed i pro osoby se zdravotn\u00edm znev\u00fdhodn\u011bn\u00edm.","robots":{"index":"index","follow":"follow","max-snippet":"max-snippet:-1","max-image-preview":"max-image-preview:large","max-video-preview":"max-video-preview:-1"},"canonical":"https:\/\/www.stageshotel.com\/cz\/pokoje\/bezbarierove-pokoje\/","og_locale":"cs_CZ","og_type":"article","og_title":"Bezbari\u00e9rov\u00e9 pokoje - STAGES HOTEL Prague","og_description":"D\u00edky bezbari\u00e9rov\u00e9mu p\u0159\u00edstupu a speci\u00e1ln\u011b upraven\u00fdm pokoj\u016fm nab\u00edz\u00edme ubytov\u00e1n\u00ed i pro osoby se zdravotn\u00edm znev\u00fdhodn\u011bn\u00edm.","og_url":"https:\/\/www.stageshotel.com\/cz\/pokoje\/bezbarierove-pokoje\/","og_site_name":"STAGES HOTEL Prague","article_publisher":"https:\/\/www.facebook.com\/stageshotelprague\/","article_modified_time":"2025-04-15T21:40:30+00:00","og_image":[{"width":2163,"height":1143,"url":"https:\/\/www.stageshotel.com\/wp-content\/uploads\/2025\/04\/TP-PRGTX_Disabled_Room-scaled-e1744110941357.jpg","type":"image\/jpeg"}],"twitter_card":"summary_large_image","twitter_misc":{"Odhadovan\u00e1 doba \u010dten\u00ed":"3 minuty"},"schema":{"@context":"https:\/\/schema.org","@graph":[{"@type":"WebPage","@id":"https:\/\/www.stageshotel.com\/pokoje\/bezbarierove-pokoje\/","url":"https:\/\/www.stageshotel.com\/pokoje\/bezbarierove-pokoje\/","name":"Bezbari\u00e9rov\u00e9 pokoje - STAGES HOTEL Prague","isPartOf":{"@id":"https:\/\/www.stageshotel.com\/cz\/#website"},"primaryImageOfPage":{"@id":"https:\/\/www.stageshotel.com\/pokoje\/bezbarierove-pokoje\/#primaryimage"},"image":{"@id":"https:\/\/www.stageshotel.com\/pokoje\/bezbarierove-pokoje\/#primaryimage"},"thumbnailUrl":"https:\/\/www.stageshotel.com\/wp-content\/uploads\/2025\/04\/TP-PRGTX_Disabled_Room-scaled-e1744110941357.jpg","datePublished":"2025-03-27T12:09:57+00:00","dateModified":"2025-04-15T21:40:30+00:00","description":"D\u00edky bezbari\u00e9rov\u00e9mu p\u0159\u00edstupu a speci\u00e1ln\u011b upraven\u00fdm pokoj\u016fm nab\u00edz\u00edme ubytov\u00e1n\u00ed i pro osoby se zdravotn\u00edm znev\u00fdhodn\u011bn\u00edm.","breadcrumb":{"@id":"https:\/\/www.stageshotel.com\/pokoje\/bezbarierove-pokoje\/#breadcrumb"},"inLanguage":"cs","potentialAction":[{"@type":"ReadAction","target":["https:\/\/www.stageshotel.com\/pokoje\/bezbarierove-pokoje\/"]}]},{"@type":"ImageObject","inLanguage":"cs","@id":"https:\/\/www.stageshotel.com\/pokoje\/bezbarierove-pokoje\/#primaryimage","url":"https:\/\/www.stageshotel.com\/wp-content\/uploads\/2025\/04\/TP-PRGTX_Disabled_Room-scaled-e1744110941357.jpg","contentUrl":"https:\/\/www.stageshotel.com\/wp-content\/uploads\/2025\/04\/TP-PRGTX_Disabled_Room-scaled-e1744110941357.jpg","width":2163,"height":1143,"caption":"Bezbari\u00e9rov\u00e9 pokoje"},{"@type":"BreadcrumbList","@id":"https:\/\/www.stageshotel.com\/pokoje\/bezbarierove-pokoje\/#breadcrumb","itemListElement":[{"@type":"ListItem","position":1,"name":"Stages Hotel Prague","item":"https:\/\/www.stageshotel.com\/"},{"@type":"ListItem","position":2,"name":"Modern\u00ed pokoje a apartm\u00e1 p\u0159\u00edmo vedle O2 Areny","item":"https:\/\/www.stageshotel.com\/pokoje\/"},{"@type":"ListItem","position":3,"name":"Bezbari\u00e9rov\u00e9 pokoje"}]},{"@type":"WebSite","@id":"https:\/\/www.stageshotel.com\/cz\/#website","url":"https:\/\/www.stageshotel.com\/cz\/","name":"STAGES HOTEL Prague","description":"","publisher":{"@id":"https:\/\/www.stageshotel.com\/cz\/#organization"},"potentialAction":[{"@type":"SearchAction","target":{"@type":"EntryPoint","urlTemplate":"https:\/\/www.stageshotel.com\/cz\/?s={search_term_string}"},"query-input":{"@type":"PropertyValueSpecification","valueRequired":true,"valueName":"search_term_string"}}],"inLanguage":"cs"},{"@type":"Organization","@id":"https:\/\/www.stageshotel.com\/cz\/#organization","name":"STAGES HOTEL","url":"https:\/\/www.stageshotel.com\/cz\/","logo":{"@type":"ImageObject","inLanguage":"cs","@id":"https:\/\/www.stageshotel.com\/cz\/#\/schema\/logo\/image\/","url":"https:\/\/www.stageshotel.com\/wp-content\/uploads\/2024\/11\/stages-hotel-logo.png","contentUrl":"https:\/\/www.stageshotel.com\/wp-content\/uploads\/2024\/11\/stages-hotel-logo.png","width":1536,"height":768,"caption":"STAGES HOTEL"},"image":{"@id":"https:\/\/www.stageshotel.com\/cz\/#\/schema\/logo\/image\/"},"sameAs":["https:\/\/www.facebook.com\/stageshotelprague\/","https:\/\/www.instagram.com\/stageshotelprague\/"]}]}},"_links":{"self":[{"href":"https:\/\/www.stageshotel.com\/cz\/wp-json\/wp\/v2\/pages\/1144","targetHints":{"allow":["GET"]}}],"collection":[{"href":"https:\/\/www.stageshotel.com\/cz\/wp-json\/wp\/v2\/pages"}],"about":[{"href":"https:\/\/www.stageshotel.com\/cz\/wp-json\/wp\/v2\/types\/page"}],"author":[{"embeddable":true,"href":"https:\/\/www.stageshotel.com\/cz\/wp-json\/wp\/v2\/users\/4"}],"replies":[{"embeddable":true,"href":"https:\/\/www.stageshotel.com\/cz\/wp-json\/wp\/v2\/comments?post=1144"}],"version-history":[{"count":6,"href":"https:\/\/www.stageshotel.com\/cz\/wp-json\/wp\/v2\/pages\/1144\/revisions"}],"predecessor-version":[{"id":1189,"href":"https:\/\/www.stageshotel.com\/cz\/wp-json\/wp\/v2\/pages\/1144\/revisions\/1189"}],"up":[{"embeddable":true,"href":"https:\/\/www.stageshotel.com\/cz\/wp-json\/wp\/v2\/pages\/24"}],"wp:featuredmedia":[{"embeddable":true,"href":"https:\/\/www.stageshotel.com\/cz\/wp-json\/wp\/v2\/media\/1168"}],"wp:attachment":[{"href":"https:\/\/www.stageshotel.com\/cz\/wp-json\/wp\/v2\/media?parent=1144"}],"curies":[{"name":"wp","href":"https:\/\/api.w.org\/{rel}","templated":true}]}}