{"id":1204,"date":"2025-04-23T14:13:17","date_gmt":"2025-04-23T12:13:17","guid":{"rendered":"https:\/\/www.stageshotel.com\/?page_id=1204"},"modified":"2026-01-29T12:47:49","modified_gmt":"2026-01-29T11:47:49","slug":"certifikaty-a-oceneni","status":"publish","type":"page","link":"https:\/\/www.stageshotel.com\/cz\/certifikaty-a-oceneni\/","title":{"rendered":"Certifik\u00e1ty a ocen\u011bn\u00ed"},"content":{"rendered":"\n<div class=\"wp-block-columns is-layout-flex wp-container-core-columns-is-layout-9d6595d7 wp-block-columns-is-layout-flex\">\n<div class=\"wp-block-column is-vertically-aligned-bottom is-layout-flow wp-block-column-is-layout-flow\">\n<h2 class=\"wp-block-heading has-text-align-center\">Green Key<\/h2>\n\n\n\n<figure data-wp-context=\"{&quot;imageId&quot;:&quot;69ec38b9a49e4&quot;}\" data-wp-interactive=\"core\/image\" data-wp-key=\"69ec38b9a49e4\" class=\"wp-block-image size-large wp-lightbox-container\"><img loading=\"lazy\" decoding=\"async\" width=\"1121\" height=\"1600\" data-wp-class--hide=\"state.isContentHidden\" data-wp-class--show=\"state.isContentVisible\" data-wp-init=\"callbacks.setButtonStyles\" data-wp-on--click=\"actions.showLightbox\" data-wp-on--load=\"callbacks.setButtonStyles\" data-wp-on-window--resize=\"callbacks.setButtonStyles\" src=\"https:\/\/www.stageshotel.com\/wp-content\/uploads\/2025\/04\/Green-Key-Certificate_Stages-Hotel-Prague-A-Tribute-Portfolio-Hotel_2025-1121x1600.png\" alt=\"\" class=\"wp-image-1207\" srcset=\"https:\/\/www.stageshotel.com\/wp-content\/uploads\/2025\/04\/Green-Key-Certificate_Stages-Hotel-Prague-A-Tribute-Portfolio-Hotel_2025-1121x1600.png 1121w, https:\/\/www.stageshotel.com\/wp-content\/uploads\/2025\/04\/Green-Key-Certificate_Stages-Hotel-Prague-A-Tribute-Portfolio-Hotel_2025-561x800.png 561w, https:\/\/www.stageshotel.com\/wp-content\/uploads\/2025\/04\/Green-Key-Certificate_Stages-Hotel-Prague-A-Tribute-Portfolio-Hotel_2025-8x12.png 8w, https:\/\/www.stageshotel.com\/wp-content\/uploads\/2025\/04\/Green-Key-Certificate_Stages-Hotel-Prague-A-Tribute-Portfolio-Hotel_2025.png 1828w\" sizes=\"auto, (max-width: 1121px) 100vw, 1121px\" \/><button\n\t\t\tclass=\"lightbox-trigger\"\n\t\t\ttype=\"button\"\n\t\t\taria-haspopup=\"dialog\"\n\t\t\taria-label=\"Zv\u011bt\u0161it\"\n\t\t\tdata-wp-init=\"callbacks.initTriggerButton\"\n\t\t\tdata-wp-on--click=\"actions.showLightbox\"\n\t\t\tdata-wp-style--right=\"state.imageButtonRight\"\n\t\t\tdata-wp-style--top=\"state.imageButtonTop\"\n\t\t>\n\t\t\t<svg xmlns=\"http:\/\/www.w3.org\/2000\/svg\" width=\"12\" height=\"12\" fill=\"none\" viewBox=\"0 0 12 12\">\n\t\t\t\t<path fill=\"#fff\" d=\"M2 0a2 2 0 0 0-2 2v2h1.5V2a.5.5 0 0 1 .5-.5h2V0H2Zm2 10.5H2a.5.5 0 0 1-.5-.5V8H0v2a2 2 0 0 0 2 2h2v-1.5ZM8 12v-1.5h2a.5.5 0 0 0 .5-.5V8H12v2a2 2 0 0 1-2 2H8Zm2-12a2 2 0 0 1 2 2v2h-1.5V2a.5.5 0 0 0-.5-.5H8V0h2Z\" \/>\n\t\t\t<\/svg>\n\t\t<\/button><\/figure>\n<\/div>\n\n\n\n<div class=\"wp-block-column is-layout-flow wp-block-column-is-layout-flow\">\n<h2 class=\"wp-block-heading has-text-align-center\">Intend to recommend<\/h2>\n\n\n\n<figure data-wp-context=\"{&quot;imageId&quot;:&quot;69ec38b9a5429&quot;}\" data-wp-interactive=\"core\/image\" data-wp-key=\"69ec38b9a5429\" class=\"wp-block-image size-large wp-lightbox-container\"><img loading=\"lazy\" decoding=\"async\" width=\"1600\" height=\"1108\" data-wp-class--hide=\"state.isContentHidden\" data-wp-class--show=\"state.isContentVisible\" data-wp-init=\"callbacks.setButtonStyles\" data-wp-on--click=\"actions.showLightbox\" data-wp-on--load=\"callbacks.setButtonStyles\" data-wp-on-window--resize=\"callbacks.setButtonStyles\" src=\"https:\/\/www.stageshotel.com\/wp-content\/uploads\/2025\/04\/EMEA-Franchise-Shining-Stars-Intent-to-Recommend-Top-Performer-2022-1600x1108.png\" alt=\"\" class=\"wp-image-1205\" srcset=\"https:\/\/www.stageshotel.com\/wp-content\/uploads\/2025\/04\/EMEA-Franchise-Shining-Stars-Intent-to-Recommend-Top-Performer-2022-1600x1108.png 1600w, https:\/\/www.stageshotel.com\/wp-content\/uploads\/2025\/04\/EMEA-Franchise-Shining-Stars-Intent-to-Recommend-Top-Performer-2022-800x554.png 800w, https:\/\/www.stageshotel.com\/wp-content\/uploads\/2025\/04\/EMEA-Franchise-Shining-Stars-Intent-to-Recommend-Top-Performer-2022-18x12.png 18w\" sizes=\"auto, (max-width: 1600px) 100vw, 1600px\" \/><button\n\t\t\tclass=\"lightbox-trigger\"\n\t\t\ttype=\"button\"\n\t\t\taria-haspopup=\"dialog\"\n\t\t\taria-label=\"Zv\u011bt\u0161it\"\n\t\t\tdata-wp-init=\"callbacks.initTriggerButton\"\n\t\t\tdata-wp-on--click=\"actions.showLightbox\"\n\t\t\tdata-wp-style--right=\"state.imageButtonRight\"\n\t\t\tdata-wp-style--top=\"state.imageButtonTop\"\n\t\t>\n\t\t\t<svg xmlns=\"http:\/\/www.w3.org\/2000\/svg\" width=\"12\" height=\"12\" fill=\"none\" viewBox=\"0 0 12 12\">\n\t\t\t\t<path fill=\"#fff\" d=\"M2 0a2 2 0 0 0-2 2v2h1.5V2a.5.5 0 0 1 .5-.5h2V0H2Zm2 10.5H2a.5.5 0 0 1-.5-.5V8H0v2a2 2 0 0 0 2 2h2v-1.5ZM8 12v-1.5h2a.5.5 0 0 0 .5-.5V8H12v2a2 2 0 0 1-2 2H8Zm2-12a2 2 0 0 1 2 2v2h-1.5V2a.5.5 0 0 0-.5-.5H8V0h2Z\" \/>\n\t\t\t<\/svg>\n\t\t<\/button><\/figure>\n<\/div>\n\n\n\n<div class=\"wp-block-column is-layout-flow wp-block-column-is-layout-flow\">\n<h2 class=\"wp-block-heading has-text-align-center\">Hotels Stars EU<\/h2>\n\n\n\n<figure data-wp-context=\"{&quot;imageId&quot;:&quot;69ec38b9a5822&quot;}\" data-wp-interactive=\"core\/image\" data-wp-key=\"69ec38b9a5822\" class=\"wp-block-image size-large wp-lightbox-container\"><img loading=\"lazy\" decoding=\"async\" width=\"1132\" height=\"1600\" data-wp-class--hide=\"state.isContentHidden\" data-wp-class--show=\"state.isContentVisible\" data-wp-init=\"callbacks.setButtonStyles\" data-wp-on--click=\"actions.showLightbox\" data-wp-on--load=\"callbacks.setButtonStyles\" data-wp-on-window--resize=\"callbacks.setButtonStyles\" src=\"https:\/\/www.stageshotel.com\/wp-content\/uploads\/2025\/04\/STAGES-HOTEL-Prague-certifikat-HOTELSTARS-1132x1600.png\" alt=\"\" class=\"wp-image-1206\" srcset=\"https:\/\/www.stageshotel.com\/wp-content\/uploads\/2025\/04\/STAGES-HOTEL-Prague-certifikat-HOTELSTARS-1132x1600.png 1132w, https:\/\/www.stageshotel.com\/wp-content\/uploads\/2025\/04\/STAGES-HOTEL-Prague-certifikat-HOTELSTARS-566x800.png 566w, https:\/\/www.stageshotel.com\/wp-content\/uploads\/2025\/04\/STAGES-HOTEL-Prague-certifikat-HOTELSTARS-8x12.png 8w, https:\/\/www.stageshotel.com\/wp-content\/uploads\/2025\/04\/STAGES-HOTEL-Prague-certifikat-HOTELSTARS.png 1820w\" sizes=\"auto, (max-width: 1132px) 100vw, 1132px\" \/><button\n\t\t\tclass=\"lightbox-trigger\"\n\t\t\ttype=\"button\"\n\t\t\taria-haspopup=\"dialog\"\n\t\t\taria-label=\"Zv\u011bt\u0161it\"\n\t\t\tdata-wp-init=\"callbacks.initTriggerButton\"\n\t\t\tdata-wp-on--click=\"actions.showLightbox\"\n\t\t\tdata-wp-style--right=\"state.imageButtonRight\"\n\t\t\tdata-wp-style--top=\"state.imageButtonTop\"\n\t\t>\n\t\t\t<svg xmlns=\"http:\/\/www.w3.org\/2000\/svg\" width=\"12\" height=\"12\" fill=\"none\" viewBox=\"0 0 12 12\">\n\t\t\t\t<path fill=\"#fff\" d=\"M2 0a2 2 0 0 0-2 2v2h1.5V2a.5.5 0 0 1 .5-.5h2V0H2Zm2 10.5H2a.5.5 0 0 1-.5-.5V8H0v2a2 2 0 0 0 2 2h2v-1.5ZM8 12v-1.5h2a.5.5 0 0 0 .5-.5V8H12v2a2 2 0 0 1-2 2H8Zm2-12a2 2 0 0 1 2 2v2h-1.5V2a.5.5 0 0 0-.5-.5H8V0h2Z\" \/>\n\t\t\t<\/svg>\n\t\t<\/button><\/figure>\n<\/div>\n<\/div>\n\n\n\n<div class=\"wp-block-columns is-layout-flex wp-container-core-columns-is-layout-9d6595d7 wp-block-columns-is-layout-flex\">\n<div class=\"wp-block-column is-layout-flow wp-block-column-is-layout-flow\">\n<h2 class=\"wp-block-heading has-text-align-center\">Gault&amp;Millau<\/h2>\n\n\n\n<figure class=\"wp-block-image size-large\"><img loading=\"lazy\" decoding=\"async\" width=\"1131\" height=\"1600\" src=\"https:\/\/www.stageshotel.com\/wp-content\/uploads\/2026\/01\/GaultMillau-2026-1131x1600.png\" alt=\"\" class=\"wp-image-1616\" srcset=\"https:\/\/www.stageshotel.com\/wp-content\/uploads\/2026\/01\/GaultMillau-2026-1131x1600.png 1131w, https:\/\/www.stageshotel.com\/wp-content\/uploads\/2026\/01\/GaultMillau-2026-566x800.png 566w, https:\/\/www.stageshotel.com\/wp-content\/uploads\/2026\/01\/GaultMillau-2026-8x12.png 8w, https:\/\/www.stageshotel.com\/wp-content\/uploads\/2026\/01\/GaultMillau-2026.png 1414w\" sizes=\"auto, (max-width: 1131px) 100vw, 1131px\" \/><\/figure>\n<\/div>\n\n\n\n<div class=\"wp-block-column is-layout-flow wp-block-column-is-layout-flow\">\n<h2 class=\"wp-block-heading has-text-align-center\">TAKE CARE<\/h2>\n\n\n\n<figure class=\"wp-block-image size-large\"><img loading=\"lazy\" decoding=\"async\" width=\"1600\" height=\"1237\" src=\"https:\/\/www.stageshotel.com\/wp-content\/uploads\/2026\/01\/TakeCare-Certificate-2025-Stages-Hotel-Prague-a-Tribute-Portfolio-Hotel.pdf-1600x1237.png\" alt=\"\" class=\"wp-image-1617\" srcset=\"https:\/\/www.stageshotel.com\/wp-content\/uploads\/2026\/01\/TakeCare-Certificate-2025-Stages-Hotel-Prague-a-Tribute-Portfolio-Hotel.pdf-1600x1237.png 1600w, https:\/\/www.stageshotel.com\/wp-content\/uploads\/2026\/01\/TakeCare-Certificate-2025-Stages-Hotel-Prague-a-Tribute-Portfolio-Hotel.pdf-800x618.png 800w, https:\/\/www.stageshotel.com\/wp-content\/uploads\/2026\/01\/TakeCare-Certificate-2025-Stages-Hotel-Prague-a-Tribute-Portfolio-Hotel.pdf-16x12.png 16w, https:\/\/www.stageshotel.com\/wp-content\/uploads\/2026\/01\/TakeCare-Certificate-2025-Stages-Hotel-Prague-a-Tribute-Portfolio-Hotel.pdf.png 1999w\" sizes=\"auto, (max-width: 1600px) 100vw, 1600px\" \/><\/figure>\n<\/div>\n<\/div>\n\n\n\n<p><\/p>\n","protected":false},"excerpt":{"rendered":"<p>Green Key Intend to recommend Hotels Stars EU Gault&amp;Millau TAKE CARE<\/p>\n","protected":false},"author":4,"featured_media":346,"parent":0,"menu_order":0,"comment_status":"closed","ping_status":"closed","template":"","meta":{"footnotes":""},"class_list":["post-1204","page","type-page","status-publish","has-post-thumbnail","hentry"],"yoast_head":"<!-- This site is optimized with the Yoast SEO plugin v27.3 - https:\/\/yoast.com\/product\/yoast-seo-wordpress\/ -->\n<title>Certifik\u00e1ty a ocen\u011bn\u00ed - STAGES HOTEL Prague<\/title>\n<meta name=\"robots\" content=\"index, follow, max-snippet:-1, max-image-preview:large, max-video-preview:-1\" \/>\n<link rel=\"canonical\" href=\"https:\/\/www.stageshotel.com\/cz\/certifikaty-a-oceneni\/\" \/>\n<meta property=\"og:locale\" content=\"cs_CZ\" \/>\n<meta property=\"og:type\" content=\"article\" \/>\n<meta property=\"og:title\" content=\"Certifik\u00e1ty a ocen\u011bn\u00ed - STAGES HOTEL Prague\" \/>\n<meta property=\"og:description\" content=\"Green Key Intend to recommend Hotels Stars EU Gault&amp;Millau TAKE CARE\" \/>\n<meta property=\"og:url\" content=\"https:\/\/www.stageshotel.com\/cz\/certifikaty-a-oceneni\/\" \/>\n<meta property=\"og:site_name\" content=\"STAGES HOTEL Prague\" \/>\n<meta property=\"article:publisher\" content=\"https:\/\/www.facebook.com\/stageshotelprague\/\" \/>\n<meta property=\"article:modified_time\" content=\"2026-01-29T11:47:49+00:00\" \/>\n<meta property=\"og:image\" content=\"https:\/\/www.stageshotel.com\/wp-content\/uploads\/2024\/03\/Stages-Hotel-Prague-Kontakt-scaled.jpg\" \/>\n\t<meta property=\"og:image:width\" content=\"2560\" \/>\n\t<meta property=\"og:image:height\" content=\"1474\" \/>\n\t<meta property=\"og:image:type\" content=\"image\/jpeg\" \/>\n<meta name=\"twitter:card\" content=\"summary_large_image\" \/>\n<meta name=\"twitter:label1\" content=\"Odhadovan\u00e1 doba \u010dten\u00ed\" \/>\n\t<meta name=\"twitter:data1\" content=\"2 minuty\" \/>\n<script type=\"application\/ld+json\" class=\"yoast-schema-graph\">{\"@context\":\"https:\\\/\\\/schema.org\",\"@graph\":[{\"@type\":\"WebPage\",\"@id\":\"https:\\\/\\\/www.stageshotel.com\\\/certifikaty-a-oceneni\\\/\",\"url\":\"https:\\\/\\\/www.stageshotel.com\\\/certifikaty-a-oceneni\\\/\",\"name\":\"Certifik\u00e1ty a ocen\u011bn\u00ed - STAGES HOTEL Prague\",\"isPartOf\":{\"@id\":\"https:\\\/\\\/www.stageshotel.com\\\/cz\\\/#website\"},\"primaryImageOfPage\":{\"@id\":\"https:\\\/\\\/www.stageshotel.com\\\/certifikaty-a-oceneni\\\/#primaryimage\"},\"image\":{\"@id\":\"https:\\\/\\\/www.stageshotel.com\\\/certifikaty-a-oceneni\\\/#primaryimage\"},\"thumbnailUrl\":\"https:\\\/\\\/www.stageshotel.com\\\/wp-content\\\/uploads\\\/2024\\\/03\\\/Stages-Hotel-Prague-Kontakt-scaled.jpg\",\"datePublished\":\"2025-04-23T12:13:17+00:00\",\"dateModified\":\"2026-01-29T11:47:49+00:00\",\"breadcrumb\":{\"@id\":\"https:\\\/\\\/www.stageshotel.com\\\/certifikaty-a-oceneni\\\/#breadcrumb\"},\"inLanguage\":\"cs\",\"potentialAction\":[{\"@type\":\"ReadAction\",\"target\":[\"https:\\\/\\\/www.stageshotel.com\\\/certifikaty-a-oceneni\\\/\"]}]},{\"@type\":\"ImageObject\",\"inLanguage\":\"cs\",\"@id\":\"https:\\\/\\\/www.stageshotel.com\\\/certifikaty-a-oceneni\\\/#primaryimage\",\"url\":\"https:\\\/\\\/www.stageshotel.com\\\/wp-content\\\/uploads\\\/2024\\\/03\\\/Stages-Hotel-Prague-Kontakt-scaled.jpg\",\"contentUrl\":\"https:\\\/\\\/www.stageshotel.com\\\/wp-content\\\/uploads\\\/2024\\\/03\\\/Stages-Hotel-Prague-Kontakt-scaled.jpg\",\"width\":2560,\"height\":1474,\"caption\":\"Stages Hotel Prague - Kontakt\"},{\"@type\":\"BreadcrumbList\",\"@id\":\"https:\\\/\\\/www.stageshotel.com\\\/certifikaty-a-oceneni\\\/#breadcrumb\",\"itemListElement\":[{\"@type\":\"ListItem\",\"position\":1,\"name\":\"Stages Hotel Prague\",\"item\":\"https:\\\/\\\/www.stageshotel.com\\\/\"},{\"@type\":\"ListItem\",\"position\":2,\"name\":\"Certifik\u00e1ty a ocen\u011bn\u00ed\"}]},{\"@type\":\"WebSite\",\"@id\":\"https:\\\/\\\/www.stageshotel.com\\\/cz\\\/#website\",\"url\":\"https:\\\/\\\/www.stageshotel.com\\\/cz\\\/\",\"name\":\"STAGES HOTEL Prague\",\"description\":\"\",\"publisher\":{\"@id\":\"https:\\\/\\\/www.stageshotel.com\\\/cz\\\/#organization\"},\"potentialAction\":[{\"@type\":\"SearchAction\",\"target\":{\"@type\":\"EntryPoint\",\"urlTemplate\":\"https:\\\/\\\/www.stageshotel.com\\\/cz\\\/?s={search_term_string}\"},\"query-input\":{\"@type\":\"PropertyValueSpecification\",\"valueRequired\":true,\"valueName\":\"search_term_string\"}}],\"inLanguage\":\"cs\"},{\"@type\":\"Organization\",\"@id\":\"https:\\\/\\\/www.stageshotel.com\\\/cz\\\/#organization\",\"name\":\"STAGES HOTEL\",\"url\":\"https:\\\/\\\/www.stageshotel.com\\\/cz\\\/\",\"logo\":{\"@type\":\"ImageObject\",\"inLanguage\":\"cs\",\"@id\":\"https:\\\/\\\/www.stageshotel.com\\\/cz\\\/#\\\/schema\\\/logo\\\/image\\\/\",\"url\":\"https:\\\/\\\/www.stageshotel.com\\\/wp-content\\\/uploads\\\/2024\\\/11\\\/stages-hotel-logo.png\",\"contentUrl\":\"https:\\\/\\\/www.stageshotel.com\\\/wp-content\\\/uploads\\\/2024\\\/11\\\/stages-hotel-logo.png\",\"width\":1536,\"height\":768,\"caption\":\"STAGES HOTEL\"},\"image\":{\"@id\":\"https:\\\/\\\/www.stageshotel.com\\\/cz\\\/#\\\/schema\\\/logo\\\/image\\\/\"},\"sameAs\":[\"https:\\\/\\\/www.facebook.com\\\/stageshotelprague\\\/\",\"https:\\\/\\\/www.instagram.com\\\/stageshotelprague\\\/\"]}]}<\/script>\n<!-- \/ Yoast SEO plugin. -->","yoast_head_json":{"title":"Certifik\u00e1ty a ocen\u011bn\u00ed - STAGES HOTEL Prague","robots":{"index":"index","follow":"follow","max-snippet":"max-snippet:-1","max-image-preview":"max-image-preview:large","max-video-preview":"max-video-preview:-1"},"canonical":"https:\/\/www.stageshotel.com\/cz\/certifikaty-a-oceneni\/","og_locale":"cs_CZ","og_type":"article","og_title":"Certifik\u00e1ty a ocen\u011bn\u00ed - STAGES HOTEL Prague","og_description":"Green Key Intend to recommend Hotels Stars EU Gault&amp;Millau TAKE CARE","og_url":"https:\/\/www.stageshotel.com\/cz\/certifikaty-a-oceneni\/","og_site_name":"STAGES HOTEL Prague","article_publisher":"https:\/\/www.facebook.com\/stageshotelprague\/","article_modified_time":"2026-01-29T11:47:49+00:00","og_image":[{"width":2560,"height":1474,"url":"https:\/\/www.stageshotel.com\/wp-content\/uploads\/2024\/03\/Stages-Hotel-Prague-Kontakt-scaled.jpg","type":"image\/jpeg"}],"twitter_card":"summary_large_image","twitter_misc":{"Odhadovan\u00e1 doba \u010dten\u00ed":"2 minuty"},"schema":{"@context":"https:\/\/schema.org","@graph":[{"@type":"WebPage","@id":"https:\/\/www.stageshotel.com\/certifikaty-a-oceneni\/","url":"https:\/\/www.stageshotel.com\/certifikaty-a-oceneni\/","name":"Certifik\u00e1ty a ocen\u011bn\u00ed - STAGES HOTEL Prague","isPartOf":{"@id":"https:\/\/www.stageshotel.com\/cz\/#website"},"primaryImageOfPage":{"@id":"https:\/\/www.stageshotel.com\/certifikaty-a-oceneni\/#primaryimage"},"image":{"@id":"https:\/\/www.stageshotel.com\/certifikaty-a-oceneni\/#primaryimage"},"thumbnailUrl":"https:\/\/www.stageshotel.com\/wp-content\/uploads\/2024\/03\/Stages-Hotel-Prague-Kontakt-scaled.jpg","datePublished":"2025-04-23T12:13:17+00:00","dateModified":"2026-01-29T11:47:49+00:00","breadcrumb":{"@id":"https:\/\/www.stageshotel.com\/certifikaty-a-oceneni\/#breadcrumb"},"inLanguage":"cs","potentialAction":[{"@type":"ReadAction","target":["https:\/\/www.stageshotel.com\/certifikaty-a-oceneni\/"]}]},{"@type":"ImageObject","inLanguage":"cs","@id":"https:\/\/www.stageshotel.com\/certifikaty-a-oceneni\/#primaryimage","url":"https:\/\/www.stageshotel.com\/wp-content\/uploads\/2024\/03\/Stages-Hotel-Prague-Kontakt-scaled.jpg","contentUrl":"https:\/\/www.stageshotel.com\/wp-content\/uploads\/2024\/03\/Stages-Hotel-Prague-Kontakt-scaled.jpg","width":2560,"height":1474,"caption":"Stages Hotel Prague - Kontakt"},{"@type":"BreadcrumbList","@id":"https:\/\/www.stageshotel.com\/certifikaty-a-oceneni\/#breadcrumb","itemListElement":[{"@type":"ListItem","position":1,"name":"Stages Hotel Prague","item":"https:\/\/www.stageshotel.com\/"},{"@type":"ListItem","position":2,"name":"Certifik\u00e1ty a ocen\u011bn\u00ed"}]},{"@type":"WebSite","@id":"https:\/\/www.stageshotel.com\/cz\/#website","url":"https:\/\/www.stageshotel.com\/cz\/","name":"STAGES HOTEL Prague","description":"","publisher":{"@id":"https:\/\/www.stageshotel.com\/cz\/#organization"},"potentialAction":[{"@type":"SearchAction","target":{"@type":"EntryPoint","urlTemplate":"https:\/\/www.stageshotel.com\/cz\/?s={search_term_string}"},"query-input":{"@type":"PropertyValueSpecification","valueRequired":true,"valueName":"search_term_string"}}],"inLanguage":"cs"},{"@type":"Organization","@id":"https:\/\/www.stageshotel.com\/cz\/#organization","name":"STAGES HOTEL","url":"https:\/\/www.stageshotel.com\/cz\/","logo":{"@type":"ImageObject","inLanguage":"cs","@id":"https:\/\/www.stageshotel.com\/cz\/#\/schema\/logo\/image\/","url":"https:\/\/www.stageshotel.com\/wp-content\/uploads\/2024\/11\/stages-hotel-logo.png","contentUrl":"https:\/\/www.stageshotel.com\/wp-content\/uploads\/2024\/11\/stages-hotel-logo.png","width":1536,"height":768,"caption":"STAGES HOTEL"},"image":{"@id":"https:\/\/www.stageshotel.com\/cz\/#\/schema\/logo\/image\/"},"sameAs":["https:\/\/www.facebook.com\/stageshotelprague\/","https:\/\/www.instagram.com\/stageshotelprague\/"]}]}},"_links":{"self":[{"href":"https:\/\/www.stageshotel.com\/cz\/wp-json\/wp\/v2\/pages\/1204","targetHints":{"allow":["GET"]}}],"collection":[{"href":"https:\/\/www.stageshotel.com\/cz\/wp-json\/wp\/v2\/pages"}],"about":[{"href":"https:\/\/www.stageshotel.com\/cz\/wp-json\/wp\/v2\/types\/page"}],"author":[{"embeddable":true,"href":"https:\/\/www.stageshotel.com\/cz\/wp-json\/wp\/v2\/users\/4"}],"replies":[{"embeddable":true,"href":"https:\/\/www.stageshotel.com\/cz\/wp-json\/wp\/v2\/comments?post=1204"}],"version-history":[{"count":6,"href":"https:\/\/www.stageshotel.com\/cz\/wp-json\/wp\/v2\/pages\/1204\/revisions"}],"predecessor-version":[{"id":1619,"href":"https:\/\/www.stageshotel.com\/cz\/wp-json\/wp\/v2\/pages\/1204\/revisions\/1619"}],"wp:featuredmedia":[{"embeddable":true,"href":"https:\/\/www.stageshotel.com\/cz\/wp-json\/wp\/v2\/media\/346"}],"wp:attachment":[{"href":"https:\/\/www.stageshotel.com\/cz\/wp-json\/wp\/v2\/media?parent=1204"}],"curies":[{"name":"wp","href":"https:\/\/api.w.org\/{rel}","templated":true}]}}