{"id":21,"date":"2024-03-17T21:12:23","date_gmt":"2024-03-17T20:12:23","guid":{"rendered":"https:\/\/www.stageshotel.com\/?page_id=21"},"modified":"2025-01-02T00:01:01","modified_gmt":"2025-01-01T23:01:01","slug":"stages-hotel-prague-a-tribute-portfolio-hotel","status":"publish","type":"page","link":"https:\/\/www.stageshotel.com\/cz\/","title":{"rendered":"STAGES HOTEL Prague"},"content":{"rendered":"\n<div class=\"wp-block-cover has-parallax has-custom-content-position is-position-bottom-center intro\" style=\"min-height:100vh;aspect-ratio:unset;\"><span aria-hidden=\"true\" class=\"wp-block-cover__background has-background-dim-0 has-background-dim\"><\/span><div role=\"img\" aria-label=\"STAGES HOTEL Prague STAGES HOTEL Praha 9\" class=\"wp-block-cover__image-background wp-image-678 has-parallax\" style=\"background-position:50% 50%;background-image:url(https:\/\/www.stageshotel.com\/wp-content\/uploads\/2024\/04\/STAGES-HOTEL-Prague-STAGES-HOTEL-Praha-9-fx.webp)\"><\/div><div class=\"wp-block-cover__inner-container is-layout-constrained wp-block-cover-is-layout-constrained\">\n<h1 class=\"wp-block-heading has-text-align-center\">STAGES HOTEL Prague<\/h1>\n\n\n\n<h2 class=\"wp-block-heading has-text-align-center\">Unik\u00e1tn\u00ed designov\u00fd hotel v Praze vedle O<sub>2<\/sub> areny &amp; O<sub>2<\/sub> universum<\/h2>\n<\/div><\/div>\n\n\n\n<div class=\"wp-block-media-text alignwide has-media-on-the-right is-stacked-on-mobile is-image-fill-element\"><div class=\"wp-block-media-text__content\">\n<h2 class=\"wp-block-heading\">Modern\u00ed lifestylov\u00fd STAGES HOTEL Prague kde ka\u017ed\u00fd detail spojuje l\u00e1sku k hudb\u011b, designu a sportu<\/h2>\n\n\n\n<ul class=\"wp-block-list\">\n<li>300 stylov\u00fdch pokoj\u016f v\u010detn\u011b 27 apartm\u00e1<\/li>\n\n\n\n<li>6 v\u00edce\u00fa\u010delov\u00fdch konferen\u010dn\u00edch m\u00edstnost\u00ed<\/li>\n\n\n\n<li>Unik\u00e1tn\u00ed BACKSTAGE BAR s venkovn\u00ed terasou a vnit\u0159n\u00edm atriem<\/li>\n\n\n\n<li>BACKSTAGE RESTAURANT \u2013 modern\u00ed z\u00e1\u017eitkov\u00e1 restaurace s otev\u0159enou kuchyn\u00ed<\/li>\n\n\n\n<li>Music Lounge<\/li>\n\n\n\n<li>Fitness centrum<\/li>\n\n\n\n<li>Parkov\u00e1n\u00ed a\u017e pro 100 vozidel<\/li>\n<\/ul>\n\n\n\n<div class=\"wp-block-buttons is-layout-flex wp-block-buttons-is-layout-flex\">\n<div class=\"wp-block-button\"><a class=\"wp-block-button__link wp-element-button\" href=\"https:\/\/www.stageshotel.com\/hotel\/o-nas\/\">O hotelu<\/a><\/div>\n\n\n\n<div class=\"wp-block-button btnalt rezervovat\"><a class=\"wp-block-button__link wp-element-button\" href=\"https:\/\/www.marriott.com\/hotels\/travel\/prgtx-stages-hotel-prague-a-tribute-portfolio-hotel\/\" target=\"_blank\" rel=\"noreferrer noopener\">Rezervovat<\/a><\/div>\n<\/div>\n<\/div><figure class=\"wp-block-media-text__media\"><a href=\"https:\/\/www.stageshotel.com\/wp-content\/uploads\/2024\/03\/Stages-Hotel-Prague-Hotel-Praha-interier-02.jpg\"><img loading=\"lazy\" decoding=\"async\" width=\"1500\" height=\"1000\" src=\"https:\/\/www.stageshotel.com\/wp-content\/uploads\/2024\/03\/Stages-Hotel-Prague-Hotel-Praha-interier-02.jpg\" alt=\"Stages Hotel Prague - Hotel Praha interi\u00e9r 02\" class=\"wp-image-270 size-medium\" style=\"object-position:50% 50%\" srcset=\"https:\/\/www.stageshotel.com\/wp-content\/uploads\/2024\/03\/Stages-Hotel-Prague-Hotel-Praha-interier-02.jpg 1500w, https:\/\/www.stageshotel.com\/wp-content\/uploads\/2024\/03\/Stages-Hotel-Prague-Hotel-Praha-interier-02-800x533.jpg 800w\" sizes=\"auto, (max-width: 1500px) 100vw, 1500px\" \/><\/a><\/figure><\/div>\n\n\n\n<div class=\"wp-block-media-text alignwide is-stacked-on-mobile is-image-fill-element\"><figure class=\"wp-block-media-text__media\"><a href=\"https:\/\/www.stageshotel.com\/wp-content\/uploads\/2024\/03\/Stages-Hotel-Prague-Pokoje-Praha-24.jpg\"><img loading=\"lazy\" decoding=\"async\" width=\"1600\" height=\"1067\" src=\"https:\/\/www.stageshotel.com\/wp-content\/uploads\/2024\/03\/Stages-Hotel-Prague-Pokoje-Praha-24-1600x1067.jpg\" alt=\"Stages Hotel Prague - Pokoje Praha 24\" class=\"wp-image-307 size-full\" style=\"object-position:50% 50%\" srcset=\"https:\/\/www.stageshotel.com\/wp-content\/uploads\/2024\/03\/Stages-Hotel-Prague-Pokoje-Praha-24-1600x1067.jpg 1600w, https:\/\/www.stageshotel.com\/wp-content\/uploads\/2024\/03\/Stages-Hotel-Prague-Pokoje-Praha-24-800x533.jpg 800w, https:\/\/www.stageshotel.com\/wp-content\/uploads\/2024\/03\/Stages-Hotel-Prague-Pokoje-Praha-24.jpg 1920w\" sizes=\"auto, (max-width: 1600px) 100vw, 1600px\" \/><\/a><\/figure><div class=\"wp-block-media-text__content\">\n<h2 class=\"wp-block-heading\">Modern\u00ed pokoje a apartm\u00e1 p\u0159\u00edmo vedle O<sub>2<\/sub>&nbsp;areny<\/h2>\n\n\n\n<p>Sta\u0148te se hv\u011bzdou v z\u00e1\u0159i reflektor\u016f STAGES HOTEL Prague. Na\u0161e stylov\u00e9, designov\u00e9 pokoje v sob\u011b nejen kombinuj\u00ed v\u00fdrazn\u00e9 industri\u00e1ln\u00ed prvky, ale z\u00e1rove\u0148 jsou lad\u011bn\u00e9 do tepl\u00fdch barev tak, aby se u n\u00e1s host\u00e9 c\u00edtili uvoln\u011bn\u011b a pohodln\u011b.&nbsp;<\/p>\n\n\n\n<p>M\u00e1te v pl\u00e1nu nav\u0161t\u00edvit koncert nebo sportovn\u00ed utk\u00e1n\u00ed v O<sub>2<\/sub>&nbsp;aren\u011b? Rezervujte si sv\u016fj pokoj v STAGES HOTEL Prague a vyberte si mezi fialov\u00fdm, modr\u00fdm, \u017elut\u00fdm a zelen\u00fdm patrem a jen relaxujte.<\/p>\n\n\n\n<div class=\"wp-block-buttons is-layout-flex wp-block-buttons-is-layout-flex\">\n<div class=\"wp-block-button\"><a class=\"wp-block-button__link wp-element-button\" href=\"https:\/\/www.stageshotel.com\/pokoje\/\">Pokoje<\/a><\/div>\n\n\n\n<div class=\"wp-block-button btnalt rezervovat\"><a class=\"wp-block-button__link wp-element-button\" href=\"https:\/\/www.stageshotel.com\/pokoje\/\">Rezervovat<\/a><\/div>\n<\/div>\n<\/div><\/div>\n\n\n\n<div class=\"wp-block-media-text alignwide has-media-on-the-right is-stacked-on-mobile is-image-fill-element\"><div class=\"wp-block-media-text__content\">\n<figure class=\"wp-block-image size-full p50\"><img loading=\"lazy\" decoding=\"async\" width=\"746\" height=\"85\" src=\"https:\/\/www.stageshotel.com\/wp-content\/uploads\/2024\/03\/BACKSTAGE-RESTAURANT-logo.png\" alt=\"BACKSTAGE RESTAURANT logo\" class=\"wp-image-421\" style=\"object-fit:cover\"\/><\/figure>\n\n\n\n<p>Stylov\u00fd BACKSTAGE RESTAURANT s prostornou otev\u0159enou kuchyn\u00ed.<\/p>\n\n\n\n<p>Jdete s p\u0159\u00e1teli na koncert nebo sportovn\u00ed utk\u00e1n\u00ed do O<sub>2<\/sub>&nbsp;areny? Pak si p\u0159ij\u010fte u\u017e\u00edt n\u00e1\u0161 stylov\u00fd, z\u00e1\u017eitkov\u00fd BACKSTAGE RESTAURANT s pestrou nab\u00eddkou delikates p\u0159ipraven\u00fdch t\u00fdmem Executive \u0160\u00e9fkucha\u0159e Daniela Bene\u0161e.<\/p>\n\n\n\n<div class=\"wp-block-buttons is-layout-flex wp-block-buttons-is-layout-flex\">\n<div class=\"wp-block-button\"><a class=\"wp-block-button__link wp-element-button\" href=\"https:\/\/www.stageshotel.com\/restaurace\/\">Restaurace<\/a><\/div>\n<\/div>\n<\/div><figure class=\"wp-block-media-text__media\"><a href=\"https:\/\/www.stageshotel.com\/wp-content\/uploads\/2024\/03\/TP_PRGTX_Bar_02.jpg\"><img loading=\"lazy\" decoding=\"async\" width=\"800\" height=\"533\" src=\"https:\/\/www.stageshotel.com\/wp-content\/uploads\/2024\/03\/TP_PRGTX_Bar_02-800x533.jpg\" alt=\"Hotel Stages\" class=\"wp-image-350 size-medium\" style=\"object-position:50% 50%\" srcset=\"https:\/\/www.stageshotel.com\/wp-content\/uploads\/2024\/03\/TP_PRGTX_Bar_02-800x533.jpg 800w, https:\/\/www.stageshotel.com\/wp-content\/uploads\/2024\/03\/TP_PRGTX_Bar_02-1600x1067.jpg 1600w\" sizes=\"auto, (max-width: 800px) 100vw, 800px\" \/><\/a><\/figure><\/div>\n\n\n\n<div class=\"wp-block-media-text alignwide is-stacked-on-mobile is-image-fill-element\"><figure class=\"wp-block-media-text__media\"><a href=\"https:\/\/www.stageshotel.com\/wp-content\/uploads\/2024\/03\/Stages-Hotel-Prague-Hotel-Praha-exterier-03.jpg\"><img loading=\"lazy\" decoding=\"async\" width=\"1600\" height=\"1067\" src=\"https:\/\/www.stageshotel.com\/wp-content\/uploads\/2024\/03\/Stages-Hotel-Prague-Hotel-Praha-exterier-03-1600x1067.jpg\" alt=\"Stages Hotel Prague - Hotel Praha exteri\u00e9r 03\" class=\"wp-image-255 size-medium\" style=\"object-position:50% 50%\" srcset=\"https:\/\/www.stageshotel.com\/wp-content\/uploads\/2024\/03\/Stages-Hotel-Prague-Hotel-Praha-exterier-03-1600x1067.jpg 1600w, https:\/\/www.stageshotel.com\/wp-content\/uploads\/2024\/03\/Stages-Hotel-Prague-Hotel-Praha-exterier-03-800x533.jpg 800w, https:\/\/www.stageshotel.com\/wp-content\/uploads\/2024\/03\/Stages-Hotel-Prague-Hotel-Praha-exterier-03.jpg 1920w\" sizes=\"auto, (max-width: 1600px) 100vw, 1600px\" \/><\/a><\/figure><div class=\"wp-block-media-text__content\">\n<h2 class=\"wp-block-heading\">STAGES HOTEL Prague,<br>a Tribute Portfolio Hotel<\/h2>\n\n\n\n<p>\u010ceskomoravsk\u00e1 19a<br>Praha 9, 190 00<\/p>\n\n\n\n<p class=\"has-luminous-vivid-amber-color has-text-color has-link-color wp-elements-bb665526e3e84a866322aa0f936ceb17\"><span style=\"text-decoration: underline;\"><a href=\"https:\/\/www.stageshotel.com\/wp-content\/uploads\/METRO_final_CZ.pdf\">Uz\u00e1v\u011brka metra od 1. ledna 2025<\/a> \u2197<\/span><\/p>\n\n\n\n<p>Telefon: +420 221 000 000<br>Email: <a href=\"mailto:frontoffice@stageshotel.com\">frontoffice@stageshotel.com<\/a><\/p>\n\n\n\n<div class=\"wp-block-buttons is-layout-flex wp-block-buttons-is-layout-flex\">\n<div class=\"wp-block-button\"><a class=\"wp-block-button__link wp-element-button\" href=\"https:\/\/www.stageshotel.com\/kontakt\/\">V\u0161echny kontakty<\/a><\/div>\n<\/div>\n<\/div><\/div>\n","protected":false},"excerpt":{"rendered":"","protected":false},"author":1,"featured_media":252,"parent":6,"menu_order":0,"comment_status":"closed","ping_status":"closed","template":"","meta":{"footnotes":""},"class_list":["post-21","page","type-page","status-publish","has-post-thumbnail","hentry"],"yoast_head":"<!-- This site is optimized with the Yoast SEO plugin v27.3 - https:\/\/yoast.com\/product\/yoast-seo-wordpress\/ -->\n<title>STAGES HOTEL Prague, hotel O2 arena Praha<\/title>\n<meta name=\"description\" content=\"Unik\u00e1tn\u00ed designov\u00fd hotel v Praze 9. Modern\u00ed lifestylov\u00fd STAGES HOTEL Prague kde ka\u017ed\u00fd detail spojuje l\u00e1sku k hudb\u011b, designu a sportu.\" \/>\n<meta name=\"robots\" content=\"index, follow, max-snippet:-1, max-image-preview:large, max-video-preview:-1\" \/>\n<link rel=\"canonical\" href=\"https:\/\/www.stageshotel.com\/cz\/\" \/>\n<meta property=\"og:locale\" content=\"cs_CZ\" \/>\n<meta property=\"og:type\" content=\"article\" \/>\n<meta property=\"og:title\" content=\"STAGES HOTEL Prague, hotel O2 arena Praha\" \/>\n<meta property=\"og:description\" content=\"Unik\u00e1tn\u00ed designov\u00fd hotel v Praze 9. Modern\u00ed lifestylov\u00fd STAGES HOTEL Prague kde ka\u017ed\u00fd detail spojuje l\u00e1sku k hudb\u011b, designu a sportu.\" \/>\n<meta property=\"og:url\" content=\"https:\/\/www.stageshotel.com\/cz\/\" \/>\n<meta property=\"og:site_name\" content=\"STAGES HOTEL Prague\" \/>\n<meta property=\"article:publisher\" content=\"https:\/\/www.facebook.com\/stageshotelprague\/\" \/>\n<meta property=\"article:modified_time\" content=\"2025-01-01T23:01:01+00:00\" \/>\n<meta property=\"og:image\" content=\"https:\/\/www.stageshotel.com\/wp-content\/uploads\/2024\/03\/Stages-Hotel-Prague-Hotel-Praha-exterier-06.jpg\" \/>\n\t<meta property=\"og:image:width\" content=\"1500\" \/>\n\t<meta property=\"og:image:height\" content=\"1000\" \/>\n\t<meta property=\"og:image:type\" content=\"image\/jpeg\" \/>\n<meta name=\"twitter:card\" content=\"summary_large_image\" \/>\n<meta name=\"twitter:label1\" content=\"Odhadovan\u00e1 doba \u010dten\u00ed\" \/>\n\t<meta name=\"twitter:data1\" content=\"1 minuta\" \/>\n<script type=\"application\/ld+json\" class=\"yoast-schema-graph\">{\"@context\":\"https:\\\/\\\/schema.org\",\"@graph\":[{\"@type\":\"WebPage\",\"@id\":\"https:\\\/\\\/www.stageshotel.com\\\/\",\"url\":\"https:\\\/\\\/www.stageshotel.com\\\/\",\"name\":\"STAGES HOTEL Prague, hotel O2 arena Praha\",\"isPartOf\":{\"@id\":\"https:\\\/\\\/www.stageshotel.com\\\/cz\\\/#website\"},\"primaryImageOfPage\":{\"@id\":\"https:\\\/\\\/www.stageshotel.com\\\/#primaryimage\"},\"image\":{\"@id\":\"https:\\\/\\\/www.stageshotel.com\\\/#primaryimage\"},\"thumbnailUrl\":\"https:\\\/\\\/www.stageshotel.com\\\/wp-content\\\/uploads\\\/2024\\\/03\\\/Stages-Hotel-Prague-Hotel-Praha-exterier-06.jpg\",\"datePublished\":\"2024-03-17T20:12:23+00:00\",\"dateModified\":\"2025-01-01T23:01:01+00:00\",\"description\":\"Unik\u00e1tn\u00ed designov\u00fd hotel v Praze 9. Modern\u00ed lifestylov\u00fd STAGES HOTEL Prague kde ka\u017ed\u00fd detail spojuje l\u00e1sku k hudb\u011b, designu a sportu.\",\"breadcrumb\":{\"@id\":\"https:\\\/\\\/www.stageshotel.com\\\/#breadcrumb\"},\"inLanguage\":\"cs\",\"potentialAction\":[{\"@type\":\"ReadAction\",\"target\":[\"https:\\\/\\\/www.stageshotel.com\\\/\"]}]},{\"@type\":\"ImageObject\",\"inLanguage\":\"cs\",\"@id\":\"https:\\\/\\\/www.stageshotel.com\\\/#primaryimage\",\"url\":\"https:\\\/\\\/www.stageshotel.com\\\/wp-content\\\/uploads\\\/2024\\\/03\\\/Stages-Hotel-Prague-Hotel-Praha-exterier-06.jpg\",\"contentUrl\":\"https:\\\/\\\/www.stageshotel.com\\\/wp-content\\\/uploads\\\/2024\\\/03\\\/Stages-Hotel-Prague-Hotel-Praha-exterier-06.jpg\",\"width\":1500,\"height\":1000,\"caption\":\"Stages Hotel Prague - Hotel Praha exteri\u00e9r 06\"},{\"@type\":\"BreadcrumbList\",\"@id\":\"https:\\\/\\\/www.stageshotel.com\\\/#breadcrumb\",\"itemListElement\":[{\"@type\":\"ListItem\",\"position\":1,\"name\":\"Stages Hotel Prague\",\"item\":\"https:\\\/\\\/www.stageshotel.com\\\/\"},{\"@type\":\"ListItem\",\"position\":2,\"name\":\"V\u00edtejte v z\u00e1\u0159i reflektor\u016f STAGES HOTEL Prague\",\"item\":\"https:\\\/\\\/www.stageshotel.com\\\/hotel\\\/\"},{\"@type\":\"ListItem\",\"position\":3,\"name\":\"STAGES HOTEL Prague\"}]},{\"@type\":\"WebSite\",\"@id\":\"https:\\\/\\\/www.stageshotel.com\\\/cz\\\/#website\",\"url\":\"https:\\\/\\\/www.stageshotel.com\\\/cz\\\/\",\"name\":\"STAGES HOTEL Prague\",\"description\":\"\",\"publisher\":{\"@id\":\"https:\\\/\\\/www.stageshotel.com\\\/cz\\\/#organization\"},\"potentialAction\":[{\"@type\":\"SearchAction\",\"target\":{\"@type\":\"EntryPoint\",\"urlTemplate\":\"https:\\\/\\\/www.stageshotel.com\\\/cz\\\/?s={search_term_string}\"},\"query-input\":{\"@type\":\"PropertyValueSpecification\",\"valueRequired\":true,\"valueName\":\"search_term_string\"}}],\"inLanguage\":\"cs\"},{\"@type\":\"Organization\",\"@id\":\"https:\\\/\\\/www.stageshotel.com\\\/cz\\\/#organization\",\"name\":\"STAGES HOTEL\",\"url\":\"https:\\\/\\\/www.stageshotel.com\\\/cz\\\/\",\"logo\":{\"@type\":\"ImageObject\",\"inLanguage\":\"cs\",\"@id\":\"https:\\\/\\\/www.stageshotel.com\\\/cz\\\/#\\\/schema\\\/logo\\\/image\\\/\",\"url\":\"https:\\\/\\\/www.stageshotel.com\\\/wp-content\\\/uploads\\\/2024\\\/11\\\/stages-hotel-logo.png\",\"contentUrl\":\"https:\\\/\\\/www.stageshotel.com\\\/wp-content\\\/uploads\\\/2024\\\/11\\\/stages-hotel-logo.png\",\"width\":1536,\"height\":768,\"caption\":\"STAGES HOTEL\"},\"image\":{\"@id\":\"https:\\\/\\\/www.stageshotel.com\\\/cz\\\/#\\\/schema\\\/logo\\\/image\\\/\"},\"sameAs\":[\"https:\\\/\\\/www.facebook.com\\\/stageshotelprague\\\/\",\"https:\\\/\\\/www.instagram.com\\\/stageshotelprague\\\/\"]}]}<\/script>\n<!-- \/ Yoast SEO plugin. -->","yoast_head_json":{"title":"STAGES HOTEL Prague, hotel O2 arena Praha","description":"Unik\u00e1tn\u00ed designov\u00fd hotel v Praze 9. Modern\u00ed lifestylov\u00fd STAGES HOTEL Prague kde ka\u017ed\u00fd detail spojuje l\u00e1sku k hudb\u011b, designu a sportu.","robots":{"index":"index","follow":"follow","max-snippet":"max-snippet:-1","max-image-preview":"max-image-preview:large","max-video-preview":"max-video-preview:-1"},"canonical":"https:\/\/www.stageshotel.com\/cz\/","og_locale":"cs_CZ","og_type":"article","og_title":"STAGES HOTEL Prague, hotel O2 arena Praha","og_description":"Unik\u00e1tn\u00ed designov\u00fd hotel v Praze 9. Modern\u00ed lifestylov\u00fd STAGES HOTEL Prague kde ka\u017ed\u00fd detail spojuje l\u00e1sku k hudb\u011b, designu a sportu.","og_url":"https:\/\/www.stageshotel.com\/cz\/","og_site_name":"STAGES HOTEL Prague","article_publisher":"https:\/\/www.facebook.com\/stageshotelprague\/","article_modified_time":"2025-01-01T23:01:01+00:00","og_image":[{"width":1500,"height":1000,"url":"https:\/\/www.stageshotel.com\/wp-content\/uploads\/2024\/03\/Stages-Hotel-Prague-Hotel-Praha-exterier-06.jpg","type":"image\/jpeg"}],"twitter_card":"summary_large_image","twitter_misc":{"Odhadovan\u00e1 doba \u010dten\u00ed":"1 minuta"},"schema":{"@context":"https:\/\/schema.org","@graph":[{"@type":"WebPage","@id":"https:\/\/www.stageshotel.com\/","url":"https:\/\/www.stageshotel.com\/","name":"STAGES HOTEL Prague, hotel O2 arena Praha","isPartOf":{"@id":"https:\/\/www.stageshotel.com\/cz\/#website"},"primaryImageOfPage":{"@id":"https:\/\/www.stageshotel.com\/#primaryimage"},"image":{"@id":"https:\/\/www.stageshotel.com\/#primaryimage"},"thumbnailUrl":"https:\/\/www.stageshotel.com\/wp-content\/uploads\/2024\/03\/Stages-Hotel-Prague-Hotel-Praha-exterier-06.jpg","datePublished":"2024-03-17T20:12:23+00:00","dateModified":"2025-01-01T23:01:01+00:00","description":"Unik\u00e1tn\u00ed designov\u00fd hotel v Praze 9. Modern\u00ed lifestylov\u00fd STAGES HOTEL Prague kde ka\u017ed\u00fd detail spojuje l\u00e1sku k hudb\u011b, designu a sportu.","breadcrumb":{"@id":"https:\/\/www.stageshotel.com\/#breadcrumb"},"inLanguage":"cs","potentialAction":[{"@type":"ReadAction","target":["https:\/\/www.stageshotel.com\/"]}]},{"@type":"ImageObject","inLanguage":"cs","@id":"https:\/\/www.stageshotel.com\/#primaryimage","url":"https:\/\/www.stageshotel.com\/wp-content\/uploads\/2024\/03\/Stages-Hotel-Prague-Hotel-Praha-exterier-06.jpg","contentUrl":"https:\/\/www.stageshotel.com\/wp-content\/uploads\/2024\/03\/Stages-Hotel-Prague-Hotel-Praha-exterier-06.jpg","width":1500,"height":1000,"caption":"Stages Hotel Prague - Hotel Praha exteri\u00e9r 06"},{"@type":"BreadcrumbList","@id":"https:\/\/www.stageshotel.com\/#breadcrumb","itemListElement":[{"@type":"ListItem","position":1,"name":"Stages Hotel Prague","item":"https:\/\/www.stageshotel.com\/"},{"@type":"ListItem","position":2,"name":"V\u00edtejte v z\u00e1\u0159i reflektor\u016f STAGES HOTEL Prague","item":"https:\/\/www.stageshotel.com\/hotel\/"},{"@type":"ListItem","position":3,"name":"STAGES HOTEL Prague"}]},{"@type":"WebSite","@id":"https:\/\/www.stageshotel.com\/cz\/#website","url":"https:\/\/www.stageshotel.com\/cz\/","name":"STAGES HOTEL Prague","description":"","publisher":{"@id":"https:\/\/www.stageshotel.com\/cz\/#organization"},"potentialAction":[{"@type":"SearchAction","target":{"@type":"EntryPoint","urlTemplate":"https:\/\/www.stageshotel.com\/cz\/?s={search_term_string}"},"query-input":{"@type":"PropertyValueSpecification","valueRequired":true,"valueName":"search_term_string"}}],"inLanguage":"cs"},{"@type":"Organization","@id":"https:\/\/www.stageshotel.com\/cz\/#organization","name":"STAGES HOTEL","url":"https:\/\/www.stageshotel.com\/cz\/","logo":{"@type":"ImageObject","inLanguage":"cs","@id":"https:\/\/www.stageshotel.com\/cz\/#\/schema\/logo\/image\/","url":"https:\/\/www.stageshotel.com\/wp-content\/uploads\/2024\/11\/stages-hotel-logo.png","contentUrl":"https:\/\/www.stageshotel.com\/wp-content\/uploads\/2024\/11\/stages-hotel-logo.png","width":1536,"height":768,"caption":"STAGES HOTEL"},"image":{"@id":"https:\/\/www.stageshotel.com\/cz\/#\/schema\/logo\/image\/"},"sameAs":["https:\/\/www.facebook.com\/stageshotelprague\/","https:\/\/www.instagram.com\/stageshotelprague\/"]}]}},"_links":{"self":[{"href":"https:\/\/www.stageshotel.com\/cz\/wp-json\/wp\/v2\/pages\/21","targetHints":{"allow":["GET"]}}],"collection":[{"href":"https:\/\/www.stageshotel.com\/cz\/wp-json\/wp\/v2\/pages"}],"about":[{"href":"https:\/\/www.stageshotel.com\/cz\/wp-json\/wp\/v2\/types\/page"}],"author":[{"embeddable":true,"href":"https:\/\/www.stageshotel.com\/cz\/wp-json\/wp\/v2\/users\/1"}],"replies":[{"embeddable":true,"href":"https:\/\/www.stageshotel.com\/cz\/wp-json\/wp\/v2\/comments?post=21"}],"version-history":[{"count":7,"href":"https:\/\/www.stageshotel.com\/cz\/wp-json\/wp\/v2\/pages\/21\/revisions"}],"predecessor-version":[{"id":1462,"href":"https:\/\/www.stageshotel.com\/cz\/wp-json\/wp\/v2\/pages\/21\/revisions\/1462"}],"up":[{"embeddable":true,"href":"https:\/\/www.stageshotel.com\/cz\/wp-json\/wp\/v2\/pages\/6"}],"wp:featuredmedia":[{"embeddable":true,"href":"https:\/\/www.stageshotel.com\/cz\/wp-json\/wp\/v2\/media\/252"}],"wp:attachment":[{"href":"https:\/\/www.stageshotel.com\/cz\/wp-json\/wp\/v2\/media?parent=21"}],"curies":[{"name":"wp","href":"https:\/\/api.w.org\/{rel}","templated":true}]}}