{"id":51,"date":"2024-03-17T21:28:40","date_gmt":"2024-03-17T20:28:40","guid":{"rendered":"https:\/\/www.stageshotel.com\/?page_id=51"},"modified":"2026-03-30T08:29:32","modified_gmt":"2026-03-30T06:29:32","slug":"kontakt","status":"publish","type":"page","link":"https:\/\/www.stageshotel.com\/cz\/kontakt\/","title":{"rendered":"Kontakty"},"content":{"rendered":"\n<div class=\"wp-block-media-text has-media-on-the-right is-stacked-on-mobile is-image-fill-element zeropad\"><div class=\"wp-block-media-text__content\">\n<h2 class=\"wp-block-heading\">STAGES HOTEL Prague, a Tribute Portfolio hotel<\/h2>\n\n\n\n<p>STAGES HOTEL Prague, a Tribute Portfolio Hotel<br>\u010ceskomoravsk\u00e1 19a Praha 9, 190 00<\/p>\n\n\n\n<p><\/p>\n\n\n\n<p><strong>Telefon:<\/strong>&nbsp;<a href=\"tel:+420 221 000 000\">+420 221 000 000<\/a><br><strong>Email:<\/strong>&nbsp;<a href=\"mailto:frontoffice@stageshotel.com\" target=\"_blank\" rel=\"noreferrer noopener\">frontoffice@stageshotel.com<\/a><\/p>\n\n\n\n<div class=\"wp-block-buttons is-layout-flex wp-block-buttons-is-layout-flex\">\n<div class=\"wp-block-button\"><a class=\"wp-block-button__link wp-element-button\" href=\"https:\/\/www.google.com\/maps\/place\/STAGES+HOTEL+Prague\/@50.104246,14.4960506,15z\/data=!4m2!3m1!1s0x0:0x53be9438aa16243a?sa=X&amp;ved=2ahUKEwjZ8uv2sq70AhUSyaQKHSf7CY0Q_BJ6BAhMEAU\" target=\"_blank\" rel=\"noreferrer noopener\">Google mapa<\/a><\/div>\n<\/div>\n<\/div><figure class=\"wp-block-media-text__media\"><img loading=\"lazy\" decoding=\"async\" width=\"1600\" height=\"1067\" src=\"https:\/\/www.stageshotel.com\/wp-content\/uploads\/2024\/03\/Stages-Hotel-Prague-Hotel-Praha-exterier-04-1600x1067.jpg\" alt=\"Stages Hotel Prague - Hotel Praha exteri\u00e9r 04\" class=\"wp-image-254 size-full\" style=\"object-position:50% 50%\" srcset=\"https:\/\/www.stageshotel.com\/wp-content\/uploads\/2024\/03\/Stages-Hotel-Prague-Hotel-Praha-exterier-04-1600x1067.jpg 1600w, https:\/\/www.stageshotel.com\/wp-content\/uploads\/2024\/03\/Stages-Hotel-Prague-Hotel-Praha-exterier-04-800x533.jpg 800w, https:\/\/www.stageshotel.com\/wp-content\/uploads\/2024\/03\/Stages-Hotel-Prague-Hotel-Praha-exterier-04.jpg 1920w\" sizes=\"auto, (max-width: 1600px) 100vw, 1600px\" \/><\/figure><\/div>\n\n\n\n<div style=\"height:5rem\" aria-hidden=\"true\" class=\"wp-block-spacer\"><\/div>\n\n\n\n<div class=\"wp-block-columns is-layout-flex wp-container-core-columns-is-layout-9d6595d7 wp-block-columns-is-layout-flex\">\n<div class=\"wp-block-column is-layout-flow wp-block-column-is-layout-flow\">\n<h3 class=\"wp-block-heading\">Individu\u00e1ln\u00ed rezervace pokoj\u016f<\/h3>\n\n\n\n<p><strong>Telefon:<\/strong>&nbsp;<a href=\"tel:+420 221 000 888\">+420 221 000 888<\/a><br><strong>Email:<\/strong>&nbsp;<a href=\"mailto:%20reservations@stageshotel.com\" target=\"_blank\" rel=\"noreferrer noopener\">reservations@stageshotel.com<\/a><\/p>\n\n\n\n<div class=\"wp-block-buttons is-layout-flex wp-block-buttons-is-layout-flex\">\n<div class=\"wp-block-button rezervovat\"><a class=\"wp-block-button__link wp-element-button\" href=\"https:\/\/www.marriott.com\/hotels\/travel\/prgtx-stages-hotel-prague-a-tribute-portfolio-hotel\/\" target=\"_blank\" rel=\"noreferrer noopener\">Rezervovat<\/a><\/div>\n<\/div>\n<\/div>\n\n\n\n<div class=\"wp-block-column is-layout-flow wp-block-column-is-layout-flow\">\n<h3 class=\"wp-block-heading\">BACKSTAGE RESTAURANT rezervace stol\u016f<\/h3>\n\n\n\n<p><strong>Telefon:<\/strong>&nbsp;<a href=\"tel:+420 221 000 151\">+420 221 000 151<\/a><br><strong>Email:<\/strong>&nbsp;<a href=\"mailto:%20info@backstagerestaurant.cz\" target=\"_blank\" rel=\"noreferrer noopener\">info@backstagerestaurant.cz<\/a><\/p>\n\n\n\n<div class=\"wp-block-buttons is-layout-flex wp-block-buttons-is-layout-flex\">\n<div class=\"wp-block-button rezervovat\"><a class=\"wp-block-button__link wp-element-button\" href=\"https:\/\/www.opentable.co.uk\/restaurant\/profile\/443454\/reserve?restref=443454\" target=\"_blank\" rel=\"noreferrer noopener\">Rezervovat<\/a><\/div>\n<\/div>\n<\/div>\n<\/div>\n\n\n\n<div style=\"height:5rem\" aria-hidden=\"true\" class=\"wp-block-spacer\"><\/div>\n\n\n\n<div class=\"wp-block-columns is-layout-flex wp-container-core-columns-is-layout-9d6595d7 wp-block-columns-is-layout-flex\">\n<div class=\"wp-block-column is-layout-flow wp-block-column-is-layout-flow\">\n<h3 class=\"wp-block-heading\">Obchodn\u00ed odd\u011blen\u00ed<\/h3>\n\n\n\n<p><strong>Telefon:&nbsp;<\/strong><a href=\"tel:+420 221 000 777\">+420 221 000 777<\/a><br><strong>Email:<\/strong>&nbsp;<a href=\"mailto:%20sales@stageshotel.com\" target=\"_blank\" rel=\"noreferrer noopener\">sales@stageshotel.com<\/a><\/p>\n<\/div>\n\n\n\n<div class=\"wp-block-column is-layout-flow wp-block-column-is-layout-flow\">\n<h3 class=\"wp-block-heading\">Skupinov\u00e9 a konferen\u010dn\u00ed rezervace<\/h3>\n\n\n\n<p><strong>Telefon:<\/strong>&nbsp;<a href=\"tel:+420 221 000 778\">+420 221 000 778<\/a><br><strong>Email:<\/strong>&nbsp;<a href=\"mailto:%20events@stageshotel.com\" target=\"_blank\" rel=\"noreferrer noopener\">events@stageshotel.com<\/a><\/p>\n<\/div>\n<\/div>\n\n\n\n<div style=\"height:5rem\" aria-hidden=\"true\" class=\"wp-block-spacer\"><\/div>\n\n\n\n<h2 class=\"wp-block-heading has-text-align-center\">STAGES reprezentace, kter\u00e1 se o V\u00e1s v\u017edy postar\u00e1<\/h2>\n\n\n\n<div class=\"img-annotator\" id=\"team-photo\"\naria-label=\"Fotografia s interakt\u00edvnymi bodmi\">\n<img decoding=\"async\" src=\"https:\/\/www.stageshotel.com\/wp-content\/uploads\/2025\/08\/stages-face-06x.jpg\" alt=\"T\u00edmov\u00e1 fotografia\" \/>\n\n<button class=\"hotspot\"\ntype=\"button\"\naria-label=\"Zobrazi\u0165 info: V\u00e1clav Tich\u00fd\"\ndata-x=\"15\" data-y=\"27\"\ndata-title=\"V\u00e1clav Tich\u00fd\" data-text=\"IT Manager\"><\/button>\n\n<button class=\"hotspot\"\ntype=\"button\"\naria-label=\"Zobrazi\u0165 info: Petr Hradeck\u00fd\"\ndata-x=\"29\" data-y=\"32\"\ndata-title=\"Petr Hradeck\u00fd\" data-text=\"Food &#038; Beverage Director\"><\/button>\n\n<button class=\"hotspot\"\ntype=\"button\"\naria-label=\"Zobrazi\u0165 info: Daniel Bene\u0161\"\ndata-x=\"39%\" data-y=\"29\"\ndata-title=\"Daniel Bene\u0161\" data-text=\"Executive Chef\"><\/button>\n\n<button class=\"hotspot\"\ntype=\"button\"\naria-label=\"Zobrazi\u0165 info: Petr Hl\u00edza\"\ndata-x=\"49\" data-y=\"29\"\ndata-title=\"Petr Hl\u00edza\" data-text=\"Maintenance Manager\"><\/button>\n\n<button class=\"hotspot\"\ntype=\"button\"\naria-label=\"Zobrazi\u0165 info: Jaroslav Kukl\u00edk\"\ndata-x=\"59\" data-y=\"30\"\ndata-title=\"Jaroslav Kukl\u00edk\" data-text=\"Front Office Manager\"><\/button>\n\n<button class=\"hotspot\"\ntype=\"button\"\naria-label=\"Zobrazi\u0165 info: Alexandr St\u0159echa\"\ndata-x=\"65\" data-y=\"27\"\ndata-title=\"Alexandr St\u0159echa\" data-text=\"Resident Manager\"><\/button>\n\n<button class=\"hotspot\"\ntype=\"button\"\naria-label=\"Zobrazi\u0165 info: V\u00e1clav Hlou\u0161ek\"\ndata-x=\"71\" data-y=\"29\"\ndata-title=\"V\u00e1clav Hlou\u0161ek\" data-text=\"Restaurant Manager\"><\/button>\n\n\n\n\n<button class=\"hotspot\"\ntype=\"button\"\naria-label=\"Zobrazi\u0165 info: Michaela Mr\u00e1zkov\u00e1\"\ndata-x=\"24\" data-y=\"74\"\ndata-title=\"Michaela Mr\u00e1zkov\u00e1\" data-text=\"Event Manager\"><\/button>\n\n<button class=\"hotspot\"\ntype=\"button\"\naria-label=\"Zobrazi\u0165 info: Renata Pek\u00e1rkov\u00e1\"\ndata-x=\"34\" data-y=\"73\"\ndata-title=\"Renata Pek\u00e1rkov\u00e1\" data-text=\"Marketing Manager\"><\/button>\n\n<button class=\"hotspot hotboss\"\ntype=\"button\"\naria-label=\"Zobrazi\u0165 info: Otakar John\"\ndata-x=\"46\" data-y=\"51\"\ndata-title=\"Otakar John\" data-text=\"General Manager\"><\/button>\n\n<button class=\"hotspot\"\ntype=\"button\"\naria-label=\"Zobrazi\u0165 info: Veronika Langerov\u00e1\"\ndata-x=\"56\" data-y=\"68\"\ndata-title=\"Veronika Langerov\u00e1\" data-text=\"Executive Housekeeper\"><\/button>\n\n<button class=\"hotspot\"\ntype=\"button\"\naria-label=\"Zobrazi\u0165 info: Jana Kohlov\u00e1\"\ndata-x=\"65\" data-y=\"57\"\ndata-title=\"Jana Kohlov\u00e1\" data-text=\"Revenue Manager\"><\/button>\n\n<button class=\"hotspot\"\ntype=\"button\"\naria-label=\"Zobrazi\u0165 info: Stanislav Dai\u010d\"\ndata-x=\"75\" data-y=\"55\"\ndata-title=\"Stanislav Dai\u010d\" data-text=\"Reservations Manager\"><\/button>\n\n<\/div>\n\n\n\n<div style=\"height:5rem\" aria-hidden=\"true\" class=\"wp-block-spacer\"><\/div>\n\n\n\n<p class=\"has-text-align-center\"><strong>Hotel je provozov\u00e1n:<\/strong><\/p>\n\n\n\n<p class=\"has-text-align-center\">Hotel Stages Operations s.r.o.<br>\u010ceskomoravsk\u00e1 2345\/17a<br>Praha 9, 190 00<br>I\u010c: 19867042<br>DI\u010c: CZ699007354<br>Zaps\u00e1no M\u011bstsk\u00fdm soudem V Praze, spisov\u00e1 zna\u010dka C 392971<\/p>\n\n\n\n<div style=\"height:5rem\" aria-hidden=\"true\" class=\"wp-block-spacer\"><\/div>\n\n\n\n<iframe src=\"https:\/\/www.google.com\/maps\/embed?pb=!1m18!1m12!1m3!1d23224.57742063147!2d14.467602677699407!3d50.098956325990855!2m3!1f0!2f0!3f0!3m2!1i1024!2i768!4f13.1!3m3!1m2!1s0x470b932a6aa5f4e3%3A0x53be9438aa16243a!2sStages%20Hotel%20Prague%2C%20a%20Tribute%20Portfolio%20Hotel!5e0!3m2!1ssk!2ssk!4v1714603797574!5m2!1ssk!2ssk\" width=\"100%\" height=\"450\" style=\"border:0;\" allowfullscreen=\"\" loading=\"lazy\" referrerpolicy=\"no-referrer-when-downgrade\"><\/iframe>\n\n\n\n<div style=\"height:100px\" aria-hidden=\"true\" class=\"wp-block-spacer\"><\/div>\n","protected":false},"excerpt":{"rendered":"<p>Individu\u00e1ln\u00ed rezervace pokoj\u016f Telefon:&nbsp;+420 221 000 888Email:&nbsp;reservations@stageshotel.com BACKSTAGE RESTAURANT rezervace stol\u016f Telefon:&nbsp;+420 221 000 151Email:&nbsp;info@backstagerestaurant.cz Obchodn\u00ed odd\u011blen\u00ed Telefon:&nbsp;+420 221 000 777Email:&nbsp;sales@stageshotel.com Skupinov\u00e9 a konferen\u010dn\u00ed rezervace Telefon:&nbsp;+420 221 000 778Email:&nbsp;events@stageshotel.com STAGES reprezentace, kter\u00e1 se o V\u00e1s v\u017edy postar\u00e1 Hotel je provozov\u00e1n: Hotel Stages Operations s.r.o.\u010ceskomoravsk\u00e1 2345\/17aPraha 9, 190 00I\u010c: 19867042DI\u010c: CZ699007354Zaps\u00e1no M\u011bstsk\u00fdm soudem V Praze, spisov\u00e1 [&hellip;]<\/p>\n","protected":false},"author":1,"featured_media":346,"parent":0,"menu_order":19,"comment_status":"closed","ping_status":"closed","template":"","meta":{"footnotes":""},"class_list":["post-51","page","type-page","status-publish","has-post-thumbnail","hentry"],"yoast_head":"<!-- This site is optimized with the Yoast SEO plugin v27.3 - https:\/\/yoast.com\/product\/yoast-seo-wordpress\/ -->\n<title>Kontakty - STAGES HOTEL Prague<\/title>\n<meta name=\"robots\" content=\"index, follow, max-snippet:-1, max-image-preview:large, max-video-preview:-1\" \/>\n<link rel=\"canonical\" href=\"https:\/\/www.stageshotel.com\/cz\/kontakt\/\" \/>\n<meta property=\"og:locale\" content=\"cs_CZ\" \/>\n<meta property=\"og:type\" content=\"article\" \/>\n<meta property=\"og:title\" content=\"Kontakty - STAGES HOTEL Prague\" \/>\n<meta property=\"og:description\" content=\"Individu\u00e1ln\u00ed rezervace pokoj\u016f Telefon:&nbsp;+420 221 000 888Email:&nbsp;reservations@stageshotel.com BACKSTAGE RESTAURANT rezervace stol\u016f Telefon:&nbsp;+420 221 000 151Email:&nbsp;info@backstagerestaurant.cz Obchodn\u00ed odd\u011blen\u00ed Telefon:&nbsp;+420 221 000 777Email:&nbsp;sales@stageshotel.com Skupinov\u00e9 a konferen\u010dn\u00ed rezervace Telefon:&nbsp;+420 221 000 778Email:&nbsp;events@stageshotel.com STAGES reprezentace, kter\u00e1 se o V\u00e1s v\u017edy postar\u00e1 Hotel je provozov\u00e1n: Hotel Stages Operations s.r.o.\u010ceskomoravsk\u00e1 2345\/17aPraha 9, 190 00I\u010c: 19867042DI\u010c: CZ699007354Zaps\u00e1no M\u011bstsk\u00fdm soudem V Praze, spisov\u00e1 [&hellip;]\" \/>\n<meta property=\"og:url\" content=\"https:\/\/www.stageshotel.com\/cz\/kontakt\/\" \/>\n<meta property=\"og:site_name\" content=\"STAGES HOTEL Prague\" \/>\n<meta property=\"article:publisher\" content=\"https:\/\/www.facebook.com\/stageshotelprague\/\" \/>\n<meta property=\"article:modified_time\" content=\"2026-03-30T06:29:32+00:00\" \/>\n<meta property=\"og:image\" content=\"https:\/\/www.stageshotel.com\/wp-content\/uploads\/2024\/03\/Stages-Hotel-Prague-Kontakt-scaled.jpg\" \/>\n\t<meta property=\"og:image:width\" content=\"2560\" \/>\n\t<meta property=\"og:image:height\" content=\"1474\" \/>\n\t<meta property=\"og:image:type\" content=\"image\/jpeg\" \/>\n<meta name=\"twitter:card\" content=\"summary_large_image\" \/>\n<meta name=\"twitter:label1\" content=\"Odhadovan\u00e1 doba \u010dten\u00ed\" \/>\n\t<meta name=\"twitter:data1\" content=\"2 minuty\" \/>\n<script type=\"application\/ld+json\" class=\"yoast-schema-graph\">{\"@context\":\"https:\\\/\\\/schema.org\",\"@graph\":[{\"@type\":\"WebPage\",\"@id\":\"https:\\\/\\\/www.stageshotel.com\\\/kontakt\\\/\",\"url\":\"https:\\\/\\\/www.stageshotel.com\\\/kontakt\\\/\",\"name\":\"Kontakty - STAGES HOTEL Prague\",\"isPartOf\":{\"@id\":\"https:\\\/\\\/www.stageshotel.com\\\/cz\\\/#website\"},\"primaryImageOfPage\":{\"@id\":\"https:\\\/\\\/www.stageshotel.com\\\/kontakt\\\/#primaryimage\"},\"image\":{\"@id\":\"https:\\\/\\\/www.stageshotel.com\\\/kontakt\\\/#primaryimage\"},\"thumbnailUrl\":\"https:\\\/\\\/www.stageshotel.com\\\/wp-content\\\/uploads\\\/2024\\\/03\\\/Stages-Hotel-Prague-Kontakt-scaled.jpg\",\"datePublished\":\"2024-03-17T20:28:40+00:00\",\"dateModified\":\"2026-03-30T06:29:32+00:00\",\"breadcrumb\":{\"@id\":\"https:\\\/\\\/www.stageshotel.com\\\/kontakt\\\/#breadcrumb\"},\"inLanguage\":\"cs\",\"potentialAction\":[{\"@type\":\"ReadAction\",\"target\":[\"https:\\\/\\\/www.stageshotel.com\\\/kontakt\\\/\"]}]},{\"@type\":\"ImageObject\",\"inLanguage\":\"cs\",\"@id\":\"https:\\\/\\\/www.stageshotel.com\\\/kontakt\\\/#primaryimage\",\"url\":\"https:\\\/\\\/www.stageshotel.com\\\/wp-content\\\/uploads\\\/2024\\\/03\\\/Stages-Hotel-Prague-Kontakt-scaled.jpg\",\"contentUrl\":\"https:\\\/\\\/www.stageshotel.com\\\/wp-content\\\/uploads\\\/2024\\\/03\\\/Stages-Hotel-Prague-Kontakt-scaled.jpg\",\"width\":2560,\"height\":1474,\"caption\":\"Stages Hotel Prague - Kontakt\"},{\"@type\":\"BreadcrumbList\",\"@id\":\"https:\\\/\\\/www.stageshotel.com\\\/kontakt\\\/#breadcrumb\",\"itemListElement\":[{\"@type\":\"ListItem\",\"position\":1,\"name\":\"Stages Hotel Prague\",\"item\":\"https:\\\/\\\/www.stageshotel.com\\\/\"},{\"@type\":\"ListItem\",\"position\":2,\"name\":\"Kontakty\"}]},{\"@type\":\"WebSite\",\"@id\":\"https:\\\/\\\/www.stageshotel.com\\\/cz\\\/#website\",\"url\":\"https:\\\/\\\/www.stageshotel.com\\\/cz\\\/\",\"name\":\"STAGES HOTEL Prague\",\"description\":\"\",\"publisher\":{\"@id\":\"https:\\\/\\\/www.stageshotel.com\\\/cz\\\/#organization\"},\"potentialAction\":[{\"@type\":\"SearchAction\",\"target\":{\"@type\":\"EntryPoint\",\"urlTemplate\":\"https:\\\/\\\/www.stageshotel.com\\\/cz\\\/?s={search_term_string}\"},\"query-input\":{\"@type\":\"PropertyValueSpecification\",\"valueRequired\":true,\"valueName\":\"search_term_string\"}}],\"inLanguage\":\"cs\"},{\"@type\":\"Organization\",\"@id\":\"https:\\\/\\\/www.stageshotel.com\\\/cz\\\/#organization\",\"name\":\"STAGES HOTEL\",\"url\":\"https:\\\/\\\/www.stageshotel.com\\\/cz\\\/\",\"logo\":{\"@type\":\"ImageObject\",\"inLanguage\":\"cs\",\"@id\":\"https:\\\/\\\/www.stageshotel.com\\\/cz\\\/#\\\/schema\\\/logo\\\/image\\\/\",\"url\":\"https:\\\/\\\/www.stageshotel.com\\\/wp-content\\\/uploads\\\/2024\\\/11\\\/stages-hotel-logo.png\",\"contentUrl\":\"https:\\\/\\\/www.stageshotel.com\\\/wp-content\\\/uploads\\\/2024\\\/11\\\/stages-hotel-logo.png\",\"width\":1536,\"height\":768,\"caption\":\"STAGES HOTEL\"},\"image\":{\"@id\":\"https:\\\/\\\/www.stageshotel.com\\\/cz\\\/#\\\/schema\\\/logo\\\/image\\\/\"},\"sameAs\":[\"https:\\\/\\\/www.facebook.com\\\/stageshotelprague\\\/\",\"https:\\\/\\\/www.instagram.com\\\/stageshotelprague\\\/\"]}]}<\/script>\n<!-- \/ Yoast SEO plugin. -->","yoast_head_json":{"title":"Kontakty - STAGES HOTEL Prague","robots":{"index":"index","follow":"follow","max-snippet":"max-snippet:-1","max-image-preview":"max-image-preview:large","max-video-preview":"max-video-preview:-1"},"canonical":"https:\/\/www.stageshotel.com\/cz\/kontakt\/","og_locale":"cs_CZ","og_type":"article","og_title":"Kontakty - STAGES HOTEL Prague","og_description":"Individu\u00e1ln\u00ed rezervace pokoj\u016f Telefon:&nbsp;+420 221 000 888Email:&nbsp;reservations@stageshotel.com BACKSTAGE RESTAURANT rezervace stol\u016f Telefon:&nbsp;+420 221 000 151Email:&nbsp;info@backstagerestaurant.cz Obchodn\u00ed odd\u011blen\u00ed Telefon:&nbsp;+420 221 000 777Email:&nbsp;sales@stageshotel.com Skupinov\u00e9 a konferen\u010dn\u00ed rezervace Telefon:&nbsp;+420 221 000 778Email:&nbsp;events@stageshotel.com STAGES reprezentace, kter\u00e1 se o V\u00e1s v\u017edy postar\u00e1 Hotel je provozov\u00e1n: Hotel Stages Operations s.r.o.\u010ceskomoravsk\u00e1 2345\/17aPraha 9, 190 00I\u010c: 19867042DI\u010c: CZ699007354Zaps\u00e1no M\u011bstsk\u00fdm soudem V Praze, spisov\u00e1 [&hellip;]","og_url":"https:\/\/www.stageshotel.com\/cz\/kontakt\/","og_site_name":"STAGES HOTEL Prague","article_publisher":"https:\/\/www.facebook.com\/stageshotelprague\/","article_modified_time":"2026-03-30T06:29:32+00:00","og_image":[{"width":2560,"height":1474,"url":"https:\/\/www.stageshotel.com\/wp-content\/uploads\/2024\/03\/Stages-Hotel-Prague-Kontakt-scaled.jpg","type":"image\/jpeg"}],"twitter_card":"summary_large_image","twitter_misc":{"Odhadovan\u00e1 doba \u010dten\u00ed":"2 minuty"},"schema":{"@context":"https:\/\/schema.org","@graph":[{"@type":"WebPage","@id":"https:\/\/www.stageshotel.com\/kontakt\/","url":"https:\/\/www.stageshotel.com\/kontakt\/","name":"Kontakty - STAGES HOTEL Prague","isPartOf":{"@id":"https:\/\/www.stageshotel.com\/cz\/#website"},"primaryImageOfPage":{"@id":"https:\/\/www.stageshotel.com\/kontakt\/#primaryimage"},"image":{"@id":"https:\/\/www.stageshotel.com\/kontakt\/#primaryimage"},"thumbnailUrl":"https:\/\/www.stageshotel.com\/wp-content\/uploads\/2024\/03\/Stages-Hotel-Prague-Kontakt-scaled.jpg","datePublished":"2024-03-17T20:28:40+00:00","dateModified":"2026-03-30T06:29:32+00:00","breadcrumb":{"@id":"https:\/\/www.stageshotel.com\/kontakt\/#breadcrumb"},"inLanguage":"cs","potentialAction":[{"@type":"ReadAction","target":["https:\/\/www.stageshotel.com\/kontakt\/"]}]},{"@type":"ImageObject","inLanguage":"cs","@id":"https:\/\/www.stageshotel.com\/kontakt\/#primaryimage","url":"https:\/\/www.stageshotel.com\/wp-content\/uploads\/2024\/03\/Stages-Hotel-Prague-Kontakt-scaled.jpg","contentUrl":"https:\/\/www.stageshotel.com\/wp-content\/uploads\/2024\/03\/Stages-Hotel-Prague-Kontakt-scaled.jpg","width":2560,"height":1474,"caption":"Stages Hotel Prague - Kontakt"},{"@type":"BreadcrumbList","@id":"https:\/\/www.stageshotel.com\/kontakt\/#breadcrumb","itemListElement":[{"@type":"ListItem","position":1,"name":"Stages Hotel Prague","item":"https:\/\/www.stageshotel.com\/"},{"@type":"ListItem","position":2,"name":"Kontakty"}]},{"@type":"WebSite","@id":"https:\/\/www.stageshotel.com\/cz\/#website","url":"https:\/\/www.stageshotel.com\/cz\/","name":"STAGES HOTEL Prague","description":"","publisher":{"@id":"https:\/\/www.stageshotel.com\/cz\/#organization"},"potentialAction":[{"@type":"SearchAction","target":{"@type":"EntryPoint","urlTemplate":"https:\/\/www.stageshotel.com\/cz\/?s={search_term_string}"},"query-input":{"@type":"PropertyValueSpecification","valueRequired":true,"valueName":"search_term_string"}}],"inLanguage":"cs"},{"@type":"Organization","@id":"https:\/\/www.stageshotel.com\/cz\/#organization","name":"STAGES HOTEL","url":"https:\/\/www.stageshotel.com\/cz\/","logo":{"@type":"ImageObject","inLanguage":"cs","@id":"https:\/\/www.stageshotel.com\/cz\/#\/schema\/logo\/image\/","url":"https:\/\/www.stageshotel.com\/wp-content\/uploads\/2024\/11\/stages-hotel-logo.png","contentUrl":"https:\/\/www.stageshotel.com\/wp-content\/uploads\/2024\/11\/stages-hotel-logo.png","width":1536,"height":768,"caption":"STAGES HOTEL"},"image":{"@id":"https:\/\/www.stageshotel.com\/cz\/#\/schema\/logo\/image\/"},"sameAs":["https:\/\/www.facebook.com\/stageshotelprague\/","https:\/\/www.instagram.com\/stageshotelprague\/"]}]}},"_links":{"self":[{"href":"https:\/\/www.stageshotel.com\/cz\/wp-json\/wp\/v2\/pages\/51","targetHints":{"allow":["GET"]}}],"collection":[{"href":"https:\/\/www.stageshotel.com\/cz\/wp-json\/wp\/v2\/pages"}],"about":[{"href":"https:\/\/www.stageshotel.com\/cz\/wp-json\/wp\/v2\/types\/page"}],"author":[{"embeddable":true,"href":"https:\/\/www.stageshotel.com\/cz\/wp-json\/wp\/v2\/users\/1"}],"replies":[{"embeddable":true,"href":"https:\/\/www.stageshotel.com\/cz\/wp-json\/wp\/v2\/comments?post=51"}],"version-history":[{"count":5,"href":"https:\/\/www.stageshotel.com\/cz\/wp-json\/wp\/v2\/pages\/51\/revisions"}],"predecessor-version":[{"id":1689,"href":"https:\/\/www.stageshotel.com\/cz\/wp-json\/wp\/v2\/pages\/51\/revisions\/1689"}],"wp:featuredmedia":[{"embeddable":true,"href":"https:\/\/www.stageshotel.com\/cz\/wp-json\/wp\/v2\/media\/346"}],"wp:attachment":[{"href":"https:\/\/www.stageshotel.com\/cz\/wp-json\/wp\/v2\/media?parent=51"}],"curies":[{"name":"wp","href":"https:\/\/api.w.org\/{rel}","templated":true}]}}