{"id":6,"date":"2024-03-17T20:51:24","date_gmt":"2024-03-17T19:51:24","guid":{"rendered":"https:\/\/www.stageshotel.com\/?page_id=6"},"modified":"2025-07-29T13:37:59","modified_gmt":"2025-07-29T11:37:59","slug":"hotel","status":"publish","type":"page","link":"https:\/\/www.stageshotel.com\/cz\/hotel\/","title":{"rendered":"V\u00edtejte v z\u00e1\u0159i reflektor\u016f STAGES HOTEL Prague"},"content":{"rendered":"\n<div class=\"wp-block-media-text has-media-on-the-right is-stacked-on-mobile\"><div class=\"wp-block-media-text__content\">\n<p>Lifestylov\u00fd STAGES HOTEL Prague. Vychutnejte si ubytov\u00e1n\u00ed v modern\u00edm designov\u00e9m hotelu, kter\u00fd nab\u00edz\u00ed 300 pokoj\u016f<\/p>\n\n\n\n<div class=\"wp-block-buttons is-layout-flex wp-block-buttons-is-layout-flex\">\n<div class=\"wp-block-button\"><a class=\"wp-block-button__link wp-element-button\" href=\"https:\/\/www.stageshotel.com\/hotel\/o-nas\/\">\u010dti v\u00edce<\/a><\/div>\n<\/div>\n<\/div><figure class=\"wp-block-media-text__media\"><a href=\"https:\/\/www.stageshotel.com\/wp-content\/uploads\/2024\/03\/Vitejte-v-zari-reflektoru-STAGES-HOTEL-Prague.jpg\"><img loading=\"lazy\" decoding=\"async\" width=\"800\" height=\"533\" src=\"https:\/\/www.stageshotel.com\/wp-content\/uploads\/2024\/03\/Vitejte-v-zari-reflektoru-STAGES-HOTEL-Prague-800x533.jpg\" alt=\"V\u00edtejte v z\u00e1\u0159i reflektor\u016f STAGES HOTEL Prague\" class=\"wp-image-99 size-medium\" srcset=\"https:\/\/www.stageshotel.com\/wp-content\/uploads\/2024\/03\/Vitejte-v-zari-reflektoru-STAGES-HOTEL-Prague-800x533.jpg 800w, https:\/\/www.stageshotel.com\/wp-content\/uploads\/2024\/03\/Vitejte-v-zari-reflektoru-STAGES-HOTEL-Prague-1600x1067.jpg 1600w, https:\/\/www.stageshotel.com\/wp-content\/uploads\/2024\/03\/Vitejte-v-zari-reflektoru-STAGES-HOTEL-Prague.jpg 1920w\" sizes=\"auto, (max-width: 800px) 100vw, 800px\" \/><\/a><\/figure><\/div>\n\n\n\n<div class=\"wp-block-media-text is-stacked-on-mobile\"><figure class=\"wp-block-media-text__media\"><a href=\"https:\/\/www.stageshotel.com\/wp-content\/uploads\/2024\/03\/Stages-Hotel-Praha-Sluzby-a-vybaveni.jpg\"><img loading=\"lazy\" decoding=\"async\" width=\"800\" height=\"600\" src=\"https:\/\/www.stageshotel.com\/wp-content\/uploads\/2024\/03\/Stages-Hotel-Praha-Sluzby-a-vybaveni-800x600.jpg\" alt=\"Stages Hotel Praha - Slu\u017eby a vybaven\u00ed\" class=\"wp-image-103 size-medium\" srcset=\"https:\/\/www.stageshotel.com\/wp-content\/uploads\/2024\/03\/Stages-Hotel-Praha-Sluzby-a-vybaveni-800x600.jpg 800w, https:\/\/www.stageshotel.com\/wp-content\/uploads\/2024\/03\/Stages-Hotel-Praha-Sluzby-a-vybaveni-1600x1200.jpg 1600w, https:\/\/www.stageshotel.com\/wp-content\/uploads\/2024\/03\/Stages-Hotel-Praha-Sluzby-a-vybaveni.jpg 1920w\" sizes=\"auto, (max-width: 800px) 100vw, 800px\" \/><\/a><\/figure><div class=\"wp-block-media-text__content\">\n<h2 class=\"wp-block-heading\">Slu\u017eby a vybaven\u00ed<\/h2>\n\n\n\n<ul class=\"wp-block-list\">\n<li>Vysokorychlostn\u00ed internet zdarma &#8211; Wi-Fi (a\u017e 1 Gbps)<\/li>\n\n\n\n<li>Pr\u00e1delna<\/li>\n\n\n\n<li>Parkov\u00e1n\u00ed v hotelu<\/li>\n\n\n\n<li>a dal\u0161\u00ed<\/li>\n<\/ul>\n\n\n\n<div class=\"wp-block-buttons is-layout-flex wp-block-buttons-is-layout-flex\">\n<div class=\"wp-block-button\"><a class=\"wp-block-button__link wp-element-button\" href=\"https:\/\/www.stageshotel.com\/hotel\/sluzby\/\">\u010dti v\u00edce<\/a><\/div>\n<\/div>\n<\/div><\/div>\n\n\n\n<div class=\"wp-block-media-text has-media-on-the-right is-stacked-on-mobile\"><div class=\"wp-block-media-text__content\">\n<h2 class=\"wp-block-heading\">FITNESS centrum<br>Bu\u010fte v kondici i na cest\u00e1ch<\/h2>\n\n\n\n<p>Hotelov\u00e9 fitness centrum nab\u00edz\u00ed sv\u00fdm host\u016fm nejnov\u011bj\u0161\u00ed vybaven\u00ed zna\u010dky Matrix, v\u010detn\u011b \u010dinek, b\u011b\u017eeck\u00fdch p\u00e1s\u016f nebo eliptick\u00e9 trena\u017e\u00e9ry s obrazovkou. Fitness je p\u0159\u00edstupn\u00e9 host\u016fm 24\/7.<\/p>\n\n\n\n<div class=\"wp-block-buttons is-layout-flex wp-block-buttons-is-layout-flex\">\n<div class=\"wp-block-button\"><a class=\"wp-block-button__link wp-element-button\" href=\"https:\/\/www.stageshotel.com\/hotel\/fitness\/\">\u010dti v\u00edce<\/a><\/div>\n<\/div>\n<\/div><figure class=\"wp-block-media-text__media\"><a href=\"https:\/\/www.stageshotel.com\/wp-content\/uploads\/2024\/03\/Stages-Hotel-Praha-FITNESS-centrum-Praha.jpg\"><img loading=\"lazy\" decoding=\"async\" width=\"800\" height=\"533\" src=\"https:\/\/www.stageshotel.com\/wp-content\/uploads\/2024\/03\/Stages-Hotel-Praha-FITNESS-centrum-Praha-800x533.jpg\" alt=\"Stages Hotel Praha - FITNESS centrum Praha\" class=\"wp-image-102 size-medium\" srcset=\"https:\/\/www.stageshotel.com\/wp-content\/uploads\/2024\/03\/Stages-Hotel-Praha-FITNESS-centrum-Praha-800x533.jpg 800w, https:\/\/www.stageshotel.com\/wp-content\/uploads\/2024\/03\/Stages-Hotel-Praha-FITNESS-centrum-Praha-1600x1067.jpg 1600w, https:\/\/www.stageshotel.com\/wp-content\/uploads\/2024\/03\/Stages-Hotel-Praha-FITNESS-centrum-Praha.jpg 1920w\" sizes=\"auto, (max-width: 800px) 100vw, 800px\" \/><\/a><\/figure><\/div>\n\n\n\n<div class=\"wp-block-media-text is-stacked-on-mobile\"><figure class=\"wp-block-media-text__media\"><a href=\"https:\/\/www.stageshotel.com\/wp-content\/uploads\/2024\/03\/Stages-Hotel-Praha-Parkovani-Praha.jpg\"><img loading=\"lazy\" decoding=\"async\" width=\"800\" height=\"533\" src=\"https:\/\/www.stageshotel.com\/wp-content\/uploads\/2024\/03\/Stages-Hotel-Praha-Parkovani-Praha-800x533.jpg\" alt=\"Stages Hotel Praha - Parkov\u00e1n\u00ed Praha\" class=\"wp-image-101 size-medium\" srcset=\"https:\/\/www.stageshotel.com\/wp-content\/uploads\/2024\/03\/Stages-Hotel-Praha-Parkovani-Praha-800x533.jpg 800w, https:\/\/www.stageshotel.com\/wp-content\/uploads\/2024\/03\/Stages-Hotel-Praha-Parkovani-Praha-1600x1067.jpg 1600w, https:\/\/www.stageshotel.com\/wp-content\/uploads\/2024\/03\/Stages-Hotel-Praha-Parkovani-Praha.jpg 1920w\" sizes=\"auto, (max-width: 800px) 100vw, 800px\" \/><\/a><\/figure><div class=\"wp-block-media-text__content\">\n<h2 class=\"wp-block-heading\">Parkov\u00e1n\u00ed<\/h2>\n\n\n\n<p>STAGES HOTEL Prague nab\u00edz\u00ed 100 parkovac\u00edch m\u00edst v hotelov\u00e9 podzemn\u00ed gar\u00e1\u017ei, v\u010detn\u011b 2 nab\u00edjec\u00edch stanic pro elektromobily. Dal\u0161\u00ed parkovac\u00ed kapacitu nab\u00edz\u00ed n\u00e1\u0161 vlastn\u00ed parkovac\u00ed d\u016fm v t\u011bsn\u00e9 bl\u00edzkosti hotelu.<\/p>\n\n\n\n<div class=\"wp-block-buttons is-layout-flex wp-block-buttons-is-layout-flex\">\n<div class=\"wp-block-button\"><a class=\"wp-block-button__link wp-element-button\" href=\"https:\/\/www.stageshotel.com\/hotel\/parkovani\/\">\u010dti v\u00edce<\/a><\/div>\n<\/div>\n<\/div><\/div>\n","protected":false},"excerpt":{"rendered":"","protected":false},"author":1,"featured_media":96,"parent":0,"menu_order":1,"comment_status":"closed","ping_status":"closed","template":"","meta":{"footnotes":""},"class_list":["post-6","page","type-page","status-publish","has-post-thumbnail","hentry"],"yoast_head":"<!-- This site is optimized with the Yoast SEO plugin v27.3 - https:\/\/yoast.com\/product\/yoast-seo-wordpress\/ -->\n<title>V\u00edtejte v z\u00e1\u0159i reflektor\u016f STAGES HOTEL Prague - STAGES HOTEL Prague<\/title>\n<meta name=\"robots\" content=\"index, follow, max-snippet:-1, max-image-preview:large, max-video-preview:-1\" \/>\n<link rel=\"canonical\" href=\"https:\/\/www.stageshotel.com\/cz\/hotel\/\" \/>\n<meta property=\"og:locale\" content=\"cs_CZ\" \/>\n<meta property=\"og:type\" content=\"article\" \/>\n<meta property=\"og:title\" content=\"V\u00edtejte v z\u00e1\u0159i reflektor\u016f STAGES HOTEL Prague - STAGES HOTEL Prague\" \/>\n<meta property=\"og:url\" content=\"https:\/\/www.stageshotel.com\/cz\/hotel\/\" \/>\n<meta property=\"og:site_name\" content=\"STAGES HOTEL Prague\" \/>\n<meta property=\"article:publisher\" content=\"https:\/\/www.facebook.com\/stageshotelprague\/\" \/>\n<meta property=\"article:modified_time\" content=\"2025-07-29T11:37:59+00:00\" \/>\n<meta property=\"og:image\" content=\"https:\/\/www.stageshotel.com\/wp-content\/uploads\/2024\/03\/Stages-hotel-Praha-Hotel-Stages.jpg\" \/>\n\t<meta property=\"og:image:width\" content=\"1920\" \/>\n\t<meta property=\"og:image:height\" content=\"1280\" \/>\n\t<meta property=\"og:image:type\" content=\"image\/jpeg\" \/>\n<meta name=\"twitter:card\" content=\"summary_large_image\" \/>\n<meta name=\"twitter:label1\" content=\"Odhadovan\u00e1 doba \u010dten\u00ed\" \/>\n\t<meta name=\"twitter:data1\" content=\"2 minuty\" \/>\n<script type=\"application\/ld+json\" class=\"yoast-schema-graph\">{\"@context\":\"https:\\\/\\\/schema.org\",\"@graph\":[{\"@type\":\"WebPage\",\"@id\":\"https:\\\/\\\/www.stageshotel.com\\\/hotel\\\/\",\"url\":\"https:\\\/\\\/www.stageshotel.com\\\/hotel\\\/\",\"name\":\"V\u00edtejte v z\u00e1\u0159i reflektor\u016f STAGES HOTEL Prague - STAGES HOTEL Prague\",\"isPartOf\":{\"@id\":\"https:\\\/\\\/www.stageshotel.com\\\/cz\\\/#website\"},\"primaryImageOfPage\":{\"@id\":\"https:\\\/\\\/www.stageshotel.com\\\/hotel\\\/#primaryimage\"},\"image\":{\"@id\":\"https:\\\/\\\/www.stageshotel.com\\\/hotel\\\/#primaryimage\"},\"thumbnailUrl\":\"https:\\\/\\\/www.stageshotel.com\\\/wp-content\\\/uploads\\\/2024\\\/03\\\/Stages-hotel-Praha-Hotel-Stages.jpg\",\"datePublished\":\"2024-03-17T19:51:24+00:00\",\"dateModified\":\"2025-07-29T11:37:59+00:00\",\"breadcrumb\":{\"@id\":\"https:\\\/\\\/www.stageshotel.com\\\/hotel\\\/#breadcrumb\"},\"inLanguage\":\"cs\",\"potentialAction\":[{\"@type\":\"ReadAction\",\"target\":[\"https:\\\/\\\/www.stageshotel.com\\\/hotel\\\/\"]}]},{\"@type\":\"ImageObject\",\"inLanguage\":\"cs\",\"@id\":\"https:\\\/\\\/www.stageshotel.com\\\/hotel\\\/#primaryimage\",\"url\":\"https:\\\/\\\/www.stageshotel.com\\\/wp-content\\\/uploads\\\/2024\\\/03\\\/Stages-hotel-Praha-Hotel-Stages.jpg\",\"contentUrl\":\"https:\\\/\\\/www.stageshotel.com\\\/wp-content\\\/uploads\\\/2024\\\/03\\\/Stages-hotel-Praha-Hotel-Stages.jpg\",\"width\":1920,\"height\":1280,\"caption\":\"Stages hotel Praha - Hotel Stages\"},{\"@type\":\"BreadcrumbList\",\"@id\":\"https:\\\/\\\/www.stageshotel.com\\\/hotel\\\/#breadcrumb\",\"itemListElement\":[{\"@type\":\"ListItem\",\"position\":1,\"name\":\"Stages Hotel Prague\",\"item\":\"https:\\\/\\\/www.stageshotel.com\\\/\"},{\"@type\":\"ListItem\",\"position\":2,\"name\":\"V\u00edtejte v z\u00e1\u0159i reflektor\u016f STAGES HOTEL Prague\"}]},{\"@type\":\"WebSite\",\"@id\":\"https:\\\/\\\/www.stageshotel.com\\\/cz\\\/#website\",\"url\":\"https:\\\/\\\/www.stageshotel.com\\\/cz\\\/\",\"name\":\"STAGES HOTEL Prague\",\"description\":\"\",\"publisher\":{\"@id\":\"https:\\\/\\\/www.stageshotel.com\\\/cz\\\/#organization\"},\"potentialAction\":[{\"@type\":\"SearchAction\",\"target\":{\"@type\":\"EntryPoint\",\"urlTemplate\":\"https:\\\/\\\/www.stageshotel.com\\\/cz\\\/?s={search_term_string}\"},\"query-input\":{\"@type\":\"PropertyValueSpecification\",\"valueRequired\":true,\"valueName\":\"search_term_string\"}}],\"inLanguage\":\"cs\"},{\"@type\":\"Organization\",\"@id\":\"https:\\\/\\\/www.stageshotel.com\\\/cz\\\/#organization\",\"name\":\"STAGES HOTEL\",\"url\":\"https:\\\/\\\/www.stageshotel.com\\\/cz\\\/\",\"logo\":{\"@type\":\"ImageObject\",\"inLanguage\":\"cs\",\"@id\":\"https:\\\/\\\/www.stageshotel.com\\\/cz\\\/#\\\/schema\\\/logo\\\/image\\\/\",\"url\":\"https:\\\/\\\/www.stageshotel.com\\\/wp-content\\\/uploads\\\/2024\\\/11\\\/stages-hotel-logo.png\",\"contentUrl\":\"https:\\\/\\\/www.stageshotel.com\\\/wp-content\\\/uploads\\\/2024\\\/11\\\/stages-hotel-logo.png\",\"width\":1536,\"height\":768,\"caption\":\"STAGES HOTEL\"},\"image\":{\"@id\":\"https:\\\/\\\/www.stageshotel.com\\\/cz\\\/#\\\/schema\\\/logo\\\/image\\\/\"},\"sameAs\":[\"https:\\\/\\\/www.facebook.com\\\/stageshotelprague\\\/\",\"https:\\\/\\\/www.instagram.com\\\/stageshotelprague\\\/\"]}]}<\/script>\n<!-- \/ Yoast SEO plugin. -->","yoast_head_json":{"title":"V\u00edtejte v z\u00e1\u0159i reflektor\u016f STAGES HOTEL Prague - STAGES HOTEL Prague","robots":{"index":"index","follow":"follow","max-snippet":"max-snippet:-1","max-image-preview":"max-image-preview:large","max-video-preview":"max-video-preview:-1"},"canonical":"https:\/\/www.stageshotel.com\/cz\/hotel\/","og_locale":"cs_CZ","og_type":"article","og_title":"V\u00edtejte v z\u00e1\u0159i reflektor\u016f STAGES HOTEL Prague - STAGES HOTEL Prague","og_url":"https:\/\/www.stageshotel.com\/cz\/hotel\/","og_site_name":"STAGES HOTEL Prague","article_publisher":"https:\/\/www.facebook.com\/stageshotelprague\/","article_modified_time":"2025-07-29T11:37:59+00:00","og_image":[{"width":1920,"height":1280,"url":"https:\/\/www.stageshotel.com\/wp-content\/uploads\/2024\/03\/Stages-hotel-Praha-Hotel-Stages.jpg","type":"image\/jpeg"}],"twitter_card":"summary_large_image","twitter_misc":{"Odhadovan\u00e1 doba \u010dten\u00ed":"2 minuty"},"schema":{"@context":"https:\/\/schema.org","@graph":[{"@type":"WebPage","@id":"https:\/\/www.stageshotel.com\/hotel\/","url":"https:\/\/www.stageshotel.com\/hotel\/","name":"V\u00edtejte v z\u00e1\u0159i reflektor\u016f STAGES HOTEL Prague - STAGES HOTEL Prague","isPartOf":{"@id":"https:\/\/www.stageshotel.com\/cz\/#website"},"primaryImageOfPage":{"@id":"https:\/\/www.stageshotel.com\/hotel\/#primaryimage"},"image":{"@id":"https:\/\/www.stageshotel.com\/hotel\/#primaryimage"},"thumbnailUrl":"https:\/\/www.stageshotel.com\/wp-content\/uploads\/2024\/03\/Stages-hotel-Praha-Hotel-Stages.jpg","datePublished":"2024-03-17T19:51:24+00:00","dateModified":"2025-07-29T11:37:59+00:00","breadcrumb":{"@id":"https:\/\/www.stageshotel.com\/hotel\/#breadcrumb"},"inLanguage":"cs","potentialAction":[{"@type":"ReadAction","target":["https:\/\/www.stageshotel.com\/hotel\/"]}]},{"@type":"ImageObject","inLanguage":"cs","@id":"https:\/\/www.stageshotel.com\/hotel\/#primaryimage","url":"https:\/\/www.stageshotel.com\/wp-content\/uploads\/2024\/03\/Stages-hotel-Praha-Hotel-Stages.jpg","contentUrl":"https:\/\/www.stageshotel.com\/wp-content\/uploads\/2024\/03\/Stages-hotel-Praha-Hotel-Stages.jpg","width":1920,"height":1280,"caption":"Stages hotel Praha - Hotel Stages"},{"@type":"BreadcrumbList","@id":"https:\/\/www.stageshotel.com\/hotel\/#breadcrumb","itemListElement":[{"@type":"ListItem","position":1,"name":"Stages Hotel Prague","item":"https:\/\/www.stageshotel.com\/"},{"@type":"ListItem","position":2,"name":"V\u00edtejte v z\u00e1\u0159i reflektor\u016f STAGES HOTEL Prague"}]},{"@type":"WebSite","@id":"https:\/\/www.stageshotel.com\/cz\/#website","url":"https:\/\/www.stageshotel.com\/cz\/","name":"STAGES HOTEL Prague","description":"","publisher":{"@id":"https:\/\/www.stageshotel.com\/cz\/#organization"},"potentialAction":[{"@type":"SearchAction","target":{"@type":"EntryPoint","urlTemplate":"https:\/\/www.stageshotel.com\/cz\/?s={search_term_string}"},"query-input":{"@type":"PropertyValueSpecification","valueRequired":true,"valueName":"search_term_string"}}],"inLanguage":"cs"},{"@type":"Organization","@id":"https:\/\/www.stageshotel.com\/cz\/#organization","name":"STAGES HOTEL","url":"https:\/\/www.stageshotel.com\/cz\/","logo":{"@type":"ImageObject","inLanguage":"cs","@id":"https:\/\/www.stageshotel.com\/cz\/#\/schema\/logo\/image\/","url":"https:\/\/www.stageshotel.com\/wp-content\/uploads\/2024\/11\/stages-hotel-logo.png","contentUrl":"https:\/\/www.stageshotel.com\/wp-content\/uploads\/2024\/11\/stages-hotel-logo.png","width":1536,"height":768,"caption":"STAGES HOTEL"},"image":{"@id":"https:\/\/www.stageshotel.com\/cz\/#\/schema\/logo\/image\/"},"sameAs":["https:\/\/www.facebook.com\/stageshotelprague\/","https:\/\/www.instagram.com\/stageshotelprague\/"]}]}},"_links":{"self":[{"href":"https:\/\/www.stageshotel.com\/cz\/wp-json\/wp\/v2\/pages\/6","targetHints":{"allow":["GET"]}}],"collection":[{"href":"https:\/\/www.stageshotel.com\/cz\/wp-json\/wp\/v2\/pages"}],"about":[{"href":"https:\/\/www.stageshotel.com\/cz\/wp-json\/wp\/v2\/types\/page"}],"author":[{"embeddable":true,"href":"https:\/\/www.stageshotel.com\/cz\/wp-json\/wp\/v2\/users\/1"}],"replies":[{"embeddable":true,"href":"https:\/\/www.stageshotel.com\/cz\/wp-json\/wp\/v2\/comments?post=6"}],"version-history":[{"count":6,"href":"https:\/\/www.stageshotel.com\/cz\/wp-json\/wp\/v2\/pages\/6\/revisions"}],"predecessor-version":[{"id":1461,"href":"https:\/\/www.stageshotel.com\/cz\/wp-json\/wp\/v2\/pages\/6\/revisions\/1461"}],"wp:featuredmedia":[{"embeddable":true,"href":"https:\/\/www.stageshotel.com\/cz\/wp-json\/wp\/v2\/media\/96"}],"wp:attachment":[{"href":"https:\/\/www.stageshotel.com\/cz\/wp-json\/wp\/v2\/media?parent=6"}],"curies":[{"name":"wp","href":"https:\/\/api.w.org\/{rel}","templated":true}]}}