{"id":697,"date":"2024-04-24T21:39:15","date_gmt":"2024-04-24T19:39:15","guid":{"rendered":"https:\/\/www.stageshotel.com\/?page_id=697"},"modified":"2024-09-02T20:53:32","modified_gmt":"2024-09-02T18:53:32","slug":"comfort-pokoje-triluzkove","status":"publish","type":"page","link":"https:\/\/www.stageshotel.com\/cz\/pokoje\/comfort-pokoje-triluzkove\/","title":{"rendered":"Comfort pokoje t\u0159\u00edl\u016f\u017ekov\u00e9"},"content":{"rendered":"\n<p>Na\u0161e stylov\u00e9 a modern\u00ed comfort pokoje nab\u00edz\u00ed velk\u00e9 pohodl\u00ed. Jsou vybaveny kvalitn\u00edmi materi\u00e1ly a navr\u017eeny s velk\u00fdm citem pro detail. Ide\u00e1ln\u00ed m\u00edsto k relaxaci a odpo\u010dinku.<\/p>\n\n\n\n<ul class=\"vybaveni wp-block-list\">\n<li>V\u00fdhled do atria nebo okol\u00ed<\/li>\n\n\n\n<li>28 m2<\/li>\n\n\n\n<li>2 odd\u011blen\u00e9 postele a 1 pohovka<\/li>\n\n\n\n<li>Vysokorychlostn\u00ed Wi-Fi internet (a\u017e 1 Gbps)<\/li>\n\n\n\n<li>55\u00b4\u00b4 LCD televizor s v\u00edce ne\u017e 70 programy&nbsp;<\/li>\n\n\n\n<li>Trezor velikosti notebooku<\/li>\n\n\n\n<li>Sada pro p\u0159\u00edpravu k\u00e1vy a \u010daje<\/li>\n\n\n\n<li>Mini-chladni\u010dka<\/li>\n\n\n\n<li>De\u0161\u0165ov\u00e1 sprcha nebo vana<\/li>\n\n\n\n<li>Vysou\u0161e\u010d vlas\u016f<\/li>\n\n\n\n<li>Marshall Bluetooth reproduktor<\/li>\n<\/ul>\n\n\n\n<div class=\"wp-block-buttons is-layout-flex wp-block-buttons-is-layout-flex\">\n<div class=\"wp-block-button btnalt rezervovat\"><a class=\"wp-block-button__link wp-element-button\" href=\"https:\/\/www.marriott.com\/hotels\/travel\/prgtx-stages-hotel-prague-a-tribute-portfolio-hotel\/\" target=\"_blank\" rel=\"noreferrer noopener\">Rezervovat<\/a><\/div>\n<\/div>\n\n\n\n<div style=\"height:50px\" aria-hidden=\"true\" class=\"wp-block-spacer\"><\/div>\n\n\n\n<figure class=\"wp-block-gallery has-nested-images columns-default is-cropped wp-block-gallery-1 is-layout-flex wp-block-gallery-is-layout-flex\">\n<figure class=\"wp-block-image size-medium\"><a href=\"https:\/\/www.stageshotel.com\/wp-content\/uploads\/2024\/09\/24-31-TP-PRGTX_triple_02-scaled.jpg\"><img loading=\"lazy\" decoding=\"async\" width=\"800\" height=\"533\" data-id=\"953\" src=\"https:\/\/www.stageshotel.com\/wp-content\/uploads\/2024\/09\/24-31-TP-PRGTX_triple_02-800x533.jpg\" alt=\"Comfort pokoje t\u0159\u00edl\u016f\u017ekov\u00e9 - Stages Hotel Prague - Hotel Praha\" class=\"wp-image-953\" srcset=\"https:\/\/www.stageshotel.com\/wp-content\/uploads\/2024\/09\/24-31-TP-PRGTX_triple_02-800x533.jpg 800w, https:\/\/www.stageshotel.com\/wp-content\/uploads\/2024\/09\/24-31-TP-PRGTX_triple_02-1600x1067.jpg 1600w, https:\/\/www.stageshotel.com\/wp-content\/uploads\/2024\/09\/24-31-TP-PRGTX_triple_02-18x12.jpg 18w\" sizes=\"auto, (max-width: 800px) 100vw, 800px\" \/><\/a><\/figure>\n\n\n\n<figure class=\"wp-block-image size-medium\"><a href=\"https:\/\/www.stageshotel.com\/wp-content\/uploads\/2024\/03\/Stages-Hotel-Praha-Comfort-pokoje-03.jpg\"><img loading=\"lazy\" decoding=\"async\" width=\"800\" height=\"533\" data-id=\"156\" src=\"https:\/\/www.stageshotel.com\/wp-content\/uploads\/2024\/03\/Stages-Hotel-Praha-Comfort-pokoje-03-800x533.jpg\" alt=\"Stages Hotel Praha - Comfort pokoje 03\" class=\"wp-image-156\" srcset=\"https:\/\/www.stageshotel.com\/wp-content\/uploads\/2024\/03\/Stages-Hotel-Praha-Comfort-pokoje-03-800x533.jpg 800w, https:\/\/www.stageshotel.com\/wp-content\/uploads\/2024\/03\/Stages-Hotel-Praha-Comfort-pokoje-03.jpg 1600w\" sizes=\"auto, (max-width: 800px) 100vw, 800px\" \/><\/a><\/figure>\n\n\n\n<figure class=\"wp-block-image size-medium\"><a href=\"https:\/\/www.stageshotel.com\/wp-content\/uploads\/2024\/03\/Stages-Hotel-Praha-Comfort-pokoje-02.jpg\"><img loading=\"lazy\" decoding=\"async\" width=\"800\" height=\"533\" data-id=\"157\" src=\"https:\/\/www.stageshotel.com\/wp-content\/uploads\/2024\/03\/Stages-Hotel-Praha-Comfort-pokoje-02-800x533.jpg\" alt=\"Stages Hotel Praha - Comfort pokoje 02\" class=\"wp-image-157\" srcset=\"https:\/\/www.stageshotel.com\/wp-content\/uploads\/2024\/03\/Stages-Hotel-Praha-Comfort-pokoje-02-800x533.jpg 800w, https:\/\/www.stageshotel.com\/wp-content\/uploads\/2024\/03\/Stages-Hotel-Praha-Comfort-pokoje-02.jpg 1600w\" sizes=\"auto, (max-width: 800px) 100vw, 800px\" \/><\/a><\/figure>\n\n\n\n<figure class=\"wp-block-image size-medium\"><a href=\"https:\/\/www.stageshotel.com\/wp-content\/uploads\/2024\/03\/Stages-Hotel-Praha-Comfort-pokoje-05.jpg\"><img loading=\"lazy\" decoding=\"async\" width=\"800\" height=\"533\" data-id=\"154\" src=\"https:\/\/www.stageshotel.com\/wp-content\/uploads\/2024\/03\/Stages-Hotel-Praha-Comfort-pokoje-05-800x533.jpg\" alt=\"Stages Hotel Praha - Comfort pokoje 05\" class=\"wp-image-154\" srcset=\"https:\/\/www.stageshotel.com\/wp-content\/uploads\/2024\/03\/Stages-Hotel-Praha-Comfort-pokoje-05-800x533.jpg 800w, https:\/\/www.stageshotel.com\/wp-content\/uploads\/2024\/03\/Stages-Hotel-Praha-Comfort-pokoje-05.jpg 1600w\" sizes=\"auto, (max-width: 800px) 100vw, 800px\" \/><\/a><\/figure>\n\n\n\n<figure class=\"wp-block-image size-medium\"><a href=\"https:\/\/www.stageshotel.com\/wp-content\/uploads\/2024\/03\/Stages-Hotel-Praha-Comfort-pokoje-01.jpg\"><img loading=\"lazy\" decoding=\"async\" width=\"800\" height=\"533\" data-id=\"158\" src=\"https:\/\/www.stageshotel.com\/wp-content\/uploads\/2024\/03\/Stages-Hotel-Praha-Comfort-pokoje-01-800x533.jpg\" alt=\"Stages Hotel Praha - Comfort pokoje 01\" class=\"wp-image-158\" srcset=\"https:\/\/www.stageshotel.com\/wp-content\/uploads\/2024\/03\/Stages-Hotel-Praha-Comfort-pokoje-01-800x533.jpg 800w, https:\/\/www.stageshotel.com\/wp-content\/uploads\/2024\/03\/Stages-Hotel-Praha-Comfort-pokoje-01.jpg 1600w\" sizes=\"auto, (max-width: 800px) 100vw, 800px\" \/><\/a><\/figure>\n<\/figure>\n","protected":false},"excerpt":{"rendered":"<p>Na\u0161e stylov\u00e9 a modern\u00ed comfort pokoje nab\u00edz\u00ed velk\u00e9 pohodl\u00ed. Jsou vybaveny kvalitn\u00edmi materi\u00e1ly a navr\u017eeny s velk\u00fdm citem pro detail. Ide\u00e1ln\u00ed m\u00edsto k relaxaci a odpo\u010dinku.<\/p>\n","protected":false},"author":1,"featured_media":952,"parent":24,"menu_order":8,"comment_status":"closed","ping_status":"closed","template":"","meta":{"footnotes":""},"class_list":["post-697","page","type-page","status-publish","has-post-thumbnail","hentry"],"yoast_head":"<!-- This site is optimized with the Yoast SEO plugin v27.3 - https:\/\/yoast.com\/product\/yoast-seo-wordpress\/ -->\n<title>Comfort pokoje t\u0159\u00edl\u016f\u017ekov\u00e9 - STAGES HOTEL Prague<\/title>\n<meta name=\"robots\" content=\"index, follow, max-snippet:-1, max-image-preview:large, max-video-preview:-1\" \/>\n<link rel=\"canonical\" href=\"https:\/\/www.stageshotel.com\/cz\/pokoje\/comfort-pokoje-triluzkove\/\" \/>\n<meta property=\"og:locale\" content=\"cs_CZ\" \/>\n<meta property=\"og:type\" content=\"article\" \/>\n<meta property=\"og:title\" content=\"Comfort pokoje t\u0159\u00edl\u016f\u017ekov\u00e9 - STAGES HOTEL Prague\" \/>\n<meta property=\"og:description\" content=\"Na\u0161e stylov\u00e9 a modern\u00ed comfort pokoje nab\u00edz\u00ed velk\u00e9 pohodl\u00ed. Jsou vybaveny kvalitn\u00edmi materi\u00e1ly a navr\u017eeny s velk\u00fdm citem pro detail. Ide\u00e1ln\u00ed m\u00edsto k relaxaci a odpo\u010dinku.\" \/>\n<meta property=\"og:url\" content=\"https:\/\/www.stageshotel.com\/cz\/pokoje\/comfort-pokoje-triluzkove\/\" \/>\n<meta property=\"og:site_name\" content=\"STAGES HOTEL Prague\" \/>\n<meta property=\"article:publisher\" content=\"https:\/\/www.facebook.com\/stageshotelprague\/\" \/>\n<meta property=\"article:modified_time\" content=\"2024-09-02T18:53:32+00:00\" \/>\n<meta property=\"og:image\" content=\"https:\/\/www.stageshotel.com\/wp-content\/uploads\/2024\/09\/24-31-TP-PRGTX_triple_01-scaled.jpg\" \/>\n\t<meta property=\"og:image:width\" content=\"2560\" \/>\n\t<meta property=\"og:image:height\" content=\"1707\" \/>\n\t<meta property=\"og:image:type\" content=\"image\/jpeg\" \/>\n<meta name=\"twitter:card\" content=\"summary_large_image\" \/>\n<script type=\"application\/ld+json\" class=\"yoast-schema-graph\">{\"@context\":\"https:\\\/\\\/schema.org\",\"@graph\":[{\"@type\":\"WebPage\",\"@id\":\"https:\\\/\\\/www.stageshotel.com\\\/pokoje\\\/comfort-pokoje-triluzkove\\\/\",\"url\":\"https:\\\/\\\/www.stageshotel.com\\\/pokoje\\\/comfort-pokoje-triluzkove\\\/\",\"name\":\"Comfort pokoje t\u0159\u00edl\u016f\u017ekov\u00e9 - STAGES HOTEL Prague\",\"isPartOf\":{\"@id\":\"https:\\\/\\\/www.stageshotel.com\\\/cz\\\/#website\"},\"primaryImageOfPage\":{\"@id\":\"https:\\\/\\\/www.stageshotel.com\\\/pokoje\\\/comfort-pokoje-triluzkove\\\/#primaryimage\"},\"image\":{\"@id\":\"https:\\\/\\\/www.stageshotel.com\\\/pokoje\\\/comfort-pokoje-triluzkove\\\/#primaryimage\"},\"thumbnailUrl\":\"https:\\\/\\\/www.stageshotel.com\\\/wp-content\\\/uploads\\\/2024\\\/09\\\/24-31-TP-PRGTX_triple_01-scaled.jpg\",\"datePublished\":\"2024-04-24T19:39:15+00:00\",\"dateModified\":\"2024-09-02T18:53:32+00:00\",\"breadcrumb\":{\"@id\":\"https:\\\/\\\/www.stageshotel.com\\\/pokoje\\\/comfort-pokoje-triluzkove\\\/#breadcrumb\"},\"inLanguage\":\"cs\",\"potentialAction\":[{\"@type\":\"ReadAction\",\"target\":[\"https:\\\/\\\/www.stageshotel.com\\\/pokoje\\\/comfort-pokoje-triluzkove\\\/\"]}]},{\"@type\":\"ImageObject\",\"inLanguage\":\"cs\",\"@id\":\"https:\\\/\\\/www.stageshotel.com\\\/pokoje\\\/comfort-pokoje-triluzkove\\\/#primaryimage\",\"url\":\"https:\\\/\\\/www.stageshotel.com\\\/wp-content\\\/uploads\\\/2024\\\/09\\\/24-31-TP-PRGTX_triple_01-scaled.jpg\",\"contentUrl\":\"https:\\\/\\\/www.stageshotel.com\\\/wp-content\\\/uploads\\\/2024\\\/09\\\/24-31-TP-PRGTX_triple_01-scaled.jpg\",\"width\":2560,\"height\":1707},{\"@type\":\"BreadcrumbList\",\"@id\":\"https:\\\/\\\/www.stageshotel.com\\\/pokoje\\\/comfort-pokoje-triluzkove\\\/#breadcrumb\",\"itemListElement\":[{\"@type\":\"ListItem\",\"position\":1,\"name\":\"Stages Hotel Prague\",\"item\":\"https:\\\/\\\/www.stageshotel.com\\\/\"},{\"@type\":\"ListItem\",\"position\":2,\"name\":\"Modern\u00ed pokoje a apartm\u00e1 p\u0159\u00edmo vedle O2 Areny\",\"item\":\"https:\\\/\\\/www.stageshotel.com\\\/pokoje\\\/\"},{\"@type\":\"ListItem\",\"position\":3,\"name\":\"Comfort pokoje t\u0159\u00edl\u016f\u017ekov\u00e9\"}]},{\"@type\":\"WebSite\",\"@id\":\"https:\\\/\\\/www.stageshotel.com\\\/cz\\\/#website\",\"url\":\"https:\\\/\\\/www.stageshotel.com\\\/cz\\\/\",\"name\":\"STAGES HOTEL Prague\",\"description\":\"\",\"publisher\":{\"@id\":\"https:\\\/\\\/www.stageshotel.com\\\/cz\\\/#organization\"},\"potentialAction\":[{\"@type\":\"SearchAction\",\"target\":{\"@type\":\"EntryPoint\",\"urlTemplate\":\"https:\\\/\\\/www.stageshotel.com\\\/cz\\\/?s={search_term_string}\"},\"query-input\":{\"@type\":\"PropertyValueSpecification\",\"valueRequired\":true,\"valueName\":\"search_term_string\"}}],\"inLanguage\":\"cs\"},{\"@type\":\"Organization\",\"@id\":\"https:\\\/\\\/www.stageshotel.com\\\/cz\\\/#organization\",\"name\":\"STAGES HOTEL\",\"url\":\"https:\\\/\\\/www.stageshotel.com\\\/cz\\\/\",\"logo\":{\"@type\":\"ImageObject\",\"inLanguage\":\"cs\",\"@id\":\"https:\\\/\\\/www.stageshotel.com\\\/cz\\\/#\\\/schema\\\/logo\\\/image\\\/\",\"url\":\"https:\\\/\\\/www.stageshotel.com\\\/wp-content\\\/uploads\\\/2024\\\/11\\\/stages-hotel-logo.png\",\"contentUrl\":\"https:\\\/\\\/www.stageshotel.com\\\/wp-content\\\/uploads\\\/2024\\\/11\\\/stages-hotel-logo.png\",\"width\":1536,\"height\":768,\"caption\":\"STAGES HOTEL\"},\"image\":{\"@id\":\"https:\\\/\\\/www.stageshotel.com\\\/cz\\\/#\\\/schema\\\/logo\\\/image\\\/\"},\"sameAs\":[\"https:\\\/\\\/www.facebook.com\\\/stageshotelprague\\\/\",\"https:\\\/\\\/www.instagram.com\\\/stageshotelprague\\\/\"]}]}<\/script>\n<!-- \/ Yoast SEO plugin. -->","yoast_head_json":{"title":"Comfort pokoje t\u0159\u00edl\u016f\u017ekov\u00e9 - STAGES HOTEL Prague","robots":{"index":"index","follow":"follow","max-snippet":"max-snippet:-1","max-image-preview":"max-image-preview:large","max-video-preview":"max-video-preview:-1"},"canonical":"https:\/\/www.stageshotel.com\/cz\/pokoje\/comfort-pokoje-triluzkove\/","og_locale":"cs_CZ","og_type":"article","og_title":"Comfort pokoje t\u0159\u00edl\u016f\u017ekov\u00e9 - STAGES HOTEL Prague","og_description":"Na\u0161e stylov\u00e9 a modern\u00ed comfort pokoje nab\u00edz\u00ed velk\u00e9 pohodl\u00ed. Jsou vybaveny kvalitn\u00edmi materi\u00e1ly a navr\u017eeny s velk\u00fdm citem pro detail. Ide\u00e1ln\u00ed m\u00edsto k relaxaci a odpo\u010dinku.","og_url":"https:\/\/www.stageshotel.com\/cz\/pokoje\/comfort-pokoje-triluzkove\/","og_site_name":"STAGES HOTEL Prague","article_publisher":"https:\/\/www.facebook.com\/stageshotelprague\/","article_modified_time":"2024-09-02T18:53:32+00:00","og_image":[{"width":2560,"height":1707,"url":"https:\/\/www.stageshotel.com\/wp-content\/uploads\/2024\/09\/24-31-TP-PRGTX_triple_01-scaled.jpg","type":"image\/jpeg"}],"twitter_card":"summary_large_image","schema":{"@context":"https:\/\/schema.org","@graph":[{"@type":"WebPage","@id":"https:\/\/www.stageshotel.com\/pokoje\/comfort-pokoje-triluzkove\/","url":"https:\/\/www.stageshotel.com\/pokoje\/comfort-pokoje-triluzkove\/","name":"Comfort pokoje t\u0159\u00edl\u016f\u017ekov\u00e9 - STAGES HOTEL Prague","isPartOf":{"@id":"https:\/\/www.stageshotel.com\/cz\/#website"},"primaryImageOfPage":{"@id":"https:\/\/www.stageshotel.com\/pokoje\/comfort-pokoje-triluzkove\/#primaryimage"},"image":{"@id":"https:\/\/www.stageshotel.com\/pokoje\/comfort-pokoje-triluzkove\/#primaryimage"},"thumbnailUrl":"https:\/\/www.stageshotel.com\/wp-content\/uploads\/2024\/09\/24-31-TP-PRGTX_triple_01-scaled.jpg","datePublished":"2024-04-24T19:39:15+00:00","dateModified":"2024-09-02T18:53:32+00:00","breadcrumb":{"@id":"https:\/\/www.stageshotel.com\/pokoje\/comfort-pokoje-triluzkove\/#breadcrumb"},"inLanguage":"cs","potentialAction":[{"@type":"ReadAction","target":["https:\/\/www.stageshotel.com\/pokoje\/comfort-pokoje-triluzkove\/"]}]},{"@type":"ImageObject","inLanguage":"cs","@id":"https:\/\/www.stageshotel.com\/pokoje\/comfort-pokoje-triluzkove\/#primaryimage","url":"https:\/\/www.stageshotel.com\/wp-content\/uploads\/2024\/09\/24-31-TP-PRGTX_triple_01-scaled.jpg","contentUrl":"https:\/\/www.stageshotel.com\/wp-content\/uploads\/2024\/09\/24-31-TP-PRGTX_triple_01-scaled.jpg","width":2560,"height":1707},{"@type":"BreadcrumbList","@id":"https:\/\/www.stageshotel.com\/pokoje\/comfort-pokoje-triluzkove\/#breadcrumb","itemListElement":[{"@type":"ListItem","position":1,"name":"Stages Hotel Prague","item":"https:\/\/www.stageshotel.com\/"},{"@type":"ListItem","position":2,"name":"Modern\u00ed pokoje a apartm\u00e1 p\u0159\u00edmo vedle O2 Areny","item":"https:\/\/www.stageshotel.com\/pokoje\/"},{"@type":"ListItem","position":3,"name":"Comfort pokoje t\u0159\u00edl\u016f\u017ekov\u00e9"}]},{"@type":"WebSite","@id":"https:\/\/www.stageshotel.com\/cz\/#website","url":"https:\/\/www.stageshotel.com\/cz\/","name":"STAGES HOTEL Prague","description":"","publisher":{"@id":"https:\/\/www.stageshotel.com\/cz\/#organization"},"potentialAction":[{"@type":"SearchAction","target":{"@type":"EntryPoint","urlTemplate":"https:\/\/www.stageshotel.com\/cz\/?s={search_term_string}"},"query-input":{"@type":"PropertyValueSpecification","valueRequired":true,"valueName":"search_term_string"}}],"inLanguage":"cs"},{"@type":"Organization","@id":"https:\/\/www.stageshotel.com\/cz\/#organization","name":"STAGES HOTEL","url":"https:\/\/www.stageshotel.com\/cz\/","logo":{"@type":"ImageObject","inLanguage":"cs","@id":"https:\/\/www.stageshotel.com\/cz\/#\/schema\/logo\/image\/","url":"https:\/\/www.stageshotel.com\/wp-content\/uploads\/2024\/11\/stages-hotel-logo.png","contentUrl":"https:\/\/www.stageshotel.com\/wp-content\/uploads\/2024\/11\/stages-hotel-logo.png","width":1536,"height":768,"caption":"STAGES HOTEL"},"image":{"@id":"https:\/\/www.stageshotel.com\/cz\/#\/schema\/logo\/image\/"},"sameAs":["https:\/\/www.facebook.com\/stageshotelprague\/","https:\/\/www.instagram.com\/stageshotelprague\/"]}]}},"_links":{"self":[{"href":"https:\/\/www.stageshotel.com\/cz\/wp-json\/wp\/v2\/pages\/697","targetHints":{"allow":["GET"]}}],"collection":[{"href":"https:\/\/www.stageshotel.com\/cz\/wp-json\/wp\/v2\/pages"}],"about":[{"href":"https:\/\/www.stageshotel.com\/cz\/wp-json\/wp\/v2\/types\/page"}],"author":[{"embeddable":true,"href":"https:\/\/www.stageshotel.com\/cz\/wp-json\/wp\/v2\/users\/1"}],"replies":[{"embeddable":true,"href":"https:\/\/www.stageshotel.com\/cz\/wp-json\/wp\/v2\/comments?post=697"}],"version-history":[{"count":5,"href":"https:\/\/www.stageshotel.com\/cz\/wp-json\/wp\/v2\/pages\/697\/revisions"}],"predecessor-version":[{"id":961,"href":"https:\/\/www.stageshotel.com\/cz\/wp-json\/wp\/v2\/pages\/697\/revisions\/961"}],"up":[{"embeddable":true,"href":"https:\/\/www.stageshotel.com\/cz\/wp-json\/wp\/v2\/pages\/24"}],"wp:featuredmedia":[{"embeddable":true,"href":"https:\/\/www.stageshotel.com\/cz\/wp-json\/wp\/v2\/media\/952"}],"wp:attachment":[{"href":"https:\/\/www.stageshotel.com\/cz\/wp-json\/wp\/v2\/media?parent=697"}],"curies":[{"name":"wp","href":"https:\/\/api.w.org\/{rel}","templated":true}]}}