{"id":704,"date":"2024-04-24T21:52:13","date_gmt":"2024-04-24T19:52:13","guid":{"rendered":"https:\/\/www.stageshotel.com\/?page_id=704"},"modified":"2024-05-21T13:58:31","modified_gmt":"2024-05-21T11:58:31","slug":"dvouloznicovy-rodinny-suite","status":"publish","type":"page","link":"https:\/\/www.stageshotel.com\/cz\/pokoje\/dvouloznicovy-rodinny-suite\/","title":{"rendered":"Dvoulo\u017enicov\u00fd rodinn\u00fd suite"},"content":{"rendered":"\n<p>Dvoulo\u017enicov\u00e9 rodinn\u00e9 apartm\u00e1 se nach\u00e1z\u00ed v 6. pat\u0159e a nab\u00edz\u00ed jedine\u010dn\u00fd z\u00e1\u017eitek z prostoru v\u010detn\u011b soukrom\u00e9 terasy.<\/p>\n\n\n\n<ul class=\"vybaveni wp-block-list\">\n<li>V\u00fdhled do okol\u00ed<\/li>\n\n\n\n<li>2 odd\u011blen\u00e9 lo\u017enice a ob\u00fdvac\u00ed pokoj<\/li>\n\n\n\n<li>63 m2<\/li>\n\n\n\n<li>Soukrom\u00e1 terasa<\/li>\n\n\n\n<li>Odd\u011blen\u00e1 koupelna a toaleta<\/li>\n\n\n\n<li>Vysokorychlostn\u00ed Wi-Fi internet (a\u017e 1 Gbps)<\/li>\n\n\n\n<li>3x 55\u00b4\u00b4 LCD televizor s v\u00edce ne\u017e 70 programy&nbsp;<\/li>\n\n\n\n<li>Trezor velikosti notebooku<\/li>\n\n\n\n<li>K\u00e1vovar a v\u00fdb\u011br \u010daj\u016f<\/li>\n\n\n\n<li>Pln\u011b vybaven\u00fd minibar<\/li>\n\n\n\n<li>Mal\u00e1 vinot\u00e9ka s vybran\u00fdmi v\u00edny<\/li>\n\n\n\n<li>Gramofon s v\u00fdb\u011brem vinylov\u00fdch desek<\/li>\n<\/ul>\n\n\n\n<div class=\"wp-block-buttons is-layout-flex wp-block-buttons-is-layout-flex\">\n<div class=\"wp-block-button btnalt rezervovat\"><a class=\"wp-block-button__link wp-element-button\" href=\"https:\/\/www.marriott.com\/hotels\/travel\/prgtx-stages-hotel-prague-a-tribute-portfolio-hotel\/\" target=\"_blank\" rel=\"noreferrer noopener\">Rezervovat<\/a><\/div>\n<\/div>\n\n\n\n<div style=\"height:50px\" aria-hidden=\"true\" class=\"wp-block-spacer\"><\/div>\n\n\n\n<figure class=\"wp-block-gallery has-nested-images columns-default is-cropped wp-block-gallery-1 is-layout-flex wp-block-gallery-is-layout-flex\">\n<figure class=\"wp-block-image size-medium\"><a href=\"https:\/\/www.stageshotel.com\/wp-content\/uploads\/2024\/03\/Stages-Hotel-Praha-Rodinne-Apartma-01.jpg\"><img loading=\"lazy\" decoding=\"async\" width=\"800\" height=\"533\" data-id=\"204\" src=\"https:\/\/www.stageshotel.com\/wp-content\/uploads\/2024\/03\/Stages-Hotel-Praha-Rodinne-Apartma-01-800x533.jpg\" alt=\"Stages Hotel Praha - Rodinn\u00e9 Apartm\u00e1 01\" class=\"wp-image-204\" srcset=\"https:\/\/www.stageshotel.com\/wp-content\/uploads\/2024\/03\/Stages-Hotel-Praha-Rodinne-Apartma-01-800x533.jpg 800w, https:\/\/www.stageshotel.com\/wp-content\/uploads\/2024\/03\/Stages-Hotel-Praha-Rodinne-Apartma-01.jpg 1600w\" sizes=\"auto, (max-width: 800px) 100vw, 800px\" \/><\/a><\/figure>\n\n\n\n<figure class=\"wp-block-image size-medium\"><a href=\"https:\/\/www.stageshotel.com\/wp-content\/uploads\/2024\/03\/Stages-Hotel-Praha-Rodinne-Apartma-02.jpg\"><img loading=\"lazy\" decoding=\"async\" width=\"800\" height=\"533\" data-id=\"203\" src=\"https:\/\/www.stageshotel.com\/wp-content\/uploads\/2024\/03\/Stages-Hotel-Praha-Rodinne-Apartma-02-800x533.jpg\" alt=\"Stages Hotel Praha - Rodinn\u00e9 Apartm\u00e1 02\" class=\"wp-image-203\" srcset=\"https:\/\/www.stageshotel.com\/wp-content\/uploads\/2024\/03\/Stages-Hotel-Praha-Rodinne-Apartma-02-800x533.jpg 800w, https:\/\/www.stageshotel.com\/wp-content\/uploads\/2024\/03\/Stages-Hotel-Praha-Rodinne-Apartma-02.jpg 1600w\" sizes=\"auto, (max-width: 800px) 100vw, 800px\" \/><\/a><\/figure>\n\n\n\n<figure class=\"wp-block-image size-medium\"><a href=\"https:\/\/www.stageshotel.com\/wp-content\/uploads\/2024\/03\/Stages-Hotel-Praha-Rodinne-Apartma-03.jpg\"><img loading=\"lazy\" decoding=\"async\" width=\"800\" height=\"533\" data-id=\"202\" src=\"https:\/\/www.stageshotel.com\/wp-content\/uploads\/2024\/03\/Stages-Hotel-Praha-Rodinne-Apartma-03-800x533.jpg\" alt=\"Stages Hotel Praha - Rodinn\u00e9 Apartm\u00e1 03\" class=\"wp-image-202\" srcset=\"https:\/\/www.stageshotel.com\/wp-content\/uploads\/2024\/03\/Stages-Hotel-Praha-Rodinne-Apartma-03-800x533.jpg 800w, https:\/\/www.stageshotel.com\/wp-content\/uploads\/2024\/03\/Stages-Hotel-Praha-Rodinne-Apartma-03.jpg 1600w\" sizes=\"auto, (max-width: 800px) 100vw, 800px\" \/><\/a><\/figure>\n\n\n\n<figure class=\"wp-block-image size-medium\"><a href=\"https:\/\/www.stageshotel.com\/wp-content\/uploads\/2024\/03\/Stages-Hotel-Praha-Rodinne-Apartma-04.jpg\"><img loading=\"lazy\" decoding=\"async\" width=\"800\" height=\"533\" data-id=\"201\" src=\"https:\/\/www.stageshotel.com\/wp-content\/uploads\/2024\/03\/Stages-Hotel-Praha-Rodinne-Apartma-04-800x533.jpg\" alt=\"Stages Hotel Praha - Rodinn\u00e9 Apartm\u00e1 04\" class=\"wp-image-201\" srcset=\"https:\/\/www.stageshotel.com\/wp-content\/uploads\/2024\/03\/Stages-Hotel-Praha-Rodinne-Apartma-04-800x533.jpg 800w, https:\/\/www.stageshotel.com\/wp-content\/uploads\/2024\/03\/Stages-Hotel-Praha-Rodinne-Apartma-04.jpg 1600w\" sizes=\"auto, (max-width: 800px) 100vw, 800px\" \/><\/a><\/figure>\n\n\n\n<figure class=\"wp-block-image size-medium\"><a href=\"https:\/\/www.stageshotel.com\/wp-content\/uploads\/2024\/03\/Stages-Hotel-Praha-Rodinne-Apartma-05.jpg\"><img loading=\"lazy\" decoding=\"async\" width=\"800\" height=\"533\" data-id=\"200\" src=\"https:\/\/www.stageshotel.com\/wp-content\/uploads\/2024\/03\/Stages-Hotel-Praha-Rodinne-Apartma-05-800x533.jpg\" alt=\"Stages Hotel Praha - Rodinn\u00e9 Apartm\u00e1 05\" class=\"wp-image-200\" srcset=\"https:\/\/www.stageshotel.com\/wp-content\/uploads\/2024\/03\/Stages-Hotel-Praha-Rodinne-Apartma-05-800x533.jpg 800w, https:\/\/www.stageshotel.com\/wp-content\/uploads\/2024\/03\/Stages-Hotel-Praha-Rodinne-Apartma-05.jpg 1600w\" sizes=\"auto, (max-width: 800px) 100vw, 800px\" \/><\/a><\/figure>\n\n\n\n<figure class=\"wp-block-image size-medium\"><a href=\"https:\/\/www.stageshotel.com\/wp-content\/uploads\/2024\/03\/Stages-Hotel-Praha-Rodinne-Apartma-06.jpg\"><img loading=\"lazy\" decoding=\"async\" width=\"800\" height=\"533\" data-id=\"199\" src=\"https:\/\/www.stageshotel.com\/wp-content\/uploads\/2024\/03\/Stages-Hotel-Praha-Rodinne-Apartma-06-800x533.jpg\" alt=\"Stages Hotel Praha - Rodinn\u00e9 Apartm\u00e1 06\" class=\"wp-image-199\" srcset=\"https:\/\/www.stageshotel.com\/wp-content\/uploads\/2024\/03\/Stages-Hotel-Praha-Rodinne-Apartma-06-800x533.jpg 800w, https:\/\/www.stageshotel.com\/wp-content\/uploads\/2024\/03\/Stages-Hotel-Praha-Rodinne-Apartma-06.jpg 1600w\" sizes=\"auto, (max-width: 800px) 100vw, 800px\" \/><\/a><\/figure>\n<\/figure>\n","protected":false},"excerpt":{"rendered":"<p>Dvoulo\u017enicov\u00e9 rodinn\u00e9 apartm\u00e1 se nach\u00e1z\u00ed v 6. pat\u0159e a nab\u00edz\u00ed jedine\u010dn\u00fd z\u00e1\u017eitek z prostoru v\u010detn\u011b soukrom\u00e9 terasy.<\/p>\n","protected":false},"author":1,"featured_media":144,"parent":24,"menu_order":11,"comment_status":"closed","ping_status":"closed","template":"","meta":{"footnotes":""},"class_list":["post-704","page","type-page","status-publish","has-post-thumbnail","hentry"],"yoast_head":"<!-- This site is optimized with the Yoast SEO plugin v27.3 - https:\/\/yoast.com\/product\/yoast-seo-wordpress\/ -->\n<title>Dvoulo\u017enicov\u00fd rodinn\u00fd suite - STAGES HOTEL Prague<\/title>\n<meta name=\"robots\" content=\"index, follow, max-snippet:-1, max-image-preview:large, max-video-preview:-1\" \/>\n<link rel=\"canonical\" href=\"https:\/\/www.stageshotel.com\/cz\/pokoje\/dvouloznicovy-rodinny-suite\/\" \/>\n<meta property=\"og:locale\" content=\"cs_CZ\" \/>\n<meta property=\"og:type\" content=\"article\" \/>\n<meta property=\"og:title\" content=\"Dvoulo\u017enicov\u00fd rodinn\u00fd suite - STAGES HOTEL Prague\" \/>\n<meta property=\"og:description\" content=\"Dvoulo\u017enicov\u00e9 rodinn\u00e9 apartm\u00e1 se nach\u00e1z\u00ed v 6. pat\u0159e a nab\u00edz\u00ed jedine\u010dn\u00fd z\u00e1\u017eitek z prostoru v\u010detn\u011b soukrom\u00e9 terasy.\" \/>\n<meta property=\"og:url\" content=\"https:\/\/www.stageshotel.com\/cz\/pokoje\/dvouloznicovy-rodinny-suite\/\" \/>\n<meta property=\"og:site_name\" content=\"STAGES HOTEL Prague\" \/>\n<meta property=\"article:publisher\" content=\"https:\/\/www.facebook.com\/stageshotelprague\/\" \/>\n<meta property=\"article:modified_time\" content=\"2024-05-21T11:58:31+00:00\" \/>\n<meta property=\"og:image\" content=\"https:\/\/www.stageshotel.com\/wp-content\/uploads\/2024\/03\/Stages-Hotel-Praha-Rodinne-Apartma.jpg\" \/>\n\t<meta property=\"og:image:width\" content=\"1600\" \/>\n\t<meta property=\"og:image:height\" content=\"1066\" \/>\n\t<meta property=\"og:image:type\" content=\"image\/jpeg\" \/>\n<meta name=\"twitter:card\" content=\"summary_large_image\" \/>\n<script type=\"application\/ld+json\" class=\"yoast-schema-graph\">{\"@context\":\"https:\\\/\\\/schema.org\",\"@graph\":[{\"@type\":\"WebPage\",\"@id\":\"https:\\\/\\\/www.stageshotel.com\\\/pokoje\\\/dvouloznicovy-rodinny-suite\\\/\",\"url\":\"https:\\\/\\\/www.stageshotel.com\\\/pokoje\\\/dvouloznicovy-rodinny-suite\\\/\",\"name\":\"Dvoulo\u017enicov\u00fd rodinn\u00fd suite - STAGES HOTEL Prague\",\"isPartOf\":{\"@id\":\"https:\\\/\\\/www.stageshotel.com\\\/cz\\\/#website\"},\"primaryImageOfPage\":{\"@id\":\"https:\\\/\\\/www.stageshotel.com\\\/pokoje\\\/dvouloznicovy-rodinny-suite\\\/#primaryimage\"},\"image\":{\"@id\":\"https:\\\/\\\/www.stageshotel.com\\\/pokoje\\\/dvouloznicovy-rodinny-suite\\\/#primaryimage\"},\"thumbnailUrl\":\"https:\\\/\\\/www.stageshotel.com\\\/wp-content\\\/uploads\\\/2024\\\/03\\\/Stages-Hotel-Praha-Rodinne-Apartma.jpg\",\"datePublished\":\"2024-04-24T19:52:13+00:00\",\"dateModified\":\"2024-05-21T11:58:31+00:00\",\"breadcrumb\":{\"@id\":\"https:\\\/\\\/www.stageshotel.com\\\/pokoje\\\/dvouloznicovy-rodinny-suite\\\/#breadcrumb\"},\"inLanguage\":\"cs\",\"potentialAction\":[{\"@type\":\"ReadAction\",\"target\":[\"https:\\\/\\\/www.stageshotel.com\\\/pokoje\\\/dvouloznicovy-rodinny-suite\\\/\"]}]},{\"@type\":\"ImageObject\",\"inLanguage\":\"cs\",\"@id\":\"https:\\\/\\\/www.stageshotel.com\\\/pokoje\\\/dvouloznicovy-rodinny-suite\\\/#primaryimage\",\"url\":\"https:\\\/\\\/www.stageshotel.com\\\/wp-content\\\/uploads\\\/2024\\\/03\\\/Stages-Hotel-Praha-Rodinne-Apartma.jpg\",\"contentUrl\":\"https:\\\/\\\/www.stageshotel.com\\\/wp-content\\\/uploads\\\/2024\\\/03\\\/Stages-Hotel-Praha-Rodinne-Apartma.jpg\",\"width\":1600,\"height\":1066,\"caption\":\"Stages Hotel Praha - Rodinn\u00e9 Apartm\u00e1\"},{\"@type\":\"BreadcrumbList\",\"@id\":\"https:\\\/\\\/www.stageshotel.com\\\/pokoje\\\/dvouloznicovy-rodinny-suite\\\/#breadcrumb\",\"itemListElement\":[{\"@type\":\"ListItem\",\"position\":1,\"name\":\"Stages Hotel Prague\",\"item\":\"https:\\\/\\\/www.stageshotel.com\\\/\"},{\"@type\":\"ListItem\",\"position\":2,\"name\":\"Modern\u00ed pokoje a apartm\u00e1 p\u0159\u00edmo vedle O2 Areny\",\"item\":\"https:\\\/\\\/www.stageshotel.com\\\/pokoje\\\/\"},{\"@type\":\"ListItem\",\"position\":3,\"name\":\"Dvoulo\u017enicov\u00fd rodinn\u00fd suite\"}]},{\"@type\":\"WebSite\",\"@id\":\"https:\\\/\\\/www.stageshotel.com\\\/cz\\\/#website\",\"url\":\"https:\\\/\\\/www.stageshotel.com\\\/cz\\\/\",\"name\":\"STAGES HOTEL Prague\",\"description\":\"\",\"publisher\":{\"@id\":\"https:\\\/\\\/www.stageshotel.com\\\/cz\\\/#organization\"},\"potentialAction\":[{\"@type\":\"SearchAction\",\"target\":{\"@type\":\"EntryPoint\",\"urlTemplate\":\"https:\\\/\\\/www.stageshotel.com\\\/cz\\\/?s={search_term_string}\"},\"query-input\":{\"@type\":\"PropertyValueSpecification\",\"valueRequired\":true,\"valueName\":\"search_term_string\"}}],\"inLanguage\":\"cs\"},{\"@type\":\"Organization\",\"@id\":\"https:\\\/\\\/www.stageshotel.com\\\/cz\\\/#organization\",\"name\":\"STAGES HOTEL\",\"url\":\"https:\\\/\\\/www.stageshotel.com\\\/cz\\\/\",\"logo\":{\"@type\":\"ImageObject\",\"inLanguage\":\"cs\",\"@id\":\"https:\\\/\\\/www.stageshotel.com\\\/cz\\\/#\\\/schema\\\/logo\\\/image\\\/\",\"url\":\"https:\\\/\\\/www.stageshotel.com\\\/wp-content\\\/uploads\\\/2024\\\/11\\\/stages-hotel-logo.png\",\"contentUrl\":\"https:\\\/\\\/www.stageshotel.com\\\/wp-content\\\/uploads\\\/2024\\\/11\\\/stages-hotel-logo.png\",\"width\":1536,\"height\":768,\"caption\":\"STAGES HOTEL\"},\"image\":{\"@id\":\"https:\\\/\\\/www.stageshotel.com\\\/cz\\\/#\\\/schema\\\/logo\\\/image\\\/\"},\"sameAs\":[\"https:\\\/\\\/www.facebook.com\\\/stageshotelprague\\\/\",\"https:\\\/\\\/www.instagram.com\\\/stageshotelprague\\\/\"]}]}<\/script>\n<!-- \/ Yoast SEO plugin. -->","yoast_head_json":{"title":"Dvoulo\u017enicov\u00fd rodinn\u00fd suite - STAGES HOTEL Prague","robots":{"index":"index","follow":"follow","max-snippet":"max-snippet:-1","max-image-preview":"max-image-preview:large","max-video-preview":"max-video-preview:-1"},"canonical":"https:\/\/www.stageshotel.com\/cz\/pokoje\/dvouloznicovy-rodinny-suite\/","og_locale":"cs_CZ","og_type":"article","og_title":"Dvoulo\u017enicov\u00fd rodinn\u00fd suite - STAGES HOTEL Prague","og_description":"Dvoulo\u017enicov\u00e9 rodinn\u00e9 apartm\u00e1 se nach\u00e1z\u00ed v 6. pat\u0159e a nab\u00edz\u00ed jedine\u010dn\u00fd z\u00e1\u017eitek z prostoru v\u010detn\u011b soukrom\u00e9 terasy.","og_url":"https:\/\/www.stageshotel.com\/cz\/pokoje\/dvouloznicovy-rodinny-suite\/","og_site_name":"STAGES HOTEL Prague","article_publisher":"https:\/\/www.facebook.com\/stageshotelprague\/","article_modified_time":"2024-05-21T11:58:31+00:00","og_image":[{"width":1600,"height":1066,"url":"https:\/\/www.stageshotel.com\/wp-content\/uploads\/2024\/03\/Stages-Hotel-Praha-Rodinne-Apartma.jpg","type":"image\/jpeg"}],"twitter_card":"summary_large_image","schema":{"@context":"https:\/\/schema.org","@graph":[{"@type":"WebPage","@id":"https:\/\/www.stageshotel.com\/pokoje\/dvouloznicovy-rodinny-suite\/","url":"https:\/\/www.stageshotel.com\/pokoje\/dvouloznicovy-rodinny-suite\/","name":"Dvoulo\u017enicov\u00fd rodinn\u00fd suite - STAGES HOTEL Prague","isPartOf":{"@id":"https:\/\/www.stageshotel.com\/cz\/#website"},"primaryImageOfPage":{"@id":"https:\/\/www.stageshotel.com\/pokoje\/dvouloznicovy-rodinny-suite\/#primaryimage"},"image":{"@id":"https:\/\/www.stageshotel.com\/pokoje\/dvouloznicovy-rodinny-suite\/#primaryimage"},"thumbnailUrl":"https:\/\/www.stageshotel.com\/wp-content\/uploads\/2024\/03\/Stages-Hotel-Praha-Rodinne-Apartma.jpg","datePublished":"2024-04-24T19:52:13+00:00","dateModified":"2024-05-21T11:58:31+00:00","breadcrumb":{"@id":"https:\/\/www.stageshotel.com\/pokoje\/dvouloznicovy-rodinny-suite\/#breadcrumb"},"inLanguage":"cs","potentialAction":[{"@type":"ReadAction","target":["https:\/\/www.stageshotel.com\/pokoje\/dvouloznicovy-rodinny-suite\/"]}]},{"@type":"ImageObject","inLanguage":"cs","@id":"https:\/\/www.stageshotel.com\/pokoje\/dvouloznicovy-rodinny-suite\/#primaryimage","url":"https:\/\/www.stageshotel.com\/wp-content\/uploads\/2024\/03\/Stages-Hotel-Praha-Rodinne-Apartma.jpg","contentUrl":"https:\/\/www.stageshotel.com\/wp-content\/uploads\/2024\/03\/Stages-Hotel-Praha-Rodinne-Apartma.jpg","width":1600,"height":1066,"caption":"Stages Hotel Praha - Rodinn\u00e9 Apartm\u00e1"},{"@type":"BreadcrumbList","@id":"https:\/\/www.stageshotel.com\/pokoje\/dvouloznicovy-rodinny-suite\/#breadcrumb","itemListElement":[{"@type":"ListItem","position":1,"name":"Stages Hotel Prague","item":"https:\/\/www.stageshotel.com\/"},{"@type":"ListItem","position":2,"name":"Modern\u00ed pokoje a apartm\u00e1 p\u0159\u00edmo vedle O2 Areny","item":"https:\/\/www.stageshotel.com\/pokoje\/"},{"@type":"ListItem","position":3,"name":"Dvoulo\u017enicov\u00fd rodinn\u00fd suite"}]},{"@type":"WebSite","@id":"https:\/\/www.stageshotel.com\/cz\/#website","url":"https:\/\/www.stageshotel.com\/cz\/","name":"STAGES HOTEL Prague","description":"","publisher":{"@id":"https:\/\/www.stageshotel.com\/cz\/#organization"},"potentialAction":[{"@type":"SearchAction","target":{"@type":"EntryPoint","urlTemplate":"https:\/\/www.stageshotel.com\/cz\/?s={search_term_string}"},"query-input":{"@type":"PropertyValueSpecification","valueRequired":true,"valueName":"search_term_string"}}],"inLanguage":"cs"},{"@type":"Organization","@id":"https:\/\/www.stageshotel.com\/cz\/#organization","name":"STAGES HOTEL","url":"https:\/\/www.stageshotel.com\/cz\/","logo":{"@type":"ImageObject","inLanguage":"cs","@id":"https:\/\/www.stageshotel.com\/cz\/#\/schema\/logo\/image\/","url":"https:\/\/www.stageshotel.com\/wp-content\/uploads\/2024\/11\/stages-hotel-logo.png","contentUrl":"https:\/\/www.stageshotel.com\/wp-content\/uploads\/2024\/11\/stages-hotel-logo.png","width":1536,"height":768,"caption":"STAGES HOTEL"},"image":{"@id":"https:\/\/www.stageshotel.com\/cz\/#\/schema\/logo\/image\/"},"sameAs":["https:\/\/www.facebook.com\/stageshotelprague\/","https:\/\/www.instagram.com\/stageshotelprague\/"]}]}},"_links":{"self":[{"href":"https:\/\/www.stageshotel.com\/cz\/wp-json\/wp\/v2\/pages\/704","targetHints":{"allow":["GET"]}}],"collection":[{"href":"https:\/\/www.stageshotel.com\/cz\/wp-json\/wp\/v2\/pages"}],"about":[{"href":"https:\/\/www.stageshotel.com\/cz\/wp-json\/wp\/v2\/types\/page"}],"author":[{"embeddable":true,"href":"https:\/\/www.stageshotel.com\/cz\/wp-json\/wp\/v2\/users\/1"}],"replies":[{"embeddable":true,"href":"https:\/\/www.stageshotel.com\/cz\/wp-json\/wp\/v2\/comments?post=704"}],"version-history":[{"count":2,"href":"https:\/\/www.stageshotel.com\/cz\/wp-json\/wp\/v2\/pages\/704\/revisions"}],"predecessor-version":[{"id":857,"href":"https:\/\/www.stageshotel.com\/cz\/wp-json\/wp\/v2\/pages\/704\/revisions\/857"}],"up":[{"embeddable":true,"href":"https:\/\/www.stageshotel.com\/cz\/wp-json\/wp\/v2\/pages\/24"}],"wp:featuredmedia":[{"embeddable":true,"href":"https:\/\/www.stageshotel.com\/cz\/wp-json\/wp\/v2\/media\/144"}],"wp:attachment":[{"href":"https:\/\/www.stageshotel.com\/cz\/wp-json\/wp\/v2\/media?parent=704"}],"curies":[{"name":"wp","href":"https:\/\/api.w.org\/{rel}","templated":true}]}}