{"id":963,"date":"2024-09-09T22:57:36","date_gmt":"2024-09-09T20:57:36","guid":{"rendered":"https:\/\/www.stageshotel.com\/?page_id=963"},"modified":"2025-04-14T16:16:43","modified_gmt":"2025-04-14T14:16:43","slug":"stul-sampionu","status":"publish","type":"page","link":"https:\/\/www.stageshotel.com\/cz\/stul-sampionu\/","title":{"rendered":"St\u016fl \u0161ampion\u016f"},"content":{"rendered":"\n<h2 class=\"wp-block-heading\">Za\u017eijte chu\u0165 v\u00edt\u011bzstv\u00ed u STOLU \u0160AMPI\u00d3N\u016e ve STAGES HOTEL Prague!&nbsp;<\/h2>\n\n\n\n<p>V\u00edtejte v\u00a0BACKSTAGE RESTAURANTu STAGES HOTEL Prague, kde se psala historie \u2013 pr\u00e1v\u011b zde bydlela \u010desk\u00e1 hokejov\u00e1 reprezentace, kter\u00e1 triumfovala na Mistrovstv\u00ed sv\u011bta v\u00a0hokeji v roce 2024.\u00a0Na jejich po\u010dest jsme vytvo\u0159ili\u00a0<strong>ST\u016eL \u0160AMPI\u00d3N\u016e<\/strong>, kde za\u017eijete jedine\u010dnou atmosf\u00e9ru v\u00edt\u011bzstv\u00ed. M\u016f\u017eete si prohl\u00e9dnout\u00a0origin\u00e1l zlat\u00e9 medaile\u00a0a puky s fascinuj\u00edc\u00edmi informacemi o Mistrovstv\u00ed sv\u011bta, a co v\u00edc \u2013 usednout na \u017eidli Dostyho, \u010cervuse\u00a0\u010di jin\u00fdch hokejov\u00fdch legend!<\/p>\n\n\n\n<p>Aby byl z\u00e1\u017eitek naprosto dokonal\u00fd, p\u0159ipravili jsme pro v\u00e1s&nbsp;<strong>z\u00e1\u017eitkov\u00e9 hokejov\u00e9 menu<\/strong> inspirovan\u00e9 j\u00eddly, kter\u00e1 jsme na\u0161emu zlat\u00e9mu t\u00fdmu v&nbsp;pr\u016fb\u011bhu \u0161ampion\u00e1tu serv\u00edrovali.&nbsp;<strong>P\u0159ij\u010fte ochutnat j\u00eddla, kter\u00e1&nbsp;dod\u00e1vala energii \u0161ampion\u016fm, a vychutnejte si ka\u017ed\u00fd okam\u017eik, jako byste sami st\u00e1li na led\u011b.<\/strong><\/p>\n\n\n\n<div style=\"height:100px\" aria-hidden=\"true\" class=\"wp-block-spacer\"><\/div>\n\n\n\n<div class=\"wp-block-media-text has-media-on-the-right is-stacked-on-mobile is-image-fill-element\"><div class=\"wp-block-media-text__content\">\n<h2 class=\"wp-block-heading\">Z\u00e1\u017eitkov\u00e9 hokejov\u00e9 menu<\/h2>\n\n\n\n<p>Spojte chu\u0165 v\u00edt\u011bzstv\u00ed s v\u00fdjime\u010dn\u00fdmi pokrmy, kter\u00e9 v\u00e1s p\u0159enesou p\u0159\u00edmo do srdce hokejov\u00fdch bitev!<\/p>\n\n\n\n<p><strong>P\u0158EDKRM<\/strong><\/p>\n\n\n\n<ul class=\"wp-block-list\">\n<li>Tartar z avok\u00e1da, krevety, chilli majon\u00e9za, koriandrov\u00fd olej<\/li>\n<\/ul>\n\n\n\n<p><strong>HLAVN\u00cd J\u00cdDLO<\/strong><\/p>\n\n\n\n<ul class=\"wp-block-list\">\n<li>Hov\u011bz\u00ed sta\u0159en\u00fd chuck eye roll, gratinovan\u00e9 smetanov\u00e9 brambory, pep\u0159ov\u00e1 om\u00e1\u010dka&nbsp;<br>&#8211; <em>nebo<\/em>&nbsp;&#8211;<\/li>\n\n\n\n<li>Steak z lososa, grilovan\u00e1 zelenina s pak choi, om\u00e1\u010dka beurre blanc<\/li>\n<\/ul>\n\n\n\n<p><strong>DIGESTIV<\/strong><\/p>\n\n\n\n<ul class=\"wp-block-list\">\n<li>Jaegermeister shot \/ Nealko shot<\/li>\n<\/ul>\n\n\n\n<p><strong>DEZERT<\/strong><\/p>\n\n\n\n<ul class=\"wp-block-list\">\n<li>Limetkov\u00fd&nbsp;cheesecake jako puk, ostru\u017einov\u00e1 om\u00e1\u010dka, jogurtov\u00e1 zmrzlina<\/li>\n<\/ul>\n\n\n\n<p><strong>Cena:<\/strong>&nbsp;995 K\u010d<\/p>\n\n\n\n<p>Rezervace nutn\u00e1 min. 48 hod. p\u0159edem, <\/p>\n\n\n\n<p>minim\u00e1ln\u00ed po\u010det osob 4.<\/p>\n<\/div><figure class=\"wp-block-media-text__media\"><img loading=\"lazy\" decoding=\"async\" width=\"1200\" height=\"1600\" src=\"https:\/\/www.stageshotel.com\/wp-content\/uploads\/2024\/09\/Zazitkove-hokejove-menu-1200x1600.jpg\" alt=\"Za\u017eijte chu\u0165 v\u00edt\u011bzstv\u00ed u Stolu \u0161ampion\u016f ve STAGES HOTEL Prague!\" class=\"wp-image-984 size-large\" style=\"object-position:50% 50%\" srcset=\"https:\/\/www.stageshotel.com\/wp-content\/uploads\/2024\/09\/Zazitkove-hokejove-menu-1200x1600.jpg 1200w, https:\/\/www.stageshotel.com\/wp-content\/uploads\/2024\/09\/Zazitkove-hokejove-menu-600x800.jpg 600w, https:\/\/www.stageshotel.com\/wp-content\/uploads\/2024\/09\/Zazitkove-hokejove-menu-9x12.jpg 9w, https:\/\/www.stageshotel.com\/wp-content\/uploads\/2024\/09\/Zazitkove-hokejove-menu-scaled.jpg 1920w\" sizes=\"auto, (max-width: 1200px) 100vw, 1200px\" \/><\/figure><\/div>\n\n\n\n<p>&nbsp;<\/p>\n\n\n\n<p>&nbsp;<\/p>\n\n\n\n<h3 class=\"wp-block-heading\">St\u016fl \u0161ampion\u016f ve STAGES HOTEL Prague<\/h3>\n\n\n\n<p>Tady se historie nejen tvo\u0159ila, ale doslova chutn\u00e1! Ka\u017ed\u00e1 \u017eidle s jm\u00e9nem&nbsp;\u010dlena all-stars teamu MSLH 2024&nbsp;a ka\u017ed\u00e9 sousto tohoto exkluzivn\u00edho menu v\u00e1s vt\u00e1hne do sv\u011bta hokejov\u00fdch v\u00edt\u011bzstv\u00ed a radosti. Rezervujte si sv\u00e9 m\u00edsto a za\u017eijte chu\u0165 \u0161ampion\u016f na vlastn\u00ed k\u016f\u017ei!<\/p>\n\n\n\n<p>&nbsp;<\/p>\n\n\n\n<div class=\"wp-block-buttons is-content-justification-center is-layout-flex wp-container-core-buttons-is-layout-16018d1d wp-block-buttons-is-layout-flex\">\n<div class=\"wp-block-button\"><a class=\"wp-block-button__link wp-element-button\" href=\"mailto:info@backstagerestaurant.cz\">info@backstagerestaurant.cz<\/a><\/div>\n\n\n\n<div class=\"wp-block-button btnalt\"><a class=\"wp-block-button__link wp-element-button\" href=\"https:\/\/reservation.dish.co\/widget\/hydra-5b428450-2cc8-11ec-b06f-8d784f53f798\" target=\"_blank\" rel=\"noreferrer noopener\">+420 221 000 151<\/a><\/div>\n\n\n\n<div class=\"wp-block-button\"><a class=\"wp-block-button__link wp-element-button\" href=\"https:\/\/www.backstagerestaurant.cz\/\" target=\"_blank\" rel=\"noreferrer noopener\">backstagerestaurant.cz<\/a><\/div>\n<\/div>\n","protected":false},"excerpt":{"rendered":"<p>Za\u017eijte chu\u0165 v\u00edt\u011bzstv\u00ed u STOLU \u0160AMPI\u00d3N\u016e ve STAGES HOTEL Prague!&nbsp; V\u00edtejte v\u00a0BACKSTAGE RESTAURANTu STAGES HOTEL Prague, kde se psala historie \u2013 pr\u00e1v\u011b zde bydlela \u010desk\u00e1 hokejov\u00e1 reprezentace, kter\u00e1 triumfovala na Mistrovstv\u00ed sv\u011bta v\u00a0hokeji v roce 2024.\u00a0Na jejich po\u010dest jsme vytvo\u0159ili\u00a0ST\u016eL \u0160AMPI\u00d3N\u016e, kde za\u017eijete jedine\u010dnou atmosf\u00e9ru v\u00edt\u011bzstv\u00ed. M\u016f\u017eete si prohl\u00e9dnout\u00a0origin\u00e1l zlat\u00e9 medaile\u00a0a puky s fascinuj\u00edc\u00edmi informacemi [&hellip;]<\/p>\n","protected":false},"author":1,"featured_media":986,"parent":0,"menu_order":0,"comment_status":"closed","ping_status":"closed","template":"","meta":{"footnotes":""},"class_list":["post-963","page","type-page","status-publish","has-post-thumbnail","hentry"],"yoast_head":"<!-- This site is optimized with the Yoast SEO plugin v27.3 - https:\/\/yoast.com\/product\/yoast-seo-wordpress\/ -->\n<title>St\u016fl \u0161ampion\u016f - STAGES HOTEL Prague<\/title>\n<meta name=\"robots\" content=\"index, follow, max-snippet:-1, max-image-preview:large, max-video-preview:-1\" \/>\n<link rel=\"canonical\" href=\"https:\/\/www.stageshotel.com\/cz\/stul-sampionu\/\" \/>\n<meta property=\"og:locale\" content=\"cs_CZ\" \/>\n<meta property=\"og:type\" content=\"article\" \/>\n<meta property=\"og:title\" content=\"St\u016fl \u0161ampion\u016f - STAGES HOTEL Prague\" \/>\n<meta property=\"og:description\" content=\"Za\u017eijte chu\u0165 v\u00edt\u011bzstv\u00ed u STOLU \u0160AMPI\u00d3N\u016e ve STAGES HOTEL Prague!&nbsp; V\u00edtejte v\u00a0BACKSTAGE RESTAURANTu STAGES HOTEL Prague, kde se psala historie \u2013 pr\u00e1v\u011b zde bydlela \u010desk\u00e1 hokejov\u00e1 reprezentace, kter\u00e1 triumfovala na Mistrovstv\u00ed sv\u011bta v\u00a0hokeji v roce 2024.\u00a0Na jejich po\u010dest jsme vytvo\u0159ili\u00a0ST\u016eL \u0160AMPI\u00d3N\u016e, kde za\u017eijete jedine\u010dnou atmosf\u00e9ru v\u00edt\u011bzstv\u00ed. M\u016f\u017eete si prohl\u00e9dnout\u00a0origin\u00e1l zlat\u00e9 medaile\u00a0a puky s fascinuj\u00edc\u00edmi informacemi [&hellip;]\" \/>\n<meta property=\"og:url\" content=\"https:\/\/www.stageshotel.com\/cz\/stul-sampionu\/\" \/>\n<meta property=\"og:site_name\" content=\"STAGES HOTEL Prague\" \/>\n<meta property=\"article:publisher\" content=\"https:\/\/www.facebook.com\/stageshotelprague\/\" \/>\n<meta property=\"article:modified_time\" content=\"2025-04-14T14:16:43+00:00\" \/>\n<meta property=\"og:image\" content=\"https:\/\/www.stageshotel.com\/wp-content\/uploads\/2024\/09\/Stul-sampionu-scaled.jpeg\" \/>\n\t<meta property=\"og:image:width\" content=\"2560\" \/>\n\t<meta property=\"og:image:height\" content=\"1920\" \/>\n\t<meta property=\"og:image:type\" content=\"image\/jpeg\" \/>\n<meta name=\"twitter:card\" content=\"summary_large_image\" \/>\n<meta name=\"twitter:label1\" content=\"Odhadovan\u00e1 doba \u010dten\u00ed\" \/>\n\t<meta name=\"twitter:data1\" content=\"2 minuty\" \/>\n<script type=\"application\/ld+json\" class=\"yoast-schema-graph\">{\"@context\":\"https:\\\/\\\/schema.org\",\"@graph\":[{\"@type\":\"WebPage\",\"@id\":\"https:\\\/\\\/www.stageshotel.com\\\/stul-sampionu\\\/\",\"url\":\"https:\\\/\\\/www.stageshotel.com\\\/stul-sampionu\\\/\",\"name\":\"St\u016fl \u0161ampion\u016f - STAGES HOTEL Prague\",\"isPartOf\":{\"@id\":\"https:\\\/\\\/www.stageshotel.com\\\/cz\\\/#website\"},\"primaryImageOfPage\":{\"@id\":\"https:\\\/\\\/www.stageshotel.com\\\/stul-sampionu\\\/#primaryimage\"},\"image\":{\"@id\":\"https:\\\/\\\/www.stageshotel.com\\\/stul-sampionu\\\/#primaryimage\"},\"thumbnailUrl\":\"https:\\\/\\\/www.stageshotel.com\\\/wp-content\\\/uploads\\\/2024\\\/09\\\/Stul-sampionu-scaled.jpeg\",\"datePublished\":\"2024-09-09T20:57:36+00:00\",\"dateModified\":\"2025-04-14T14:16:43+00:00\",\"breadcrumb\":{\"@id\":\"https:\\\/\\\/www.stageshotel.com\\\/stul-sampionu\\\/#breadcrumb\"},\"inLanguage\":\"cs\",\"potentialAction\":[{\"@type\":\"ReadAction\",\"target\":[\"https:\\\/\\\/www.stageshotel.com\\\/stul-sampionu\\\/\"]}]},{\"@type\":\"ImageObject\",\"inLanguage\":\"cs\",\"@id\":\"https:\\\/\\\/www.stageshotel.com\\\/stul-sampionu\\\/#primaryimage\",\"url\":\"https:\\\/\\\/www.stageshotel.com\\\/wp-content\\\/uploads\\\/2024\\\/09\\\/Stul-sampionu-scaled.jpeg\",\"contentUrl\":\"https:\\\/\\\/www.stageshotel.com\\\/wp-content\\\/uploads\\\/2024\\\/09\\\/Stul-sampionu-scaled.jpeg\",\"width\":2560,\"height\":1920,\"caption\":\"St\u016fl \u0161ampion\u016f\"},{\"@type\":\"BreadcrumbList\",\"@id\":\"https:\\\/\\\/www.stageshotel.com\\\/stul-sampionu\\\/#breadcrumb\",\"itemListElement\":[{\"@type\":\"ListItem\",\"position\":1,\"name\":\"Stages Hotel Prague\",\"item\":\"https:\\\/\\\/www.stageshotel.com\\\/\"},{\"@type\":\"ListItem\",\"position\":2,\"name\":\"St\u016fl \u0161ampion\u016f\"}]},{\"@type\":\"WebSite\",\"@id\":\"https:\\\/\\\/www.stageshotel.com\\\/cz\\\/#website\",\"url\":\"https:\\\/\\\/www.stageshotel.com\\\/cz\\\/\",\"name\":\"STAGES HOTEL Prague\",\"description\":\"\",\"publisher\":{\"@id\":\"https:\\\/\\\/www.stageshotel.com\\\/cz\\\/#organization\"},\"potentialAction\":[{\"@type\":\"SearchAction\",\"target\":{\"@type\":\"EntryPoint\",\"urlTemplate\":\"https:\\\/\\\/www.stageshotel.com\\\/cz\\\/?s={search_term_string}\"},\"query-input\":{\"@type\":\"PropertyValueSpecification\",\"valueRequired\":true,\"valueName\":\"search_term_string\"}}],\"inLanguage\":\"cs\"},{\"@type\":\"Organization\",\"@id\":\"https:\\\/\\\/www.stageshotel.com\\\/cz\\\/#organization\",\"name\":\"STAGES HOTEL\",\"url\":\"https:\\\/\\\/www.stageshotel.com\\\/cz\\\/\",\"logo\":{\"@type\":\"ImageObject\",\"inLanguage\":\"cs\",\"@id\":\"https:\\\/\\\/www.stageshotel.com\\\/cz\\\/#\\\/schema\\\/logo\\\/image\\\/\",\"url\":\"https:\\\/\\\/www.stageshotel.com\\\/wp-content\\\/uploads\\\/2024\\\/11\\\/stages-hotel-logo.png\",\"contentUrl\":\"https:\\\/\\\/www.stageshotel.com\\\/wp-content\\\/uploads\\\/2024\\\/11\\\/stages-hotel-logo.png\",\"width\":1536,\"height\":768,\"caption\":\"STAGES HOTEL\"},\"image\":{\"@id\":\"https:\\\/\\\/www.stageshotel.com\\\/cz\\\/#\\\/schema\\\/logo\\\/image\\\/\"},\"sameAs\":[\"https:\\\/\\\/www.facebook.com\\\/stageshotelprague\\\/\",\"https:\\\/\\\/www.instagram.com\\\/stageshotelprague\\\/\"]}]}<\/script>\n<!-- \/ Yoast SEO plugin. -->","yoast_head_json":{"title":"St\u016fl \u0161ampion\u016f - STAGES HOTEL Prague","robots":{"index":"index","follow":"follow","max-snippet":"max-snippet:-1","max-image-preview":"max-image-preview:large","max-video-preview":"max-video-preview:-1"},"canonical":"https:\/\/www.stageshotel.com\/cz\/stul-sampionu\/","og_locale":"cs_CZ","og_type":"article","og_title":"St\u016fl \u0161ampion\u016f - STAGES HOTEL Prague","og_description":"Za\u017eijte chu\u0165 v\u00edt\u011bzstv\u00ed u STOLU \u0160AMPI\u00d3N\u016e ve STAGES HOTEL Prague!&nbsp; V\u00edtejte v\u00a0BACKSTAGE RESTAURANTu STAGES HOTEL Prague, kde se psala historie \u2013 pr\u00e1v\u011b zde bydlela \u010desk\u00e1 hokejov\u00e1 reprezentace, kter\u00e1 triumfovala na Mistrovstv\u00ed sv\u011bta v\u00a0hokeji v roce 2024.\u00a0Na jejich po\u010dest jsme vytvo\u0159ili\u00a0ST\u016eL \u0160AMPI\u00d3N\u016e, kde za\u017eijete jedine\u010dnou atmosf\u00e9ru v\u00edt\u011bzstv\u00ed. M\u016f\u017eete si prohl\u00e9dnout\u00a0origin\u00e1l zlat\u00e9 medaile\u00a0a puky s fascinuj\u00edc\u00edmi informacemi [&hellip;]","og_url":"https:\/\/www.stageshotel.com\/cz\/stul-sampionu\/","og_site_name":"STAGES HOTEL Prague","article_publisher":"https:\/\/www.facebook.com\/stageshotelprague\/","article_modified_time":"2025-04-14T14:16:43+00:00","og_image":[{"width":2560,"height":1920,"url":"https:\/\/www.stageshotel.com\/wp-content\/uploads\/2024\/09\/Stul-sampionu-scaled.jpeg","type":"image\/jpeg"}],"twitter_card":"summary_large_image","twitter_misc":{"Odhadovan\u00e1 doba \u010dten\u00ed":"2 minuty"},"schema":{"@context":"https:\/\/schema.org","@graph":[{"@type":"WebPage","@id":"https:\/\/www.stageshotel.com\/stul-sampionu\/","url":"https:\/\/www.stageshotel.com\/stul-sampionu\/","name":"St\u016fl \u0161ampion\u016f - STAGES HOTEL Prague","isPartOf":{"@id":"https:\/\/www.stageshotel.com\/cz\/#website"},"primaryImageOfPage":{"@id":"https:\/\/www.stageshotel.com\/stul-sampionu\/#primaryimage"},"image":{"@id":"https:\/\/www.stageshotel.com\/stul-sampionu\/#primaryimage"},"thumbnailUrl":"https:\/\/www.stageshotel.com\/wp-content\/uploads\/2024\/09\/Stul-sampionu-scaled.jpeg","datePublished":"2024-09-09T20:57:36+00:00","dateModified":"2025-04-14T14:16:43+00:00","breadcrumb":{"@id":"https:\/\/www.stageshotel.com\/stul-sampionu\/#breadcrumb"},"inLanguage":"cs","potentialAction":[{"@type":"ReadAction","target":["https:\/\/www.stageshotel.com\/stul-sampionu\/"]}]},{"@type":"ImageObject","inLanguage":"cs","@id":"https:\/\/www.stageshotel.com\/stul-sampionu\/#primaryimage","url":"https:\/\/www.stageshotel.com\/wp-content\/uploads\/2024\/09\/Stul-sampionu-scaled.jpeg","contentUrl":"https:\/\/www.stageshotel.com\/wp-content\/uploads\/2024\/09\/Stul-sampionu-scaled.jpeg","width":2560,"height":1920,"caption":"St\u016fl \u0161ampion\u016f"},{"@type":"BreadcrumbList","@id":"https:\/\/www.stageshotel.com\/stul-sampionu\/#breadcrumb","itemListElement":[{"@type":"ListItem","position":1,"name":"Stages Hotel Prague","item":"https:\/\/www.stageshotel.com\/"},{"@type":"ListItem","position":2,"name":"St\u016fl \u0161ampion\u016f"}]},{"@type":"WebSite","@id":"https:\/\/www.stageshotel.com\/cz\/#website","url":"https:\/\/www.stageshotel.com\/cz\/","name":"STAGES HOTEL Prague","description":"","publisher":{"@id":"https:\/\/www.stageshotel.com\/cz\/#organization"},"potentialAction":[{"@type":"SearchAction","target":{"@type":"EntryPoint","urlTemplate":"https:\/\/www.stageshotel.com\/cz\/?s={search_term_string}"},"query-input":{"@type":"PropertyValueSpecification","valueRequired":true,"valueName":"search_term_string"}}],"inLanguage":"cs"},{"@type":"Organization","@id":"https:\/\/www.stageshotel.com\/cz\/#organization","name":"STAGES HOTEL","url":"https:\/\/www.stageshotel.com\/cz\/","logo":{"@type":"ImageObject","inLanguage":"cs","@id":"https:\/\/www.stageshotel.com\/cz\/#\/schema\/logo\/image\/","url":"https:\/\/www.stageshotel.com\/wp-content\/uploads\/2024\/11\/stages-hotel-logo.png","contentUrl":"https:\/\/www.stageshotel.com\/wp-content\/uploads\/2024\/11\/stages-hotel-logo.png","width":1536,"height":768,"caption":"STAGES HOTEL"},"image":{"@id":"https:\/\/www.stageshotel.com\/cz\/#\/schema\/logo\/image\/"},"sameAs":["https:\/\/www.facebook.com\/stageshotelprague\/","https:\/\/www.instagram.com\/stageshotelprague\/"]}]}},"_links":{"self":[{"href":"https:\/\/www.stageshotel.com\/cz\/wp-json\/wp\/v2\/pages\/963","targetHints":{"allow":["GET"]}}],"collection":[{"href":"https:\/\/www.stageshotel.com\/cz\/wp-json\/wp\/v2\/pages"}],"about":[{"href":"https:\/\/www.stageshotel.com\/cz\/wp-json\/wp\/v2\/types\/page"}],"author":[{"embeddable":true,"href":"https:\/\/www.stageshotel.com\/cz\/wp-json\/wp\/v2\/users\/1"}],"replies":[{"embeddable":true,"href":"https:\/\/www.stageshotel.com\/cz\/wp-json\/wp\/v2\/comments?post=963"}],"version-history":[{"count":6,"href":"https:\/\/www.stageshotel.com\/cz\/wp-json\/wp\/v2\/pages\/963\/revisions"}],"predecessor-version":[{"id":1185,"href":"https:\/\/www.stageshotel.com\/cz\/wp-json\/wp\/v2\/pages\/963\/revisions\/1185"}],"wp:featuredmedia":[{"embeddable":true,"href":"https:\/\/www.stageshotel.com\/cz\/wp-json\/wp\/v2\/media\/986"}],"wp:attachment":[{"href":"https:\/\/www.stageshotel.com\/cz\/wp-json\/wp\/v2\/media?parent=963"}],"curies":[{"name":"wp","href":"https:\/\/api.w.org\/{rel}","templated":true}]}}