{"id":21,"date":"2024-03-17T21:12:23","date_gmt":"2024-03-17T20:12:23","guid":{"rendered":"https:\/\/www.stageshotel.com\/?page_id=21"},"modified":"2025-01-02T00:01:01","modified_gmt":"2025-01-01T23:01:01","slug":"stages-hotel-prague-a-tribute-portfolio-hotel","status":"publish","type":"page","link":"https:\/\/www.stageshotel.com\/de\/","title":{"rendered":"STAGES HOTEL Prague"},"content":{"rendered":"<div class=\"wp-block-cover has-parallax has-custom-content-position is-position-bottom-center intro\" style=\"min-height:100vh;aspect-ratio:unset;\"><span aria-hidden=\"true\" class=\"wp-block-cover__background has-background-dim-0 has-background-dim\"><\/span><div role=\"img\" aria-label=\"STAGES HOTEL Prague STAGES HOTEL Praha 9\" class=\"wp-block-cover__image-background wp-image-678 has-parallax\" style=\"background-position:50% 50%;background-image:url(https:\/\/www.stageshotel.com\/wp-content\/uploads\/2024\/04\/STAGES-HOTEL-Prague-STAGES-HOTEL-Praha-9-fx.webp)\"><\/div><div class=\"wp-block-cover__inner-container is-layout-constrained wp-block-cover-is-layout-constrained\">\n<h1 class=\"wp-block-heading has-text-align-center\">STAGES HOTEL Prague<\/h1>\n\n\n\n<h2 class=\"wp-block-heading has-text-align-center translation-block\">Einzigartiges Designhotel in Prag neben der O<sub>2<\/sub> arena und dem O<sub>2<\/sub> universum<\/h2>\n<\/div><\/div>\n\n\n\n<div class=\"wp-block-media-text alignwide has-media-on-the-right is-stacked-on-mobile is-image-fill-element\"><div class=\"wp-block-media-text__content\">\n<h2 class=\"wp-block-heading\">Moderner Lifestyle im STAGES HOTEL Prague, in dem jedes Detail die Liebe zu Musik, Design und Sport vereint<\/h2>\n\n\n\n<ul class=\"wp-block-list\">\n<li>300 stilvolle Zimmer einschl. 27 Appartements<\/li>\n\n\n\n<li>6 Mehrzweck-Konferenzr\u00e4ume<\/li>\n\n\n\n<li>Einzigartige BACKSTAGE BAR mit Au\u00dfenterrasse und Innenatrium<\/li>\n\n\n\n<li>BACKSTAGE RESTAURANT \u2013 modernes Erlebnisrestaurant mit offener K\u00fcche<\/li>\n\n\n\n<li>Music Lounge<\/li>\n\n\n\n<li>Fitnessraum<\/li>\n\n\n\n<li>Parkpl\u00e4tze f\u00fcr bis zu 100 Fahrzeuge<\/li>\n<\/ul>\n\n\n\n<div class=\"wp-block-buttons is-layout-flex wp-block-buttons-is-layout-flex\">\n<div class=\"wp-block-button\"><a class=\"wp-block-button__link wp-element-button\" href=\"https:\/\/www.stageshotel.com\/de\/hotel\/uber-uns\/\">\u00dcber das Hotel<\/a><\/div>\n\n\n\n<div class=\"wp-block-button btnalt rezervovat\"><a class=\"wp-block-button__link wp-element-button\" href=\"https:\/\/www.marriott.com\/hotels\/travel\/prgtx-stages-hotel-prague-a-tribute-portfolio-hotel\/\" target=\"_blank\" rel=\"noreferrer noopener\">Buchen<\/a><\/div>\n<\/div>\n<\/div><figure class=\"wp-block-media-text__media\"><a href=\"https:\/\/www.stageshotel.com\/wp-content\/uploads\/2024\/03\/Stages-Hotel-Prague-Hotel-Praha-interier-02.jpg\"><img loading=\"lazy\" decoding=\"async\" width=\"1500\" height=\"1000\" src=\"https:\/\/www.stageshotel.com\/wp-content\/uploads\/2024\/03\/Stages-Hotel-Prague-Hotel-Praha-interier-02.jpg\" alt=\"Stages Hotel Prague - Hotel Praha interi\u00e9r 02\" class=\"wp-image-270 size-medium\" style=\"object-position:50% 50%\" srcset=\"https:\/\/www.stageshotel.com\/wp-content\/uploads\/2024\/03\/Stages-Hotel-Prague-Hotel-Praha-interier-02.jpg 1500w, https:\/\/www.stageshotel.com\/wp-content\/uploads\/2024\/03\/Stages-Hotel-Prague-Hotel-Praha-interier-02-800x533.jpg 800w\" sizes=\"auto, (max-width: 1500px) 100vw, 1500px\" \/><\/a><\/figure><\/div>\n\n\n\n<div class=\"wp-block-media-text alignwide is-stacked-on-mobile is-image-fill-element\"><figure class=\"wp-block-media-text__media\"><a href=\"https:\/\/www.stageshotel.com\/wp-content\/uploads\/2024\/03\/Stages-Hotel-Prague-Pokoje-Praha-24.jpg\"><img loading=\"lazy\" decoding=\"async\" width=\"1600\" height=\"1067\" src=\"https:\/\/www.stageshotel.com\/wp-content\/uploads\/2024\/03\/Stages-Hotel-Prague-Pokoje-Praha-24-1600x1067.jpg\" alt=\"Stages Hotel Prague - Pokoje Praha 24\" class=\"wp-image-307 size-full\" style=\"object-position:50% 50%\" srcset=\"https:\/\/www.stageshotel.com\/wp-content\/uploads\/2024\/03\/Stages-Hotel-Prague-Pokoje-Praha-24-1600x1067.jpg 1600w, https:\/\/www.stageshotel.com\/wp-content\/uploads\/2024\/03\/Stages-Hotel-Prague-Pokoje-Praha-24-800x533.jpg 800w, https:\/\/www.stageshotel.com\/wp-content\/uploads\/2024\/03\/Stages-Hotel-Prague-Pokoje-Praha-24.jpg 1920w\" sizes=\"auto, (max-width: 1600px) 100vw, 1600px\" \/><\/a><\/figure><div class=\"wp-block-media-text__content\">\n<h2 class=\"wp-block-heading translation-block\">Moderne zimmer und apartements direkt an der prager O<sub>2<\/sub>\u00a0arena<\/h2>\n\n\n\n<p>Werden Sie zum Star im Rampenlicht von STAGES HOTEL Prague. In unseren stilvollen Designzimmern finden Sie eine elegante Kombination von markanten industriellen Elementen mit warmen Farbt\u00f6nen, damit Sie sich bei uns entspannt und bequem f\u00fchlen.&nbsp;<\/p>\n\n\n\n<p class=\"translation-block\">Haben Sie vor, ein Konzert oder ein Sportevent in der O<sub>2<\/sub>\u00a0arena zu besuchen? Buchen Sie Ihr Zimmer im STAGES HOTEL Prague und w\u00e4hlen Sie einfach unter der lila, blauen, gelben oder gr\u00fcnen Etage und genie\u00dfen Sie Ihren Aufenthalt.<\/p>\n\n\n\n<div class=\"wp-block-buttons is-layout-flex wp-block-buttons-is-layout-flex\">\n<div class=\"wp-block-button\"><a class=\"wp-block-button__link wp-element-button\" href=\"https:\/\/www.stageshotel.com\/de\/zimmern\/\">Zimmer<\/a><\/div>\n\n\n\n<div class=\"wp-block-button btnalt rezervovat\"><a class=\"wp-block-button__link wp-element-button\" href=\"https:\/\/www.stageshotel.com\/de\/zimmern\/\">Buchen<\/a><\/div>\n<\/div>\n<\/div><\/div>\n\n\n\n<div class=\"wp-block-media-text alignwide has-media-on-the-right is-stacked-on-mobile is-image-fill-element\"><div class=\"wp-block-media-text__content\">\n<figure class=\"wp-block-image size-full p50\"><img loading=\"lazy\" decoding=\"async\" width=\"746\" height=\"85\" src=\"https:\/\/www.stageshotel.com\/wp-content\/uploads\/2024\/03\/BACKSTAGE-RESTAURANT-logo.png\" alt=\"BACKSTAGE RESTAURANT logo\" class=\"wp-image-421\" style=\"object-fit:cover\"\/><\/figure>\n\n\n\n<p class=\"translation-block\">Willkommen in unserem stylischen BACKSTAGE RESTAURANT mit offener ger\u00e4umiger K\u00fcche.<\/p>\n\n\n\n<p class=\"translation-block\">Haben Sie vor, mit Ihren Freunden ein Konzert oder ein Sportevent in der O<sub>2<\/sub>\u00a0arena zu besuchen? Dann kommen Sie und genie\u00dfen Sie unser stil- und erlebnisvolles BACKSTAGE RESTAURANT mit einem breiten Angebot an K\u00f6stlichkeiten zubereitet vom Team unseres Executive Chefs Daniel Bene\u0161.<\/p>\n\n\n\n<div class=\"wp-block-buttons is-layout-flex wp-block-buttons-is-layout-flex\">\n<div class=\"wp-block-button\"><a class=\"wp-block-button__link wp-element-button\" href=\"https:\/\/www.stageshotel.com\/de\/restaurant\/\">Restaurant<\/a><\/div>\n<\/div>\n<\/div><figure class=\"wp-block-media-text__media\"><a href=\"https:\/\/www.stageshotel.com\/wp-content\/uploads\/2024\/03\/TP_PRGTX_Bar_02.jpg\"><img loading=\"lazy\" decoding=\"async\" width=\"800\" height=\"533\" src=\"https:\/\/www.stageshotel.com\/wp-content\/uploads\/2024\/03\/TP_PRGTX_Bar_02-800x533.jpg\" alt=\"Hotel Stages\" class=\"wp-image-350 size-medium\" style=\"object-position:50% 50%\" srcset=\"https:\/\/www.stageshotel.com\/wp-content\/uploads\/2024\/03\/TP_PRGTX_Bar_02-800x533.jpg 800w, https:\/\/www.stageshotel.com\/wp-content\/uploads\/2024\/03\/TP_PRGTX_Bar_02-1600x1067.jpg 1600w\" sizes=\"auto, (max-width: 800px) 100vw, 800px\" \/><\/a><\/figure><\/div>\n\n\n\n<div class=\"wp-block-media-text alignwide is-stacked-on-mobile is-image-fill-element\"><figure class=\"wp-block-media-text__media\"><a href=\"https:\/\/www.stageshotel.com\/wp-content\/uploads\/2024\/03\/Stages-Hotel-Prague-Hotel-Praha-exterier-03.jpg\"><img loading=\"lazy\" decoding=\"async\" width=\"1600\" height=\"1067\" src=\"https:\/\/www.stageshotel.com\/wp-content\/uploads\/2024\/03\/Stages-Hotel-Prague-Hotel-Praha-exterier-03-1600x1067.jpg\" alt=\"Stages Hotel Prague - Hotel Praha exteri\u00e9r 03\" class=\"wp-image-255 size-medium\" style=\"object-position:50% 50%\" srcset=\"https:\/\/www.stageshotel.com\/wp-content\/uploads\/2024\/03\/Stages-Hotel-Prague-Hotel-Praha-exterier-03-1600x1067.jpg 1600w, https:\/\/www.stageshotel.com\/wp-content\/uploads\/2024\/03\/Stages-Hotel-Prague-Hotel-Praha-exterier-03-800x533.jpg 800w, https:\/\/www.stageshotel.com\/wp-content\/uploads\/2024\/03\/Stages-Hotel-Prague-Hotel-Praha-exterier-03.jpg 1920w\" sizes=\"auto, (max-width: 1600px) 100vw, 1600px\" \/><\/a><\/figure><div class=\"wp-block-media-text__content\">\n<h2 class=\"wp-block-heading translation-block\">STAGES HOTEL Prague,<br>a Tribute Portfolio Hotel<\/h2>\n\n\n\n<p>\u010ceskomoravsk\u00e1 19a<br>Praha 9, 190 00<\/p>\n\n\n\n<p class=\"has-luminous-vivid-amber-color has-text-color has-link-color wp-elements-bb665526e3e84a866322aa0f936ceb17\"><span style=\"text-decoration: underline;\"><a href=\"https:\/\/www.stageshotel.com\/wp-content\/uploads\/METRO_final_AJ.pdf\">U-Bahn-Schlie\u00dfung ab 1. Januar 2025<\/a> \u2197<\/span><\/p>\n\n\n\n<p>Telefon: +420 221 000 000<br>E-Mail: <a href=\"mailto:frontoffice@stageshotel.com\">frontoffice@stageshotel.com<\/a><\/p>\n\n\n\n<div class=\"wp-block-buttons is-layout-flex wp-block-buttons-is-layout-flex\">\n<div class=\"wp-block-button\"><a class=\"wp-block-button__link wp-element-button\" href=\"https:\/\/www.stageshotel.com\/de\/kontakt\/\">Alle Kontakte<\/a><\/div>\n<\/div>\n<\/div><\/div>","protected":false},"excerpt":{"rendered":"","protected":false},"author":1,"featured_media":252,"parent":6,"menu_order":0,"comment_status":"closed","ping_status":"closed","template":"","meta":{"footnotes":""},"class_list":["post-21","page","type-page","status-publish","has-post-thumbnail","hentry"],"yoast_head":"<!-- This site is optimized with the Yoast SEO plugin v27.3 - https:\/\/yoast.com\/product\/yoast-seo-wordpress\/ -->\n<title>STAGES HOTEL Prague, hotel O2 arena Praha<\/title>\n<meta name=\"description\" content=\"Unik\u00e1tn\u00ed designov\u00fd hotel v Praze 9. Modern\u00ed lifestylov\u00fd STAGES HOTEL Prague kde ka\u017ed\u00fd detail spojuje l\u00e1sku k hudb\u011b, designu a sportu.\" \/>\n<meta name=\"robots\" content=\"index, follow, max-snippet:-1, max-image-preview:large, max-video-preview:-1\" \/>\n<link rel=\"canonical\" href=\"https:\/\/www.stageshotel.com\/de\/\" \/>\n<meta property=\"og:locale\" content=\"de_DE\" \/>\n<meta property=\"og:type\" content=\"article\" \/>\n<meta property=\"og:title\" content=\"STAGES HOTEL Prague, hotel O2 arena Praha\" \/>\n<meta property=\"og:description\" content=\"Unik\u00e1tn\u00ed designov\u00fd hotel v Praze 9. Modern\u00ed lifestylov\u00fd STAGES HOTEL Prague kde ka\u017ed\u00fd detail spojuje l\u00e1sku k hudb\u011b, designu a sportu.\" \/>\n<meta property=\"og:url\" content=\"https:\/\/www.stageshotel.com\/de\/\" \/>\n<meta property=\"og:site_name\" content=\"STAGES HOTEL Prague\" \/>\n<meta property=\"article:publisher\" content=\"https:\/\/www.facebook.com\/stageshotelprague\/\" \/>\n<meta property=\"article:modified_time\" content=\"2025-01-01T23:01:01+00:00\" \/>\n<meta property=\"og:image\" content=\"https:\/\/www.stageshotel.com\/wp-content\/uploads\/2024\/03\/Stages-Hotel-Prague-Hotel-Praha-exterier-06.jpg\" \/>\n\t<meta property=\"og:image:width\" content=\"1500\" \/>\n\t<meta property=\"og:image:height\" content=\"1000\" \/>\n\t<meta property=\"og:image:type\" content=\"image\/jpeg\" \/>\n<meta name=\"twitter:card\" content=\"summary_large_image\" \/>\n<meta name=\"twitter:label1\" content=\"Gesch\u00e4tzte Lesezeit\" \/>\n\t<meta name=\"twitter:data1\" content=\"1\u00a0Minute\" \/>\n<script type=\"application\/ld+json\" class=\"yoast-schema-graph\">{\"@context\":\"https:\\\/\\\/schema.org\",\"@graph\":[{\"@type\":\"WebPage\",\"@id\":\"https:\\\/\\\/www.stageshotel.com\\\/\",\"url\":\"https:\\\/\\\/www.stageshotel.com\\\/\",\"name\":\"STAGES HOTEL Prague, hotel O2 arena Praha\",\"isPartOf\":{\"@id\":\"https:\\\/\\\/www.stageshotel.com\\\/cz\\\/#website\"},\"primaryImageOfPage\":{\"@id\":\"https:\\\/\\\/www.stageshotel.com\\\/#primaryimage\"},\"image\":{\"@id\":\"https:\\\/\\\/www.stageshotel.com\\\/#primaryimage\"},\"thumbnailUrl\":\"https:\\\/\\\/www.stageshotel.com\\\/wp-content\\\/uploads\\\/2024\\\/03\\\/Stages-Hotel-Prague-Hotel-Praha-exterier-06.jpg\",\"datePublished\":\"2024-03-17T20:12:23+00:00\",\"dateModified\":\"2025-01-01T23:01:01+00:00\",\"description\":\"Unik\u00e1tn\u00ed designov\u00fd hotel v Praze 9. Modern\u00ed lifestylov\u00fd STAGES HOTEL Prague kde ka\u017ed\u00fd detail spojuje l\u00e1sku k hudb\u011b, designu a sportu.\",\"breadcrumb\":{\"@id\":\"https:\\\/\\\/www.stageshotel.com\\\/#breadcrumb\"},\"inLanguage\":\"de\",\"potentialAction\":[{\"@type\":\"ReadAction\",\"target\":[\"https:\\\/\\\/www.stageshotel.com\\\/\"]}]},{\"@type\":\"ImageObject\",\"inLanguage\":\"de\",\"@id\":\"https:\\\/\\\/www.stageshotel.com\\\/#primaryimage\",\"url\":\"https:\\\/\\\/www.stageshotel.com\\\/wp-content\\\/uploads\\\/2024\\\/03\\\/Stages-Hotel-Prague-Hotel-Praha-exterier-06.jpg\",\"contentUrl\":\"https:\\\/\\\/www.stageshotel.com\\\/wp-content\\\/uploads\\\/2024\\\/03\\\/Stages-Hotel-Prague-Hotel-Praha-exterier-06.jpg\",\"width\":1500,\"height\":1000,\"caption\":\"Stages Hotel Prague - Hotel Praha exteri\u00e9r 06\"},{\"@type\":\"BreadcrumbList\",\"@id\":\"https:\\\/\\\/www.stageshotel.com\\\/#breadcrumb\",\"itemListElement\":[{\"@type\":\"ListItem\",\"position\":1,\"name\":\"Stages Hotel Prague\",\"item\":\"https:\\\/\\\/www.stageshotel.com\\\/\"},{\"@type\":\"ListItem\",\"position\":2,\"name\":\"V\u00edtejte v z\u00e1\u0159i reflektor\u016f STAGES HOTEL Prague\",\"item\":\"https:\\\/\\\/www.stageshotel.com\\\/hotel\\\/\"},{\"@type\":\"ListItem\",\"position\":3,\"name\":\"STAGES HOTEL Prague\"}]},{\"@type\":\"WebSite\",\"@id\":\"https:\\\/\\\/www.stageshotel.com\\\/cz\\\/#website\",\"url\":\"https:\\\/\\\/www.stageshotel.com\\\/cz\\\/\",\"name\":\"STAGES HOTEL Prague\",\"description\":\"\",\"publisher\":{\"@id\":\"https:\\\/\\\/www.stageshotel.com\\\/cz\\\/#organization\"},\"potentialAction\":[{\"@type\":\"SearchAction\",\"target\":{\"@type\":\"EntryPoint\",\"urlTemplate\":\"https:\\\/\\\/www.stageshotel.com\\\/cz\\\/?s={search_term_string}\"},\"query-input\":{\"@type\":\"PropertyValueSpecification\",\"valueRequired\":true,\"valueName\":\"search_term_string\"}}],\"inLanguage\":\"de\"},{\"@type\":\"Organization\",\"@id\":\"https:\\\/\\\/www.stageshotel.com\\\/cz\\\/#organization\",\"name\":\"STAGES HOTEL\",\"url\":\"https:\\\/\\\/www.stageshotel.com\\\/cz\\\/\",\"logo\":{\"@type\":\"ImageObject\",\"inLanguage\":\"de\",\"@id\":\"https:\\\/\\\/www.stageshotel.com\\\/cz\\\/#\\\/schema\\\/logo\\\/image\\\/\",\"url\":\"https:\\\/\\\/www.stageshotel.com\\\/wp-content\\\/uploads\\\/2024\\\/11\\\/stages-hotel-logo.png\",\"contentUrl\":\"https:\\\/\\\/www.stageshotel.com\\\/wp-content\\\/uploads\\\/2024\\\/11\\\/stages-hotel-logo.png\",\"width\":1536,\"height\":768,\"caption\":\"STAGES HOTEL\"},\"image\":{\"@id\":\"https:\\\/\\\/www.stageshotel.com\\\/cz\\\/#\\\/schema\\\/logo\\\/image\\\/\"},\"sameAs\":[\"https:\\\/\\\/www.facebook.com\\\/stageshotelprague\\\/\",\"https:\\\/\\\/www.instagram.com\\\/stageshotelprague\\\/\"]}]}<\/script>\n<!-- \/ Yoast SEO plugin. -->","yoast_head_json":{"title":"STAGES HOTEL Prague, hotel O2 arena Praha","description":"Unik\u00e1tn\u00ed designov\u00fd hotel v Praze 9. Modern\u00ed lifestylov\u00fd STAGES HOTEL Prague kde ka\u017ed\u00fd detail spojuje l\u00e1sku k hudb\u011b, designu a sportu.","robots":{"index":"index","follow":"follow","max-snippet":"max-snippet:-1","max-image-preview":"max-image-preview:large","max-video-preview":"max-video-preview:-1"},"canonical":"https:\/\/www.stageshotel.com\/de\/","og_locale":"de_DE","og_type":"article","og_title":"STAGES HOTEL Prague, hotel O2 arena Praha","og_description":"Unik\u00e1tn\u00ed designov\u00fd hotel v Praze 9. Modern\u00ed lifestylov\u00fd STAGES HOTEL Prague kde ka\u017ed\u00fd detail spojuje l\u00e1sku k hudb\u011b, designu a sportu.","og_url":"https:\/\/www.stageshotel.com\/de\/","og_site_name":"STAGES HOTEL Prague","article_publisher":"https:\/\/www.facebook.com\/stageshotelprague\/","article_modified_time":"2025-01-01T23:01:01+00:00","og_image":[{"width":1500,"height":1000,"url":"https:\/\/www.stageshotel.com\/wp-content\/uploads\/2024\/03\/Stages-Hotel-Prague-Hotel-Praha-exterier-06.jpg","type":"image\/jpeg"}],"twitter_card":"summary_large_image","twitter_misc":{"Gesch\u00e4tzte Lesezeit":"1\u00a0Minute"},"schema":{"@context":"https:\/\/schema.org","@graph":[{"@type":"WebPage","@id":"https:\/\/www.stageshotel.com\/","url":"https:\/\/www.stageshotel.com\/","name":"STAGES HOTEL Prague, hotel O2 arena Praha","isPartOf":{"@id":"https:\/\/www.stageshotel.com\/cz\/#website"},"primaryImageOfPage":{"@id":"https:\/\/www.stageshotel.com\/#primaryimage"},"image":{"@id":"https:\/\/www.stageshotel.com\/#primaryimage"},"thumbnailUrl":"https:\/\/www.stageshotel.com\/wp-content\/uploads\/2024\/03\/Stages-Hotel-Prague-Hotel-Praha-exterier-06.jpg","datePublished":"2024-03-17T20:12:23+00:00","dateModified":"2025-01-01T23:01:01+00:00","description":"Unik\u00e1tn\u00ed designov\u00fd hotel v Praze 9. Modern\u00ed lifestylov\u00fd STAGES HOTEL Prague kde ka\u017ed\u00fd detail spojuje l\u00e1sku k hudb\u011b, designu a sportu.","breadcrumb":{"@id":"https:\/\/www.stageshotel.com\/#breadcrumb"},"inLanguage":"de","potentialAction":[{"@type":"ReadAction","target":["https:\/\/www.stageshotel.com\/"]}]},{"@type":"ImageObject","inLanguage":"de","@id":"https:\/\/www.stageshotel.com\/#primaryimage","url":"https:\/\/www.stageshotel.com\/wp-content\/uploads\/2024\/03\/Stages-Hotel-Prague-Hotel-Praha-exterier-06.jpg","contentUrl":"https:\/\/www.stageshotel.com\/wp-content\/uploads\/2024\/03\/Stages-Hotel-Prague-Hotel-Praha-exterier-06.jpg","width":1500,"height":1000,"caption":"Stages Hotel Prague - Hotel Praha exteri\u00e9r 06"},{"@type":"BreadcrumbList","@id":"https:\/\/www.stageshotel.com\/#breadcrumb","itemListElement":[{"@type":"ListItem","position":1,"name":"Stages Hotel Prague","item":"https:\/\/www.stageshotel.com\/"},{"@type":"ListItem","position":2,"name":"V\u00edtejte v z\u00e1\u0159i reflektor\u016f STAGES HOTEL Prague","item":"https:\/\/www.stageshotel.com\/hotel\/"},{"@type":"ListItem","position":3,"name":"STAGES HOTEL Prague"}]},{"@type":"WebSite","@id":"https:\/\/www.stageshotel.com\/cz\/#website","url":"https:\/\/www.stageshotel.com\/cz\/","name":"STAGES HOTEL Prague","description":"","publisher":{"@id":"https:\/\/www.stageshotel.com\/cz\/#organization"},"potentialAction":[{"@type":"SearchAction","target":{"@type":"EntryPoint","urlTemplate":"https:\/\/www.stageshotel.com\/cz\/?s={search_term_string}"},"query-input":{"@type":"PropertyValueSpecification","valueRequired":true,"valueName":"search_term_string"}}],"inLanguage":"de"},{"@type":"Organization","@id":"https:\/\/www.stageshotel.com\/cz\/#organization","name":"STAGES HOTEL","url":"https:\/\/www.stageshotel.com\/cz\/","logo":{"@type":"ImageObject","inLanguage":"de","@id":"https:\/\/www.stageshotel.com\/cz\/#\/schema\/logo\/image\/","url":"https:\/\/www.stageshotel.com\/wp-content\/uploads\/2024\/11\/stages-hotel-logo.png","contentUrl":"https:\/\/www.stageshotel.com\/wp-content\/uploads\/2024\/11\/stages-hotel-logo.png","width":1536,"height":768,"caption":"STAGES HOTEL"},"image":{"@id":"https:\/\/www.stageshotel.com\/cz\/#\/schema\/logo\/image\/"},"sameAs":["https:\/\/www.facebook.com\/stageshotelprague\/","https:\/\/www.instagram.com\/stageshotelprague\/"]}]}},"_links":{"self":[{"href":"https:\/\/www.stageshotel.com\/de\/wp-json\/wp\/v2\/pages\/21","targetHints":{"allow":["GET"]}}],"collection":[{"href":"https:\/\/www.stageshotel.com\/de\/wp-json\/wp\/v2\/pages"}],"about":[{"href":"https:\/\/www.stageshotel.com\/de\/wp-json\/wp\/v2\/types\/page"}],"author":[{"embeddable":true,"href":"https:\/\/www.stageshotel.com\/de\/wp-json\/wp\/v2\/users\/1"}],"replies":[{"embeddable":true,"href":"https:\/\/www.stageshotel.com\/de\/wp-json\/wp\/v2\/comments?post=21"}],"version-history":[{"count":7,"href":"https:\/\/www.stageshotel.com\/de\/wp-json\/wp\/v2\/pages\/21\/revisions"}],"predecessor-version":[{"id":1462,"href":"https:\/\/www.stageshotel.com\/de\/wp-json\/wp\/v2\/pages\/21\/revisions\/1462"}],"up":[{"embeddable":true,"href":"https:\/\/www.stageshotel.com\/de\/wp-json\/wp\/v2\/pages\/6"}],"wp:featuredmedia":[{"embeddable":true,"href":"https:\/\/www.stageshotel.com\/de\/wp-json\/wp\/v2\/media\/252"}],"wp:attachment":[{"href":"https:\/\/www.stageshotel.com\/de\/wp-json\/wp\/v2\/media?parent=21"}],"curies":[{"name":"wp","href":"https:\/\/api.w.org\/{rel}","templated":true}]}}