{"id":12,"date":"2024-03-17T20:52:09","date_gmt":"2024-03-17T19:52:09","guid":{"rendered":"https:\/\/www.stageshotel.com\/?page_id=12"},"modified":"2024-03-24T19:42:33","modified_gmt":"2024-03-24T18:42:33","slug":"fitness","status":"publish","type":"page","link":"https:\/\/www.stageshotel.com\/en\/hotel\/fitness\/","title":{"rendered":"Fitness"},"content":{"rendered":"<div class=\"wp-block-media-text has-media-on-the-right is-stacked-on-mobile\"><div class=\"wp-block-media-text__content\">\n<h2 class=\"wp-block-heading\">FITNESS keep up your training even while travelling<\/h2>\n\n\n\n<p>The hotel's in-house Fitness Centre features the latest Matrix equipment, including free weights, treadmills and ellipticals with TV screen. The Fitness centre is accessible to our guests 24\/7.\n\nEnjoy the refreshment corner with bottled water and fruit basket.<\/p>\n<\/div><figure class=\"wp-block-media-text__media\"><a href=\"https:\/\/www.stageshotel.com\/wp-content\/uploads\/2024\/03\/Stages-Hotel-Praha-FITNESS-centrum.jpg\"><img loading=\"lazy\" decoding=\"async\" width=\"800\" height=\"533\" src=\"https:\/\/www.stageshotel.com\/wp-content\/uploads\/2024\/03\/Stages-Hotel-Praha-FITNESS-centrum-800x533.jpg\" alt=\"Stages Hotel Praha - FITNESS centrum\" class=\"wp-image-118 size-medium\" srcset=\"https:\/\/www.stageshotel.com\/wp-content\/uploads\/2024\/03\/Stages-Hotel-Praha-FITNESS-centrum-800x533.jpg 800w, https:\/\/www.stageshotel.com\/wp-content\/uploads\/2024\/03\/Stages-Hotel-Praha-FITNESS-centrum-1600x1067.jpg 1600w, https:\/\/www.stageshotel.com\/wp-content\/uploads\/2024\/03\/Stages-Hotel-Praha-FITNESS-centrum.jpg 1920w\" sizes=\"auto, (max-width: 800px) 100vw, 800px\" \/><\/a><\/figure><\/div>","protected":false},"excerpt":{"rendered":"<p>FITNESS centrum &#8211; Bu\u010fte v kondici i na cest\u00e1ch Hotelov\u00e9 fitness centrum nab\u00edz\u00ed sv\u00fdm host\u016fm nejnov\u011bj\u0161\u00ed vybaven\u00ed zna\u010dky Matrix, v\u010detn\u011b \u010dinek, b\u011b\u017eeck\u00fdch p\u00e1s\u016f nebo eliptick\u00e9 trena\u017e\u00e9ry s obrazovkou. Fitness je p\u0159\u00edstupn\u00e9 host\u016fm 24\/7.<\/p>","protected":false},"author":1,"featured_media":102,"parent":6,"menu_order":4,"comment_status":"closed","ping_status":"closed","template":"","meta":{"footnotes":""},"class_list":["post-12","page","type-page","status-publish","has-post-thumbnail","hentry"],"yoast_head":"<!-- This site is optimized with the Yoast SEO plugin v27.3 - https:\/\/yoast.com\/product\/yoast-seo-wordpress\/ -->\n<title>Fitness - STAGES HOTEL Prague<\/title>\n<meta name=\"robots\" content=\"index, follow, max-snippet:-1, max-image-preview:large, max-video-preview:-1\" \/>\n<link rel=\"canonical\" href=\"https:\/\/www.stageshotel.com\/en\/hotel\/fitness\/\" \/>\n<meta property=\"og:locale\" content=\"en_GB\" \/>\n<meta property=\"og:type\" content=\"article\" \/>\n<meta property=\"og:title\" content=\"Fitness - STAGES HOTEL Prague\" \/>\n<meta property=\"og:description\" content=\"FITNESS centrum &#8211; Bu\u010fte v kondici i na cest\u00e1ch Hotelov\u00e9 fitness centrum nab\u00edz\u00ed sv\u00fdm host\u016fm nejnov\u011bj\u0161\u00ed vybaven\u00ed zna\u010dky Matrix, v\u010detn\u011b \u010dinek, b\u011b\u017eeck\u00fdch p\u00e1s\u016f nebo eliptick\u00e9 trena\u017e\u00e9ry s obrazovkou. Fitness je p\u0159\u00edstupn\u00e9 host\u016fm 24\/7.\" \/>\n<meta property=\"og:url\" content=\"https:\/\/www.stageshotel.com\/en\/hotel\/fitness\/\" \/>\n<meta property=\"og:site_name\" content=\"STAGES HOTEL Prague\" \/>\n<meta property=\"article:publisher\" content=\"https:\/\/www.facebook.com\/stageshotelprague\/\" \/>\n<meta property=\"article:modified_time\" content=\"2024-03-24T18:42:33+00:00\" \/>\n<meta property=\"og:image\" content=\"https:\/\/www.stageshotel.com\/wp-content\/uploads\/2024\/03\/Stages-Hotel-Praha-FITNESS-centrum-Praha.jpg\" \/>\n\t<meta property=\"og:image:width\" content=\"1920\" \/>\n\t<meta property=\"og:image:height\" content=\"1280\" \/>\n\t<meta property=\"og:image:type\" content=\"image\/jpeg\" \/>\n<meta name=\"twitter:card\" content=\"summary_large_image\" \/>\n<script type=\"application\/ld+json\" class=\"yoast-schema-graph\">{\"@context\":\"https:\\\/\\\/schema.org\",\"@graph\":[{\"@type\":\"WebPage\",\"@id\":\"https:\\\/\\\/www.stageshotel.com\\\/hotel\\\/fitness\\\/\",\"url\":\"https:\\\/\\\/www.stageshotel.com\\\/hotel\\\/fitness\\\/\",\"name\":\"Fitness - STAGES HOTEL Prague\",\"isPartOf\":{\"@id\":\"https:\\\/\\\/www.stageshotel.com\\\/cz\\\/#website\"},\"primaryImageOfPage\":{\"@id\":\"https:\\\/\\\/www.stageshotel.com\\\/hotel\\\/fitness\\\/#primaryimage\"},\"image\":{\"@id\":\"https:\\\/\\\/www.stageshotel.com\\\/hotel\\\/fitness\\\/#primaryimage\"},\"thumbnailUrl\":\"https:\\\/\\\/www.stageshotel.com\\\/wp-content\\\/uploads\\\/2024\\\/03\\\/Stages-Hotel-Praha-FITNESS-centrum-Praha.jpg\",\"datePublished\":\"2024-03-17T19:52:09+00:00\",\"dateModified\":\"2024-03-24T18:42:33+00:00\",\"breadcrumb\":{\"@id\":\"https:\\\/\\\/www.stageshotel.com\\\/hotel\\\/fitness\\\/#breadcrumb\"},\"inLanguage\":\"en-GB\",\"potentialAction\":[{\"@type\":\"ReadAction\",\"target\":[\"https:\\\/\\\/www.stageshotel.com\\\/hotel\\\/fitness\\\/\"]}]},{\"@type\":\"ImageObject\",\"inLanguage\":\"en-GB\",\"@id\":\"https:\\\/\\\/www.stageshotel.com\\\/hotel\\\/fitness\\\/#primaryimage\",\"url\":\"https:\\\/\\\/www.stageshotel.com\\\/wp-content\\\/uploads\\\/2024\\\/03\\\/Stages-Hotel-Praha-FITNESS-centrum-Praha.jpg\",\"contentUrl\":\"https:\\\/\\\/www.stageshotel.com\\\/wp-content\\\/uploads\\\/2024\\\/03\\\/Stages-Hotel-Praha-FITNESS-centrum-Praha.jpg\",\"width\":1920,\"height\":1280,\"caption\":\"Stages Hotel Praha - FITNESS centrum Praha\"},{\"@type\":\"BreadcrumbList\",\"@id\":\"https:\\\/\\\/www.stageshotel.com\\\/hotel\\\/fitness\\\/#breadcrumb\",\"itemListElement\":[{\"@type\":\"ListItem\",\"position\":1,\"name\":\"Stages Hotel Prague\",\"item\":\"https:\\\/\\\/www.stageshotel.com\\\/\"},{\"@type\":\"ListItem\",\"position\":2,\"name\":\"V\u00edtejte v z\u00e1\u0159i reflektor\u016f STAGES HOTEL Prague\",\"item\":\"https:\\\/\\\/www.stageshotel.com\\\/hotel\\\/\"},{\"@type\":\"ListItem\",\"position\":3,\"name\":\"Fitness\"}]},{\"@type\":\"WebSite\",\"@id\":\"https:\\\/\\\/www.stageshotel.com\\\/cz\\\/#website\",\"url\":\"https:\\\/\\\/www.stageshotel.com\\\/cz\\\/\",\"name\":\"STAGES HOTEL Prague\",\"description\":\"\",\"publisher\":{\"@id\":\"https:\\\/\\\/www.stageshotel.com\\\/cz\\\/#organization\"},\"potentialAction\":[{\"@type\":\"SearchAction\",\"target\":{\"@type\":\"EntryPoint\",\"urlTemplate\":\"https:\\\/\\\/www.stageshotel.com\\\/cz\\\/?s={search_term_string}\"},\"query-input\":{\"@type\":\"PropertyValueSpecification\",\"valueRequired\":true,\"valueName\":\"search_term_string\"}}],\"inLanguage\":\"en-GB\"},{\"@type\":\"Organization\",\"@id\":\"https:\\\/\\\/www.stageshotel.com\\\/cz\\\/#organization\",\"name\":\"STAGES HOTEL\",\"url\":\"https:\\\/\\\/www.stageshotel.com\\\/cz\\\/\",\"logo\":{\"@type\":\"ImageObject\",\"inLanguage\":\"en-GB\",\"@id\":\"https:\\\/\\\/www.stageshotel.com\\\/cz\\\/#\\\/schema\\\/logo\\\/image\\\/\",\"url\":\"https:\\\/\\\/www.stageshotel.com\\\/wp-content\\\/uploads\\\/2024\\\/11\\\/stages-hotel-logo.png\",\"contentUrl\":\"https:\\\/\\\/www.stageshotel.com\\\/wp-content\\\/uploads\\\/2024\\\/11\\\/stages-hotel-logo.png\",\"width\":1536,\"height\":768,\"caption\":\"STAGES HOTEL\"},\"image\":{\"@id\":\"https:\\\/\\\/www.stageshotel.com\\\/cz\\\/#\\\/schema\\\/logo\\\/image\\\/\"},\"sameAs\":[\"https:\\\/\\\/www.facebook.com\\\/stageshotelprague\\\/\",\"https:\\\/\\\/www.instagram.com\\\/stageshotelprague\\\/\"]}]}<\/script>\n<!-- \/ Yoast SEO plugin. -->","yoast_head_json":{"title":"Fitness - STAGES HOTEL Prague","robots":{"index":"index","follow":"follow","max-snippet":"max-snippet:-1","max-image-preview":"max-image-preview:large","max-video-preview":"max-video-preview:-1"},"canonical":"https:\/\/www.stageshotel.com\/en\/hotel\/fitness\/","og_locale":"en_GB","og_type":"article","og_title":"Fitness - STAGES HOTEL Prague","og_description":"FITNESS centrum &#8211; Bu\u010fte v kondici i na cest\u00e1ch Hotelov\u00e9 fitness centrum nab\u00edz\u00ed sv\u00fdm host\u016fm nejnov\u011bj\u0161\u00ed vybaven\u00ed zna\u010dky Matrix, v\u010detn\u011b \u010dinek, b\u011b\u017eeck\u00fdch p\u00e1s\u016f nebo eliptick\u00e9 trena\u017e\u00e9ry s obrazovkou. Fitness je p\u0159\u00edstupn\u00e9 host\u016fm 24\/7.","og_url":"https:\/\/www.stageshotel.com\/en\/hotel\/fitness\/","og_site_name":"STAGES HOTEL Prague","article_publisher":"https:\/\/www.facebook.com\/stageshotelprague\/","article_modified_time":"2024-03-24T18:42:33+00:00","og_image":[{"width":1920,"height":1280,"url":"https:\/\/www.stageshotel.com\/wp-content\/uploads\/2024\/03\/Stages-Hotel-Praha-FITNESS-centrum-Praha.jpg","type":"image\/jpeg"}],"twitter_card":"summary_large_image","schema":{"@context":"https:\/\/schema.org","@graph":[{"@type":"WebPage","@id":"https:\/\/www.stageshotel.com\/hotel\/fitness\/","url":"https:\/\/www.stageshotel.com\/hotel\/fitness\/","name":"Fitness - STAGES HOTEL Prague","isPartOf":{"@id":"https:\/\/www.stageshotel.com\/cz\/#website"},"primaryImageOfPage":{"@id":"https:\/\/www.stageshotel.com\/hotel\/fitness\/#primaryimage"},"image":{"@id":"https:\/\/www.stageshotel.com\/hotel\/fitness\/#primaryimage"},"thumbnailUrl":"https:\/\/www.stageshotel.com\/wp-content\/uploads\/2024\/03\/Stages-Hotel-Praha-FITNESS-centrum-Praha.jpg","datePublished":"2024-03-17T19:52:09+00:00","dateModified":"2024-03-24T18:42:33+00:00","breadcrumb":{"@id":"https:\/\/www.stageshotel.com\/hotel\/fitness\/#breadcrumb"},"inLanguage":"en-GB","potentialAction":[{"@type":"ReadAction","target":["https:\/\/www.stageshotel.com\/hotel\/fitness\/"]}]},{"@type":"ImageObject","inLanguage":"en-GB","@id":"https:\/\/www.stageshotel.com\/hotel\/fitness\/#primaryimage","url":"https:\/\/www.stageshotel.com\/wp-content\/uploads\/2024\/03\/Stages-Hotel-Praha-FITNESS-centrum-Praha.jpg","contentUrl":"https:\/\/www.stageshotel.com\/wp-content\/uploads\/2024\/03\/Stages-Hotel-Praha-FITNESS-centrum-Praha.jpg","width":1920,"height":1280,"caption":"Stages Hotel Praha - FITNESS centrum Praha"},{"@type":"BreadcrumbList","@id":"https:\/\/www.stageshotel.com\/hotel\/fitness\/#breadcrumb","itemListElement":[{"@type":"ListItem","position":1,"name":"Stages Hotel Prague","item":"https:\/\/www.stageshotel.com\/"},{"@type":"ListItem","position":2,"name":"V\u00edtejte v z\u00e1\u0159i reflektor\u016f STAGES HOTEL Prague","item":"https:\/\/www.stageshotel.com\/hotel\/"},{"@type":"ListItem","position":3,"name":"Fitness"}]},{"@type":"WebSite","@id":"https:\/\/www.stageshotel.com\/cz\/#website","url":"https:\/\/www.stageshotel.com\/cz\/","name":"STAGES HOTEL Prague","description":"","publisher":{"@id":"https:\/\/www.stageshotel.com\/cz\/#organization"},"potentialAction":[{"@type":"SearchAction","target":{"@type":"EntryPoint","urlTemplate":"https:\/\/www.stageshotel.com\/cz\/?s={search_term_string}"},"query-input":{"@type":"PropertyValueSpecification","valueRequired":true,"valueName":"search_term_string"}}],"inLanguage":"en-GB"},{"@type":"Organization","@id":"https:\/\/www.stageshotel.com\/cz\/#organization","name":"STAGES HOTEL","url":"https:\/\/www.stageshotel.com\/cz\/","logo":{"@type":"ImageObject","inLanguage":"en-GB","@id":"https:\/\/www.stageshotel.com\/cz\/#\/schema\/logo\/image\/","url":"https:\/\/www.stageshotel.com\/wp-content\/uploads\/2024\/11\/stages-hotel-logo.png","contentUrl":"https:\/\/www.stageshotel.com\/wp-content\/uploads\/2024\/11\/stages-hotel-logo.png","width":1536,"height":768,"caption":"STAGES HOTEL"},"image":{"@id":"https:\/\/www.stageshotel.com\/cz\/#\/schema\/logo\/image\/"},"sameAs":["https:\/\/www.facebook.com\/stageshotelprague\/","https:\/\/www.instagram.com\/stageshotelprague\/"]}]}},"_links":{"self":[{"href":"https:\/\/www.stageshotel.com\/en\/wp-json\/wp\/v2\/pages\/12","targetHints":{"allow":["GET"]}}],"collection":[{"href":"https:\/\/www.stageshotel.com\/en\/wp-json\/wp\/v2\/pages"}],"about":[{"href":"https:\/\/www.stageshotel.com\/en\/wp-json\/wp\/v2\/types\/page"}],"author":[{"embeddable":true,"href":"https:\/\/www.stageshotel.com\/en\/wp-json\/wp\/v2\/users\/1"}],"replies":[{"embeddable":true,"href":"https:\/\/www.stageshotel.com\/en\/wp-json\/wp\/v2\/comments?post=12"}],"version-history":[{"count":5,"href":"https:\/\/www.stageshotel.com\/en\/wp-json\/wp\/v2\/pages\/12\/revisions"}],"predecessor-version":[{"id":361,"href":"https:\/\/www.stageshotel.com\/en\/wp-json\/wp\/v2\/pages\/12\/revisions\/361"}],"up":[{"embeddable":true,"href":"https:\/\/www.stageshotel.com\/en\/wp-json\/wp\/v2\/pages\/6"}],"wp:featuredmedia":[{"embeddable":true,"href":"https:\/\/www.stageshotel.com\/en\/wp-json\/wp\/v2\/media\/102"}],"wp:attachment":[{"href":"https:\/\/www.stageshotel.com\/en\/wp-json\/wp\/v2\/media?parent=12"}],"curies":[{"name":"wp","href":"https:\/\/api.w.org\/{rel}","templated":true}]}}