{"id":14,"date":"2024-03-17T20:52:26","date_gmt":"2024-03-17T19:52:26","guid":{"rendered":"https:\/\/www.stageshotel.com\/?page_id=14"},"modified":"2025-07-09T08:15:44","modified_gmt":"2025-07-09T06:15:44","slug":"parking","status":"publish","type":"page","link":"https:\/\/www.stageshotel.com\/en\/hotel\/parkovani\/","title":{"rendered":"Parking"},"content":{"rendered":"<div class=\"wp-block-media-text has-media-on-the-right is-stacked-on-mobile\"><div class=\"wp-block-media-text__content\">\n<p>STAGES HOTEL Prague offers 100 parking spaces in the hotel's underground garage, including 2 charging stations for electric cars.<\/p>\n\n\n\n<p><strong>Parking in the hotel garage costs 550 CZK\/24 hours and 50 CZK\/hour. <\/strong><\/p>\n\n\n\n<p>Parking in front of the hotel is free for 15 minutes<\/p>\n\n\n\n<p>Additional parking capacity is available at the parking house in the immediate vicinity of the hotel for CZK 1,200 \/ 24 hours.<\/p>\n<\/div><figure class=\"wp-block-media-text__media\"><a href=\"https:\/\/www.stageshotel.com\/wp-content\/uploads\/2024\/03\/Stages-Hotel-Praha-Parkovani.jpg\"><img loading=\"lazy\" decoding=\"async\" width=\"800\" height=\"533\" src=\"https:\/\/www.stageshotel.com\/wp-content\/uploads\/2024\/03\/Stages-Hotel-Praha-Parkovani-800x533.jpg\" alt=\"Stages Hotel Praha Parkov\u00e1n\u00ed\" class=\"wp-image-122 size-medium\" srcset=\"https:\/\/www.stageshotel.com\/wp-content\/uploads\/2024\/03\/Stages-Hotel-Praha-Parkovani-800x533.jpg 800w, https:\/\/www.stageshotel.com\/wp-content\/uploads\/2024\/03\/Stages-Hotel-Praha-Parkovani-1600x1067.jpg 1600w, https:\/\/www.stageshotel.com\/wp-content\/uploads\/2024\/03\/Stages-Hotel-Praha-Parkovani.jpg 1920w\" sizes=\"auto, (max-width: 800px) 100vw, 800px\" \/><\/a><\/figure><\/div>\n\n\n\n<div class=\"wp-block-media-text is-stacked-on-mobile\"><figure class=\"wp-block-media-text__media\"><a href=\"https:\/\/www.stageshotel.com\/wp-content\/uploads\/2024\/03\/STAGES-HOTEL-Prague-mapa-parkovani.jpg\"><img loading=\"lazy\" decoding=\"async\" width=\"647\" height=\"484\" src=\"https:\/\/www.stageshotel.com\/wp-content\/uploads\/2024\/03\/STAGES-HOTEL-Prague-mapa-parkovani.jpg\" alt=\"STAGES HOTEL Prague mapa parkov\u00e1n\u00ed\" class=\"wp-image-121 size-full\"\/><\/a><\/figure><div class=\"wp-block-media-text__content\">\n<p><\/p>\n<\/div><\/div>","protected":false},"excerpt":{"rendered":"<p>STAGES HOTEL Prague nab\u00edz\u00ed 100 parkovac\u00edch m\u00edst v hotelov\u00e9 podzemn\u00ed gar\u00e1\u017ei, v\u010detn\u011b 2 nab\u00edjec\u00edch stanic pro elektromobily. Parkov\u00e1n\u00ed v hotelov\u00e9 gar\u00e1\u017ei stoji 550 K\u010d\/24 hod. a 50 K\u010d\/hod. Parkov\u00e1n\u00ed p\u0159ed hotelem je mo\u017en\u00e9 zdarma na 15 minut Dal\u0161\u00ed parkovac\u00ed kapacitu nab\u00edz\u00ed parkovac\u00ed d\u016fm v t\u011bsn\u00e9 bl\u00edzkosti hotelu v cen\u011b 1 200 K\u010d \/ 24 hod.<\/p>","protected":false},"author":1,"featured_media":101,"parent":6,"menu_order":5,"comment_status":"closed","ping_status":"closed","template":"","meta":{"footnotes":""},"class_list":["post-14","page","type-page","status-publish","has-post-thumbnail","hentry"],"yoast_head":"<!-- This site is optimized with the Yoast SEO plugin v27.3 - https:\/\/yoast.com\/product\/yoast-seo-wordpress\/ -->\n<title>Parkov\u00e1n\u00ed - STAGES HOTEL Prague<\/title>\n<meta name=\"robots\" content=\"index, follow, max-snippet:-1, max-image-preview:large, max-video-preview:-1\" \/>\n<link rel=\"canonical\" href=\"https:\/\/www.stageshotel.com\/en\/hotel\/parking\/\" \/>\n<meta property=\"og:locale\" content=\"en_GB\" \/>\n<meta property=\"og:type\" content=\"article\" \/>\n<meta property=\"og:title\" content=\"Parkov\u00e1n\u00ed - STAGES HOTEL Prague\" \/>\n<meta property=\"og:description\" content=\"STAGES HOTEL Prague nab\u00edz\u00ed 100 parkovac\u00edch m\u00edst v hotelov\u00e9 podzemn\u00ed gar\u00e1\u017ei, v\u010detn\u011b 2 nab\u00edjec\u00edch stanic pro elektromobily. Parkov\u00e1n\u00ed v hotelov\u00e9 gar\u00e1\u017ei stoji 550 K\u010d\/24 hod. a 50 K\u010d\/hod. Parkov\u00e1n\u00ed p\u0159ed hotelem je mo\u017en\u00e9 zdarma na 15 minut Dal\u0161\u00ed parkovac\u00ed kapacitu nab\u00edz\u00ed parkovac\u00ed d\u016fm v t\u011bsn\u00e9 bl\u00edzkosti hotelu v cen\u011b 1 200 K\u010d \/ 24 hod.\" \/>\n<meta property=\"og:url\" content=\"https:\/\/www.stageshotel.com\/en\/hotel\/parking\/\" \/>\n<meta property=\"og:site_name\" content=\"STAGES HOTEL Prague\" \/>\n<meta property=\"article:publisher\" content=\"https:\/\/www.facebook.com\/stageshotelprague\/\" \/>\n<meta property=\"article:modified_time\" content=\"2025-07-09T06:15:44+00:00\" \/>\n<meta property=\"og:image\" content=\"https:\/\/www.stageshotel.com\/wp-content\/uploads\/2024\/03\/Stages-Hotel-Praha-Parkovani-Praha.jpg\" \/>\n\t<meta property=\"og:image:width\" content=\"1920\" \/>\n\t<meta property=\"og:image:height\" content=\"1280\" \/>\n\t<meta property=\"og:image:type\" content=\"image\/jpeg\" \/>\n<meta name=\"twitter:card\" content=\"summary_large_image\" \/>\n<meta name=\"twitter:label1\" content=\"Estimated reading time\" \/>\n\t<meta name=\"twitter:data1\" content=\"1 minute\" \/>\n<script type=\"application\/ld+json\" class=\"yoast-schema-graph\">{\"@context\":\"https:\\\/\\\/schema.org\",\"@graph\":[{\"@type\":\"WebPage\",\"@id\":\"https:\\\/\\\/www.stageshotel.com\\\/hotel\\\/parkovani\\\/\",\"url\":\"https:\\\/\\\/www.stageshotel.com\\\/hotel\\\/parkovani\\\/\",\"name\":\"Parkov\u00e1n\u00ed - STAGES HOTEL Prague\",\"isPartOf\":{\"@id\":\"https:\\\/\\\/www.stageshotel.com\\\/cz\\\/#website\"},\"primaryImageOfPage\":{\"@id\":\"https:\\\/\\\/www.stageshotel.com\\\/hotel\\\/parkovani\\\/#primaryimage\"},\"image\":{\"@id\":\"https:\\\/\\\/www.stageshotel.com\\\/hotel\\\/parkovani\\\/#primaryimage\"},\"thumbnailUrl\":\"https:\\\/\\\/www.stageshotel.com\\\/wp-content\\\/uploads\\\/2024\\\/03\\\/Stages-Hotel-Praha-Parkovani-Praha.jpg\",\"datePublished\":\"2024-03-17T19:52:26+00:00\",\"dateModified\":\"2025-07-09T06:15:44+00:00\",\"breadcrumb\":{\"@id\":\"https:\\\/\\\/www.stageshotel.com\\\/hotel\\\/parkovani\\\/#breadcrumb\"},\"inLanguage\":\"en-GB\",\"potentialAction\":[{\"@type\":\"ReadAction\",\"target\":[\"https:\\\/\\\/www.stageshotel.com\\\/hotel\\\/parkovani\\\/\"]}]},{\"@type\":\"ImageObject\",\"inLanguage\":\"en-GB\",\"@id\":\"https:\\\/\\\/www.stageshotel.com\\\/hotel\\\/parkovani\\\/#primaryimage\",\"url\":\"https:\\\/\\\/www.stageshotel.com\\\/wp-content\\\/uploads\\\/2024\\\/03\\\/Stages-Hotel-Praha-Parkovani-Praha.jpg\",\"contentUrl\":\"https:\\\/\\\/www.stageshotel.com\\\/wp-content\\\/uploads\\\/2024\\\/03\\\/Stages-Hotel-Praha-Parkovani-Praha.jpg\",\"width\":1920,\"height\":1280,\"caption\":\"Stages Hotel Praha - Parkov\u00e1n\u00ed Praha\"},{\"@type\":\"BreadcrumbList\",\"@id\":\"https:\\\/\\\/www.stageshotel.com\\\/hotel\\\/parkovani\\\/#breadcrumb\",\"itemListElement\":[{\"@type\":\"ListItem\",\"position\":1,\"name\":\"Stages Hotel Prague\",\"item\":\"https:\\\/\\\/www.stageshotel.com\\\/\"},{\"@type\":\"ListItem\",\"position\":2,\"name\":\"V\u00edtejte v z\u00e1\u0159i reflektor\u016f STAGES HOTEL Prague\",\"item\":\"https:\\\/\\\/www.stageshotel.com\\\/hotel\\\/\"},{\"@type\":\"ListItem\",\"position\":3,\"name\":\"Parkov\u00e1n\u00ed\"}]},{\"@type\":\"WebSite\",\"@id\":\"https:\\\/\\\/www.stageshotel.com\\\/cz\\\/#website\",\"url\":\"https:\\\/\\\/www.stageshotel.com\\\/cz\\\/\",\"name\":\"STAGES HOTEL Prague\",\"description\":\"\",\"publisher\":{\"@id\":\"https:\\\/\\\/www.stageshotel.com\\\/cz\\\/#organization\"},\"potentialAction\":[{\"@type\":\"SearchAction\",\"target\":{\"@type\":\"EntryPoint\",\"urlTemplate\":\"https:\\\/\\\/www.stageshotel.com\\\/cz\\\/?s={search_term_string}\"},\"query-input\":{\"@type\":\"PropertyValueSpecification\",\"valueRequired\":true,\"valueName\":\"search_term_string\"}}],\"inLanguage\":\"en-GB\"},{\"@type\":\"Organization\",\"@id\":\"https:\\\/\\\/www.stageshotel.com\\\/cz\\\/#organization\",\"name\":\"STAGES HOTEL\",\"url\":\"https:\\\/\\\/www.stageshotel.com\\\/cz\\\/\",\"logo\":{\"@type\":\"ImageObject\",\"inLanguage\":\"en-GB\",\"@id\":\"https:\\\/\\\/www.stageshotel.com\\\/cz\\\/#\\\/schema\\\/logo\\\/image\\\/\",\"url\":\"https:\\\/\\\/www.stageshotel.com\\\/wp-content\\\/uploads\\\/2024\\\/11\\\/stages-hotel-logo.png\",\"contentUrl\":\"https:\\\/\\\/www.stageshotel.com\\\/wp-content\\\/uploads\\\/2024\\\/11\\\/stages-hotel-logo.png\",\"width\":1536,\"height\":768,\"caption\":\"STAGES HOTEL\"},\"image\":{\"@id\":\"https:\\\/\\\/www.stageshotel.com\\\/cz\\\/#\\\/schema\\\/logo\\\/image\\\/\"},\"sameAs\":[\"https:\\\/\\\/www.facebook.com\\\/stageshotelprague\\\/\",\"https:\\\/\\\/www.instagram.com\\\/stageshotelprague\\\/\"]}]}<\/script>\n<!-- \/ Yoast SEO plugin. -->","yoast_head_json":{"title":"Parkov\u00e1n\u00ed - STAGES HOTEL Prague","robots":{"index":"index","follow":"follow","max-snippet":"max-snippet:-1","max-image-preview":"max-image-preview:large","max-video-preview":"max-video-preview:-1"},"canonical":"https:\/\/www.stageshotel.com\/en\/hotel\/parking\/","og_locale":"en_GB","og_type":"article","og_title":"Parkov\u00e1n\u00ed - STAGES HOTEL Prague","og_description":"STAGES HOTEL Prague nab\u00edz\u00ed 100 parkovac\u00edch m\u00edst v hotelov\u00e9 podzemn\u00ed gar\u00e1\u017ei, v\u010detn\u011b 2 nab\u00edjec\u00edch stanic pro elektromobily. Parkov\u00e1n\u00ed v hotelov\u00e9 gar\u00e1\u017ei stoji 550 K\u010d\/24 hod. a 50 K\u010d\/hod. Parkov\u00e1n\u00ed p\u0159ed hotelem je mo\u017en\u00e9 zdarma na 15 minut Dal\u0161\u00ed parkovac\u00ed kapacitu nab\u00edz\u00ed parkovac\u00ed d\u016fm v t\u011bsn\u00e9 bl\u00edzkosti hotelu v cen\u011b 1 200 K\u010d \/ 24 hod.","og_url":"https:\/\/www.stageshotel.com\/en\/hotel\/parking\/","og_site_name":"STAGES HOTEL Prague","article_publisher":"https:\/\/www.facebook.com\/stageshotelprague\/","article_modified_time":"2025-07-09T06:15:44+00:00","og_image":[{"width":1920,"height":1280,"url":"https:\/\/www.stageshotel.com\/wp-content\/uploads\/2024\/03\/Stages-Hotel-Praha-Parkovani-Praha.jpg","type":"image\/jpeg"}],"twitter_card":"summary_large_image","twitter_misc":{"Estimated reading time":"1 minute"},"schema":{"@context":"https:\/\/schema.org","@graph":[{"@type":"WebPage","@id":"https:\/\/www.stageshotel.com\/hotel\/parkovani\/","url":"https:\/\/www.stageshotel.com\/hotel\/parkovani\/","name":"Parkov\u00e1n\u00ed - STAGES HOTEL Prague","isPartOf":{"@id":"https:\/\/www.stageshotel.com\/cz\/#website"},"primaryImageOfPage":{"@id":"https:\/\/www.stageshotel.com\/hotel\/parkovani\/#primaryimage"},"image":{"@id":"https:\/\/www.stageshotel.com\/hotel\/parkovani\/#primaryimage"},"thumbnailUrl":"https:\/\/www.stageshotel.com\/wp-content\/uploads\/2024\/03\/Stages-Hotel-Praha-Parkovani-Praha.jpg","datePublished":"2024-03-17T19:52:26+00:00","dateModified":"2025-07-09T06:15:44+00:00","breadcrumb":{"@id":"https:\/\/www.stageshotel.com\/hotel\/parkovani\/#breadcrumb"},"inLanguage":"en-GB","potentialAction":[{"@type":"ReadAction","target":["https:\/\/www.stageshotel.com\/hotel\/parkovani\/"]}]},{"@type":"ImageObject","inLanguage":"en-GB","@id":"https:\/\/www.stageshotel.com\/hotel\/parkovani\/#primaryimage","url":"https:\/\/www.stageshotel.com\/wp-content\/uploads\/2024\/03\/Stages-Hotel-Praha-Parkovani-Praha.jpg","contentUrl":"https:\/\/www.stageshotel.com\/wp-content\/uploads\/2024\/03\/Stages-Hotel-Praha-Parkovani-Praha.jpg","width":1920,"height":1280,"caption":"Stages Hotel Praha - Parkov\u00e1n\u00ed Praha"},{"@type":"BreadcrumbList","@id":"https:\/\/www.stageshotel.com\/hotel\/parkovani\/#breadcrumb","itemListElement":[{"@type":"ListItem","position":1,"name":"Stages Hotel Prague","item":"https:\/\/www.stageshotel.com\/"},{"@type":"ListItem","position":2,"name":"V\u00edtejte v z\u00e1\u0159i reflektor\u016f STAGES HOTEL Prague","item":"https:\/\/www.stageshotel.com\/hotel\/"},{"@type":"ListItem","position":3,"name":"Parkov\u00e1n\u00ed"}]},{"@type":"WebSite","@id":"https:\/\/www.stageshotel.com\/cz\/#website","url":"https:\/\/www.stageshotel.com\/cz\/","name":"STAGES HOTEL Prague","description":"","publisher":{"@id":"https:\/\/www.stageshotel.com\/cz\/#organization"},"potentialAction":[{"@type":"SearchAction","target":{"@type":"EntryPoint","urlTemplate":"https:\/\/www.stageshotel.com\/cz\/?s={search_term_string}"},"query-input":{"@type":"PropertyValueSpecification","valueRequired":true,"valueName":"search_term_string"}}],"inLanguage":"en-GB"},{"@type":"Organization","@id":"https:\/\/www.stageshotel.com\/cz\/#organization","name":"STAGES HOTEL","url":"https:\/\/www.stageshotel.com\/cz\/","logo":{"@type":"ImageObject","inLanguage":"en-GB","@id":"https:\/\/www.stageshotel.com\/cz\/#\/schema\/logo\/image\/","url":"https:\/\/www.stageshotel.com\/wp-content\/uploads\/2024\/11\/stages-hotel-logo.png","contentUrl":"https:\/\/www.stageshotel.com\/wp-content\/uploads\/2024\/11\/stages-hotel-logo.png","width":1536,"height":768,"caption":"STAGES HOTEL"},"image":{"@id":"https:\/\/www.stageshotel.com\/cz\/#\/schema\/logo\/image\/"},"sameAs":["https:\/\/www.facebook.com\/stageshotelprague\/","https:\/\/www.instagram.com\/stageshotelprague\/"]}]}},"_links":{"self":[{"href":"https:\/\/www.stageshotel.com\/en\/wp-json\/wp\/v2\/pages\/14","targetHints":{"allow":["GET"]}}],"collection":[{"href":"https:\/\/www.stageshotel.com\/en\/wp-json\/wp\/v2\/pages"}],"about":[{"href":"https:\/\/www.stageshotel.com\/en\/wp-json\/wp\/v2\/types\/page"}],"author":[{"embeddable":true,"href":"https:\/\/www.stageshotel.com\/en\/wp-json\/wp\/v2\/users\/1"}],"replies":[{"embeddable":true,"href":"https:\/\/www.stageshotel.com\/en\/wp-json\/wp\/v2\/comments?post=14"}],"version-history":[{"count":6,"href":"https:\/\/www.stageshotel.com\/en\/wp-json\/wp\/v2\/pages\/14\/revisions"}],"predecessor-version":[{"id":1457,"href":"https:\/\/www.stageshotel.com\/en\/wp-json\/wp\/v2\/pages\/14\/revisions\/1457"}],"up":[{"embeddable":true,"href":"https:\/\/www.stageshotel.com\/en\/wp-json\/wp\/v2\/pages\/6"}],"wp:featuredmedia":[{"embeddable":true,"href":"https:\/\/www.stageshotel.com\/en\/wp-json\/wp\/v2\/media\/101"}],"wp:attachment":[{"href":"https:\/\/www.stageshotel.com\/en\/wp-json\/wp\/v2\/media?parent=14"}],"curies":[{"name":"wp","href":"https:\/\/api.w.org\/{rel}","templated":true}]}}