{"id":35,"date":"2024-03-17T21:26:15","date_gmt":"2024-03-17T20:26:15","guid":{"rendered":"https:\/\/www.stageshotel.com\/?page_id=35"},"modified":"2024-09-02T20:54:19","modified_gmt":"2024-09-02T18:54:19","slug":"connecting-family-room","status":"publish","type":"page","link":"https:\/\/www.stageshotel.com\/en\/pokoje\/propojeny-rodinny-pokoj\/","title":{"rendered":"Connecting family room"},"content":{"rendered":"<p>Spacious family room with air conditioning, tea and coffee making facilities and en suite bathroom with bath or shower and hairdryer. There are 4 beds in this accommodation unit.<\/p>\n\n\n\n<ul class=\"vybaveni wp-block-list\">\n<li>City view<\/li>\n\n\n\n<li>4 single beds<\/li>\n\n\n\n<li>Approx. 56 m2 of space<\/li>\n\n\n\n<li>2 koupelny s toaletou<\/li>\n\n\n\n<li>High-speed Wi-Fi (up to 1 Gbps)<\/li>\n\n\n\n<li>Three 55\u00b4\u00b4 LCD TV with 70+ channels&nbsp;<\/li>\n\n\n\n<li>Personal safe<\/li>\n\n\n\n<li>Coffee and tea making facilities with espresso maker<\/li>\n\n\n\n<li>Mini chladni\u010dka<\/li>\n\n\n\n<li>Marshall BT-speaker to enjoy your favourite music<\/li>\n<\/ul>\n\n\n\n<div class=\"wp-block-buttons is-layout-flex wp-block-buttons-is-layout-flex\">\n<div class=\"wp-block-button btnalt rezervovat\"><a class=\"wp-block-button__link wp-element-button\" href=\"https:\/\/www.marriott.com\/hotels\/travel\/prgtx-stages-hotel-prague-a-tribute-portfolio-hotel\/\" target=\"_blank\" rel=\"noreferrer noopener\">Book now<\/a><\/div>\n<\/div>\n\n\n\n<div style=\"height:50px\" aria-hidden=\"true\" class=\"wp-block-spacer\"><\/div>\n\n\n\n<figure class=\"wp-block-gallery has-nested-images columns-default is-cropped wp-block-gallery-1 is-layout-flex wp-block-gallery-is-layout-flex\">\n<figure class=\"wp-block-image size-medium\"><a href=\"https:\/\/www.stageshotel.com\/wp-content\/uploads\/2024\/07\/TP_PRGTX_Detail_Wall.jpg\"><img loading=\"lazy\" decoding=\"async\" width=\"800\" height=\"533\" data-id=\"931\" src=\"https:\/\/www.stageshotel.com\/wp-content\/uploads\/2024\/07\/TP_PRGTX_Detail_Wall-800x533.jpg\" alt=\"\" class=\"wp-image-931\" srcset=\"https:\/\/www.stageshotel.com\/wp-content\/uploads\/2024\/07\/TP_PRGTX_Detail_Wall-800x533.jpg 800w, https:\/\/www.stageshotel.com\/wp-content\/uploads\/2024\/07\/TP_PRGTX_Detail_Wall-18x12.jpg 18w, https:\/\/www.stageshotel.com\/wp-content\/uploads\/2024\/07\/TP_PRGTX_Detail_Wall.jpg 1500w\" sizes=\"auto, (max-width: 800px) 100vw, 800px\" \/><\/a><\/figure>\n\n\n\n<figure class=\"wp-block-image size-medium\"><a href=\"https:\/\/www.stageshotel.com\/wp-content\/uploads\/2024\/07\/21-39-Stages-Test-Room_02.jpg\"><img loading=\"lazy\" decoding=\"async\" width=\"800\" height=\"533\" data-id=\"933\" src=\"https:\/\/www.stageshotel.com\/wp-content\/uploads\/2024\/07\/21-39-Stages-Test-Room_02-800x533.jpg\" alt=\"\" class=\"wp-image-933\" srcset=\"https:\/\/www.stageshotel.com\/wp-content\/uploads\/2024\/07\/21-39-Stages-Test-Room_02-800x533.jpg 800w, https:\/\/www.stageshotel.com\/wp-content\/uploads\/2024\/07\/21-39-Stages-Test-Room_02-1600x1067.jpg 1600w, https:\/\/www.stageshotel.com\/wp-content\/uploads\/2024\/07\/21-39-Stages-Test-Room_02-18x12.jpg 18w\" sizes=\"auto, (max-width: 800px) 100vw, 800px\" \/><\/a><\/figure>\n\n\n\n<figure class=\"wp-block-image size-medium\"><a href=\"https:\/\/www.stageshotel.com\/wp-content\/uploads\/2024\/03\/Stages-Hotel-Praha-Rodinne-Apartma-05.jpg\"><img loading=\"lazy\" decoding=\"async\" width=\"800\" height=\"533\" data-id=\"200\" src=\"https:\/\/www.stageshotel.com\/wp-content\/uploads\/2024\/03\/Stages-Hotel-Praha-Rodinne-Apartma-05-800x533.jpg\" alt=\"Stages Hotel Praha - Rodinn\u00e9 Apartm\u00e1 05\" class=\"wp-image-200\" srcset=\"https:\/\/www.stageshotel.com\/wp-content\/uploads\/2024\/03\/Stages-Hotel-Praha-Rodinne-Apartma-05-800x533.jpg 800w, https:\/\/www.stageshotel.com\/wp-content\/uploads\/2024\/03\/Stages-Hotel-Praha-Rodinne-Apartma-05.jpg 1600w\" sizes=\"auto, (max-width: 800px) 100vw, 800px\" \/><\/a><\/figure>\n\n\n\n<figure class=\"wp-block-image size-medium\"><a href=\"https:\/\/www.stageshotel.com\/wp-content\/uploads\/2024\/03\/Stages-Hotel-Praha-Rodinne-Apartma-02.jpg\"><img loading=\"lazy\" decoding=\"async\" width=\"800\" height=\"533\" data-id=\"203\" src=\"https:\/\/www.stageshotel.com\/wp-content\/uploads\/2024\/03\/Stages-Hotel-Praha-Rodinne-Apartma-02-800x533.jpg\" alt=\"Stages Hotel Praha - Rodinn\u00e9 Apartm\u00e1 02\" class=\"wp-image-203\" srcset=\"https:\/\/www.stageshotel.com\/wp-content\/uploads\/2024\/03\/Stages-Hotel-Praha-Rodinne-Apartma-02-800x533.jpg 800w, https:\/\/www.stageshotel.com\/wp-content\/uploads\/2024\/03\/Stages-Hotel-Praha-Rodinne-Apartma-02.jpg 1600w\" sizes=\"auto, (max-width: 800px) 100vw, 800px\" \/><\/a><\/figure>\n<\/figure>","protected":false},"excerpt":{"rendered":"<p>Spacious family room with air conditioning, tea and coffee making facilities and en suite bathroom with bath or shower and hairdryer. There are 4 beds in this accommodation unit.<\/p>","protected":false},"author":1,"featured_media":956,"parent":24,"menu_order":11,"comment_status":"closed","ping_status":"closed","template":"","meta":{"footnotes":""},"class_list":["post-35","page","type-page","status-publish","has-post-thumbnail","hentry"],"yoast_head":"<!-- This site is optimized with the Yoast SEO plugin v27.3 - https:\/\/yoast.com\/product\/yoast-seo-wordpress\/ -->\n<title>Propojen\u00fd rodinn\u00fd pokoj - STAGES HOTEL Prague<\/title>\n<meta name=\"robots\" content=\"index, follow, max-snippet:-1, max-image-preview:large, max-video-preview:-1\" \/>\n<link rel=\"canonical\" href=\"https:\/\/www.stageshotel.com\/en\/rooms\/connecting-family-room\/\" \/>\n<meta property=\"og:locale\" content=\"en_GB\" \/>\n<meta property=\"og:type\" content=\"article\" \/>\n<meta property=\"og:title\" content=\"Propojen\u00fd rodinn\u00fd pokoj - STAGES HOTEL Prague\" \/>\n<meta property=\"og:description\" content=\"Prostorn\u00fd rodinn\u00fd pokoj s klimatizac\u00ed, p\u0159\u00edslu\u0161enstv\u00edm pro p\u0159\u00edpravu \u010daje a k\u00e1vy a vlastn\u00ed koupelnou s vanou nebo sprchou a f\u00e9nem. V&nbsp;t\u00e9to ubytovac\u00ed jednotce najdete 4&nbsp;postele.\" \/>\n<meta property=\"og:url\" content=\"https:\/\/www.stageshotel.com\/en\/rooms\/connecting-family-room\/\" \/>\n<meta property=\"og:site_name\" content=\"STAGES HOTEL Prague\" \/>\n<meta property=\"article:publisher\" content=\"https:\/\/www.facebook.com\/stageshotelprague\/\" \/>\n<meta property=\"article:modified_time\" content=\"2024-09-02T18:54:19+00:00\" \/>\n<meta property=\"og:image\" content=\"https:\/\/www.stageshotel.com\/wp-content\/uploads\/2024\/09\/24-31-TP-PRGTX_connecting_room-scaled.jpg\" \/>\n\t<meta property=\"og:image:width\" content=\"2560\" \/>\n\t<meta property=\"og:image:height\" content=\"1707\" \/>\n\t<meta property=\"og:image:type\" content=\"image\/jpeg\" \/>\n<meta name=\"twitter:card\" content=\"summary_large_image\" \/>\n<script type=\"application\/ld+json\" class=\"yoast-schema-graph\">{\"@context\":\"https:\\\/\\\/schema.org\",\"@graph\":[{\"@type\":\"WebPage\",\"@id\":\"https:\\\/\\\/www.stageshotel.com\\\/pokoje\\\/propojeny-rodinny-pokoj\\\/\",\"url\":\"https:\\\/\\\/www.stageshotel.com\\\/pokoje\\\/propojeny-rodinny-pokoj\\\/\",\"name\":\"Propojen\u00fd rodinn\u00fd pokoj - STAGES HOTEL Prague\",\"isPartOf\":{\"@id\":\"https:\\\/\\\/www.stageshotel.com\\\/cz\\\/#website\"},\"primaryImageOfPage\":{\"@id\":\"https:\\\/\\\/www.stageshotel.com\\\/pokoje\\\/propojeny-rodinny-pokoj\\\/#primaryimage\"},\"image\":{\"@id\":\"https:\\\/\\\/www.stageshotel.com\\\/pokoje\\\/propojeny-rodinny-pokoj\\\/#primaryimage\"},\"thumbnailUrl\":\"https:\\\/\\\/www.stageshotel.com\\\/wp-content\\\/uploads\\\/2024\\\/09\\\/24-31-TP-PRGTX_connecting_room-scaled.jpg\",\"datePublished\":\"2024-03-17T20:26:15+00:00\",\"dateModified\":\"2024-09-02T18:54:19+00:00\",\"breadcrumb\":{\"@id\":\"https:\\\/\\\/www.stageshotel.com\\\/pokoje\\\/propojeny-rodinny-pokoj\\\/#breadcrumb\"},\"inLanguage\":\"en-GB\",\"potentialAction\":[{\"@type\":\"ReadAction\",\"target\":[\"https:\\\/\\\/www.stageshotel.com\\\/pokoje\\\/propojeny-rodinny-pokoj\\\/\"]}]},{\"@type\":\"ImageObject\",\"inLanguage\":\"en-GB\",\"@id\":\"https:\\\/\\\/www.stageshotel.com\\\/pokoje\\\/propojeny-rodinny-pokoj\\\/#primaryimage\",\"url\":\"https:\\\/\\\/www.stageshotel.com\\\/wp-content\\\/uploads\\\/2024\\\/09\\\/24-31-TP-PRGTX_connecting_room-scaled.jpg\",\"contentUrl\":\"https:\\\/\\\/www.stageshotel.com\\\/wp-content\\\/uploads\\\/2024\\\/09\\\/24-31-TP-PRGTX_connecting_room-scaled.jpg\",\"width\":2560,\"height\":1707},{\"@type\":\"BreadcrumbList\",\"@id\":\"https:\\\/\\\/www.stageshotel.com\\\/pokoje\\\/propojeny-rodinny-pokoj\\\/#breadcrumb\",\"itemListElement\":[{\"@type\":\"ListItem\",\"position\":1,\"name\":\"Stages Hotel Prague\",\"item\":\"https:\\\/\\\/www.stageshotel.com\\\/\"},{\"@type\":\"ListItem\",\"position\":2,\"name\":\"Modern\u00ed pokoje a apartm\u00e1 p\u0159\u00edmo vedle O2 Areny\",\"item\":\"https:\\\/\\\/www.stageshotel.com\\\/pokoje\\\/\"},{\"@type\":\"ListItem\",\"position\":3,\"name\":\"Propojen\u00fd rodinn\u00fd pokoj\"}]},{\"@type\":\"WebSite\",\"@id\":\"https:\\\/\\\/www.stageshotel.com\\\/cz\\\/#website\",\"url\":\"https:\\\/\\\/www.stageshotel.com\\\/cz\\\/\",\"name\":\"STAGES HOTEL Prague\",\"description\":\"\",\"publisher\":{\"@id\":\"https:\\\/\\\/www.stageshotel.com\\\/cz\\\/#organization\"},\"potentialAction\":[{\"@type\":\"SearchAction\",\"target\":{\"@type\":\"EntryPoint\",\"urlTemplate\":\"https:\\\/\\\/www.stageshotel.com\\\/cz\\\/?s={search_term_string}\"},\"query-input\":{\"@type\":\"PropertyValueSpecification\",\"valueRequired\":true,\"valueName\":\"search_term_string\"}}],\"inLanguage\":\"en-GB\"},{\"@type\":\"Organization\",\"@id\":\"https:\\\/\\\/www.stageshotel.com\\\/cz\\\/#organization\",\"name\":\"STAGES HOTEL\",\"url\":\"https:\\\/\\\/www.stageshotel.com\\\/cz\\\/\",\"logo\":{\"@type\":\"ImageObject\",\"inLanguage\":\"en-GB\",\"@id\":\"https:\\\/\\\/www.stageshotel.com\\\/cz\\\/#\\\/schema\\\/logo\\\/image\\\/\",\"url\":\"https:\\\/\\\/www.stageshotel.com\\\/wp-content\\\/uploads\\\/2024\\\/11\\\/stages-hotel-logo.png\",\"contentUrl\":\"https:\\\/\\\/www.stageshotel.com\\\/wp-content\\\/uploads\\\/2024\\\/11\\\/stages-hotel-logo.png\",\"width\":1536,\"height\":768,\"caption\":\"STAGES HOTEL\"},\"image\":{\"@id\":\"https:\\\/\\\/www.stageshotel.com\\\/cz\\\/#\\\/schema\\\/logo\\\/image\\\/\"},\"sameAs\":[\"https:\\\/\\\/www.facebook.com\\\/stageshotelprague\\\/\",\"https:\\\/\\\/www.instagram.com\\\/stageshotelprague\\\/\"]}]}<\/script>\n<!-- \/ Yoast SEO plugin. -->","yoast_head_json":{"title":"Propojen\u00fd rodinn\u00fd pokoj - STAGES HOTEL Prague","robots":{"index":"index","follow":"follow","max-snippet":"max-snippet:-1","max-image-preview":"max-image-preview:large","max-video-preview":"max-video-preview:-1"},"canonical":"https:\/\/www.stageshotel.com\/en\/rooms\/connecting-family-room\/","og_locale":"en_GB","og_type":"article","og_title":"Propojen\u00fd rodinn\u00fd pokoj - STAGES HOTEL Prague","og_description":"Prostorn\u00fd rodinn\u00fd pokoj s klimatizac\u00ed, p\u0159\u00edslu\u0161enstv\u00edm pro p\u0159\u00edpravu \u010daje a k\u00e1vy a vlastn\u00ed koupelnou s vanou nebo sprchou a f\u00e9nem. V&nbsp;t\u00e9to ubytovac\u00ed jednotce najdete 4&nbsp;postele.","og_url":"https:\/\/www.stageshotel.com\/en\/rooms\/connecting-family-room\/","og_site_name":"STAGES HOTEL Prague","article_publisher":"https:\/\/www.facebook.com\/stageshotelprague\/","article_modified_time":"2024-09-02T18:54:19+00:00","og_image":[{"width":2560,"height":1707,"url":"https:\/\/www.stageshotel.com\/wp-content\/uploads\/2024\/09\/24-31-TP-PRGTX_connecting_room-scaled.jpg","type":"image\/jpeg"}],"twitter_card":"summary_large_image","schema":{"@context":"https:\/\/schema.org","@graph":[{"@type":"WebPage","@id":"https:\/\/www.stageshotel.com\/pokoje\/propojeny-rodinny-pokoj\/","url":"https:\/\/www.stageshotel.com\/pokoje\/propojeny-rodinny-pokoj\/","name":"Propojen\u00fd rodinn\u00fd pokoj - STAGES HOTEL Prague","isPartOf":{"@id":"https:\/\/www.stageshotel.com\/cz\/#website"},"primaryImageOfPage":{"@id":"https:\/\/www.stageshotel.com\/pokoje\/propojeny-rodinny-pokoj\/#primaryimage"},"image":{"@id":"https:\/\/www.stageshotel.com\/pokoje\/propojeny-rodinny-pokoj\/#primaryimage"},"thumbnailUrl":"https:\/\/www.stageshotel.com\/wp-content\/uploads\/2024\/09\/24-31-TP-PRGTX_connecting_room-scaled.jpg","datePublished":"2024-03-17T20:26:15+00:00","dateModified":"2024-09-02T18:54:19+00:00","breadcrumb":{"@id":"https:\/\/www.stageshotel.com\/pokoje\/propojeny-rodinny-pokoj\/#breadcrumb"},"inLanguage":"en-GB","potentialAction":[{"@type":"ReadAction","target":["https:\/\/www.stageshotel.com\/pokoje\/propojeny-rodinny-pokoj\/"]}]},{"@type":"ImageObject","inLanguage":"en-GB","@id":"https:\/\/www.stageshotel.com\/pokoje\/propojeny-rodinny-pokoj\/#primaryimage","url":"https:\/\/www.stageshotel.com\/wp-content\/uploads\/2024\/09\/24-31-TP-PRGTX_connecting_room-scaled.jpg","contentUrl":"https:\/\/www.stageshotel.com\/wp-content\/uploads\/2024\/09\/24-31-TP-PRGTX_connecting_room-scaled.jpg","width":2560,"height":1707},{"@type":"BreadcrumbList","@id":"https:\/\/www.stageshotel.com\/pokoje\/propojeny-rodinny-pokoj\/#breadcrumb","itemListElement":[{"@type":"ListItem","position":1,"name":"Stages Hotel Prague","item":"https:\/\/www.stageshotel.com\/"},{"@type":"ListItem","position":2,"name":"Modern\u00ed pokoje a apartm\u00e1 p\u0159\u00edmo vedle O2 Areny","item":"https:\/\/www.stageshotel.com\/pokoje\/"},{"@type":"ListItem","position":3,"name":"Propojen\u00fd rodinn\u00fd pokoj"}]},{"@type":"WebSite","@id":"https:\/\/www.stageshotel.com\/cz\/#website","url":"https:\/\/www.stageshotel.com\/cz\/","name":"STAGES HOTEL Prague","description":"","publisher":{"@id":"https:\/\/www.stageshotel.com\/cz\/#organization"},"potentialAction":[{"@type":"SearchAction","target":{"@type":"EntryPoint","urlTemplate":"https:\/\/www.stageshotel.com\/cz\/?s={search_term_string}"},"query-input":{"@type":"PropertyValueSpecification","valueRequired":true,"valueName":"search_term_string"}}],"inLanguage":"en-GB"},{"@type":"Organization","@id":"https:\/\/www.stageshotel.com\/cz\/#organization","name":"STAGES HOTEL","url":"https:\/\/www.stageshotel.com\/cz\/","logo":{"@type":"ImageObject","inLanguage":"en-GB","@id":"https:\/\/www.stageshotel.com\/cz\/#\/schema\/logo\/image\/","url":"https:\/\/www.stageshotel.com\/wp-content\/uploads\/2024\/11\/stages-hotel-logo.png","contentUrl":"https:\/\/www.stageshotel.com\/wp-content\/uploads\/2024\/11\/stages-hotel-logo.png","width":1536,"height":768,"caption":"STAGES HOTEL"},"image":{"@id":"https:\/\/www.stageshotel.com\/cz\/#\/schema\/logo\/image\/"},"sameAs":["https:\/\/www.facebook.com\/stageshotelprague\/","https:\/\/www.instagram.com\/stageshotelprague\/"]}]}},"_links":{"self":[{"href":"https:\/\/www.stageshotel.com\/en\/wp-json\/wp\/v2\/pages\/35","targetHints":{"allow":["GET"]}}],"collection":[{"href":"https:\/\/www.stageshotel.com\/en\/wp-json\/wp\/v2\/pages"}],"about":[{"href":"https:\/\/www.stageshotel.com\/en\/wp-json\/wp\/v2\/types\/page"}],"author":[{"embeddable":true,"href":"https:\/\/www.stageshotel.com\/en\/wp-json\/wp\/v2\/users\/1"}],"replies":[{"embeddable":true,"href":"https:\/\/www.stageshotel.com\/en\/wp-json\/wp\/v2\/comments?post=35"}],"version-history":[{"count":6,"href":"https:\/\/www.stageshotel.com\/en\/wp-json\/wp\/v2\/pages\/35\/revisions"}],"predecessor-version":[{"id":962,"href":"https:\/\/www.stageshotel.com\/en\/wp-json\/wp\/v2\/pages\/35\/revisions\/962"}],"up":[{"embeddable":true,"href":"https:\/\/www.stageshotel.com\/en\/wp-json\/wp\/v2\/pages\/24"}],"wp:featuredmedia":[{"embeddable":true,"href":"https:\/\/www.stageshotel.com\/en\/wp-json\/wp\/v2\/media\/956"}],"wp:attachment":[{"href":"https:\/\/www.stageshotel.com\/en\/wp-json\/wp\/v2\/media?parent=35"}],"curies":[{"name":"wp","href":"https:\/\/api.w.org\/{rel}","templated":true}]}}