{"id":45,"date":"2024-03-17T21:28:04","date_gmt":"2024-03-17T20:28:04","guid":{"rendered":"https:\/\/www.stageshotel.com\/?page_id=45"},"modified":"2026-04-27T07:55:45","modified_gmt":"2026-04-27T05:55:45","slug":"events","status":"publish","type":"page","link":"https:\/\/www.stageshotel.com\/en\/koncerty-a-akce\/","title":{"rendered":"Events"},"content":{"rendered":"<h2 class=\"wp-block-heading\">Do not miss your show!<\/h2>\n\n\n\n<p class=\"translation-block\">Accommodation just a few steps from the O<sub>2<\/sub> arena, O<sub>2<\/sub> universum and 2 stops from Forum Karl\u00edn and the events that take place there guarantee perfect days and nights in Prague. Just a few clicks and you will have a great time. We look forward to seeing you!<\/p>\n\n\n\n<p><a href=\"https:\/\/www.o2arena.cz\/klubove-patro-skyboxy\/vip-zazitek\/\" target=\"_blank\" rel=\"noreferrer noopener\">Dop\u0159ejte si VIP z\u00e1\u017eitek <\/a><\/p>\n\n\n\n<div class=\"wp-block-columns is-layout-flex wp-container-core-columns-is-layout-9d6595d7 wp-block-columns-is-layout-flex\"><\/div>\n\n\n\n<div class=\"wp-block-columns is-layout-flex wp-container-core-columns-is-layout-9d6595d7 wp-block-columns-is-layout-flex\">\n<div class=\"wp-block-column is-layout-flow wp-block-column-is-layout-flow\" style=\"flex-basis:100%\">\n<div class=\"wp-block-group\"><div class=\"wp-block-group__inner-container is-layout-constrained wp-block-group-is-layout-constrained\">\n<div class=\"wp-block-columns is-layout-flex wp-container-core-columns-is-layout-9d6595d7 wp-block-columns-is-layout-flex\">\n<div class=\"wp-block-column is-layout-flow wp-block-column-is-layout-flow\">\n<figure class=\"wp-block-image size-full\"><img loading=\"lazy\" decoding=\"async\" width=\"798\" height=\"798\" src=\"https:\/\/www.stageshotel.com\/wp-content\/uploads\/2026\/02\/Screenshot-2026-02-11-at-8.44.14.png\" alt=\"\" class=\"wp-image-1623\" srcset=\"https:\/\/www.stageshotel.com\/wp-content\/uploads\/2026\/02\/Screenshot-2026-02-11-at-8.44.14.png 798w, https:\/\/www.stageshotel.com\/wp-content\/uploads\/2026\/02\/Screenshot-2026-02-11-at-8.44.14-200x200.png 200w, https:\/\/www.stageshotel.com\/wp-content\/uploads\/2026\/02\/Screenshot-2026-02-11-at-8.44.14-12x12.png 12w\" sizes=\"auto, (max-width: 798px) 100vw, 798px\" \/><\/figure>\n\n\n\n<h3 class=\"wp-block-heading has-text-align-center\"><a href=\"https:\/\/www.o2arena.cz\/klubove-patro-skyboxy\/vip-zazitek\/\" target=\"_blank\" rel=\"noreferrer noopener\"><a href=\"https:\/\/www.o2arena.cz\/klubove-patro-skyboxy\/vip-zazitek\/\" target=\"_blank\" rel=\"noreferrer noopener\"><a href=\"https:\/\/www.o2arena.cz\/klubove-patro-skyboxy\/vip-zazitek\/\" target=\"_blank\" rel=\"noreferrer noopener\">ERIC CLAPTON<\/a><br><a href=\"https:\/\/www.o2arena.cz\/events\/eric-clapton-2026\/\" target=\"_blank\" rel=\"noreferrer noopener\">4. 5. 2026<\/a><\/a><\/a><\/h3>\n<\/div>\n\n\n\n<div class=\"wp-block-column is-layout-flow wp-block-column-is-layout-flow\">\n<figure class=\"wp-block-image size-full\"><img loading=\"lazy\" decoding=\"async\" width=\"400\" height=\"400\" src=\"https:\/\/www.stageshotel.com\/wp-content\/uploads\/2026\/03\/margita_O2_400x400.jpg\" alt=\"\" class=\"wp-image-1692\" srcset=\"https:\/\/www.stageshotel.com\/wp-content\/uploads\/2026\/03\/margita_O2_400x400.jpg 400w, https:\/\/www.stageshotel.com\/wp-content\/uploads\/2026\/03\/margita_O2_400x400-200x200.jpg 200w, https:\/\/www.stageshotel.com\/wp-content\/uploads\/2026\/03\/margita_O2_400x400-12x12.jpg 12w\" sizes=\"auto, (max-width: 400px) 100vw, 400px\" \/><\/figure>\n\n\n\n<h3 class=\"wp-block-heading has-text-align-center\"><a href=\"https:\/\/www.o2arena.cz\/klubove-patro-skyboxy\/vip-zazitek\/\" target=\"_blank\" rel=\"noreferrer noopener\"><a href=\"https:\/\/www.o2arena.cz\/klubove-patro-skyboxy\/vip-zazitek\/\"><strong>\u0160TEFAN MARGITA a and\u011bl\u00e9 str\u00e1\u017en\u00ed \u2013 \u201e70\u201c<\/strong> 15. 5. 2026 <\/a><\/a><\/h3>\n<\/div>\n\n\n\n<div class=\"wp-block-column is-layout-flow wp-block-column-is-layout-flow\">\n<figure class=\"wp-block-image size-full\"><img loading=\"lazy\" decoding=\"async\" width=\"400\" height=\"400\" src=\"https:\/\/www.stageshotel.com\/wp-content\/uploads\/2026\/03\/400x400_O2_Pokac.jpg\" alt=\"\" class=\"wp-image-1693\" srcset=\"https:\/\/www.stageshotel.com\/wp-content\/uploads\/2026\/03\/400x400_O2_Pokac.jpg 400w, https:\/\/www.stageshotel.com\/wp-content\/uploads\/2026\/03\/400x400_O2_Pokac-200x200.jpg 200w, https:\/\/www.stageshotel.com\/wp-content\/uploads\/2026\/03\/400x400_O2_Pokac-12x12.jpg 12w\" sizes=\"auto, (max-width: 400px) 100vw, 400px\" \/><\/figure>\n\n\n\n<h3 class=\"wp-block-heading has-text-align-center\"><a href=\"https:\/\/www.o2arena.cz\/klubove-patro-skyboxy\/vip-zazitek\/\">Pok\u00e1\u010dova d\u011btsk\u00e1 O2 arena 16. 5. 2026 <\/a><\/h3>\n<\/div>\n<\/div>\n<\/div><\/div>\n<\/div>\n<\/div>\n\n\n\n<div class=\"wp-block-columns is-layout-flex wp-container-core-columns-is-layout-9d6595d7 wp-block-columns-is-layout-flex\">\n<div class=\"wp-block-column is-layout-flow wp-block-column-is-layout-flow\">\n<figure class=\"wp-block-image size-full\"><img loading=\"lazy\" decoding=\"async\" width=\"400\" height=\"400\" src=\"https:\/\/www.stageshotel.com\/wp-content\/uploads\/2026\/03\/Flo_Rida_O2_400x400.jpg\" alt=\"\" class=\"wp-image-1694\" srcset=\"https:\/\/www.stageshotel.com\/wp-content\/uploads\/2026\/03\/Flo_Rida_O2_400x400.jpg 400w, https:\/\/www.stageshotel.com\/wp-content\/uploads\/2026\/03\/Flo_Rida_O2_400x400-200x200.jpg 200w, https:\/\/www.stageshotel.com\/wp-content\/uploads\/2026\/03\/Flo_Rida_O2_400x400-12x12.jpg 12w\" sizes=\"auto, (max-width: 400px) 100vw, 400px\" \/><\/figure>\n\n\n\n<h3 class=\"wp-block-heading\"><a href=\"https:\/\/www.o2arena.cz\/klubove-patro-skyboxy\/vip-zazitek\/\"><a href=\"https:\/\/www.o2arena.cz\/events\/flo-rida-club-cant-handle-europe-tour\/\">Flo Rida \u2013 Club Can\u2019t Handle Europe Tour 19. 5. 2026<\/a><\/a><\/h3>\n<\/div>\n\n\n\n<div class=\"wp-block-column is-layout-flow wp-block-column-is-layout-flow\">\n<figure class=\"wp-block-gallery has-nested-images columns-default is-cropped wp-block-gallery-1 is-layout-flex wp-block-gallery-is-layout-flex\">\n<figure class=\"wp-block-image size-full\"><img loading=\"lazy\" decoding=\"async\" width=\"814\" height=\"806\" data-id=\"1711\" src=\"https:\/\/www.stageshotel.com\/wp-content\/uploads\/2026\/04\/Screenshot-2026-04-27-at-7.53.11.png\" alt=\"\" class=\"wp-image-1711\" srcset=\"https:\/\/www.stageshotel.com\/wp-content\/uploads\/2026\/04\/Screenshot-2026-04-27-at-7.53.11.png 814w, https:\/\/www.stageshotel.com\/wp-content\/uploads\/2026\/04\/Screenshot-2026-04-27-at-7.53.11-800x792.png 800w, https:\/\/www.stageshotel.com\/wp-content\/uploads\/2026\/04\/Screenshot-2026-04-27-at-7.53.11-12x12.png 12w\" sizes=\"auto, (max-width: 814px) 100vw, 814px\" \/><\/figure>\n<\/figure>\n\n\n\n<h3 class=\"wp-block-heading\"><a href=\"https:\/\/www.o2arena.cz\/klubove-patro-skyboxy\/vip-zazitek\/\"><\/a><a href=\"https:\/\/www.o2arena.cz\/events\/ne-yo-akon-nights-like-this-tour-2026\/\">NE-YO &amp; AKON: Nights Like This Tour 2026 27.5.2026<\/a><\/h3>\n<\/div>\n\n\n\n<div class=\"wp-block-column is-layout-flow wp-block-column-is-layout-flow\">\n<figure class=\"wp-block-gallery has-nested-images columns-default is-cropped wp-block-gallery-2 is-layout-flex wp-block-gallery-is-layout-flex\">\n<figure class=\"wp-block-image size-full\"><img loading=\"lazy\" decoding=\"async\" width=\"400\" height=\"400\" data-id=\"1712\" src=\"https:\/\/www.stageshotel.com\/wp-content\/uploads\/2026\/04\/Andre_Rieu_O2_400x400.jpg\" alt=\"\" class=\"wp-image-1712\" srcset=\"https:\/\/www.stageshotel.com\/wp-content\/uploads\/2026\/04\/Andre_Rieu_O2_400x400.jpg 400w, https:\/\/www.stageshotel.com\/wp-content\/uploads\/2026\/04\/Andre_Rieu_O2_400x400-200x200.jpg 200w, https:\/\/www.stageshotel.com\/wp-content\/uploads\/2026\/04\/Andre_Rieu_O2_400x400-12x12.jpg 12w\" sizes=\"auto, (max-width: 400px) 100vw, 400px\" \/><\/figure>\n<\/figure>\n\n\n\n<h3 class=\"wp-block-heading\"><a href=\"https:\/\/www.o2arena.cz\/events\/flo-rida-club-cant-handle-europe-tour\/\"><a href=\"https:\/\/www.o2arena.cz\/events\/andre-rieu-in-prague-2026\/\">Andr\u00e9 Rieu in Prague 2026<\/a><\/a><\/h3>\n<\/div>\n<\/div>\n\n\n\n<div class=\"wp-block-columns is-layout-flex wp-container-core-columns-is-layout-9d6595d7 wp-block-columns-is-layout-flex\"><\/div>","protected":false},"excerpt":{"rendered":"<p>Neprop\u00e1sn\u011bte svoj\u00ed show! Na\u0161li jste ubytov\u00e1n\u00ed p\u00e1r krok\u016f od O2&nbsp;areny, O2&nbsp;universa a p\u00e1r stanic metrem od F\u00f3ra Karl\u00edn. P\u0159idejte k n\u011bmu akce, kter\u00e9 se v nich konaj\u00ed a m\u00e1te z\u00e1ruku dokonale pro\u017eit\u00fdch dn\u00ed a noc\u00ed v Praze. Sta\u010d\u00ed p\u00e1r kliknut\u00ed a budete se skv\u011ble bavit. T\u011b\u0161\u00edme se na V\u00e1s! Dop\u0159ejte si VIP z\u00e1\u017eitek ERIC CLAPTON4. [&hellip;]<\/p>\n","protected":false},"author":1,"featured_media":99,"parent":0,"menu_order":16,"comment_status":"closed","ping_status":"closed","template":"","meta":{"footnotes":""},"class_list":["post-45","page","type-page","status-publish","has-post-thumbnail","hentry"],"yoast_head":"<!-- This site is optimized with the Yoast SEO plugin v27.3 - https:\/\/yoast.com\/product\/yoast-seo-wordpress\/ -->\n<title>Koncerty a akce - STAGES HOTEL Prague<\/title>\n<meta name=\"robots\" content=\"index, follow, max-snippet:-1, max-image-preview:large, max-video-preview:-1\" \/>\n<link rel=\"canonical\" href=\"https:\/\/www.stageshotel.com\/en\/events\/\" \/>\n<meta property=\"og:locale\" content=\"en_GB\" \/>\n<meta property=\"og:type\" content=\"article\" \/>\n<meta property=\"og:title\" content=\"Koncerty a akce - STAGES HOTEL Prague\" \/>\n<meta property=\"og:description\" content=\"Neprop\u00e1sn\u011bte svoj\u00ed show! Na\u0161li jste ubytov\u00e1n\u00ed p\u00e1r krok\u016f od O2&nbsp;areny, O2&nbsp;universa a p\u00e1r stanic metrem od F\u00f3ra Karl\u00edn. P\u0159idejte k n\u011bmu akce, kter\u00e9 se v nich konaj\u00ed a m\u00e1te z\u00e1ruku dokonale pro\u017eit\u00fdch dn\u00ed a noc\u00ed v Praze. Sta\u010d\u00ed p\u00e1r kliknut\u00ed a budete se skv\u011ble bavit. T\u011b\u0161\u00edme se na V\u00e1s! Dop\u0159ejte si VIP z\u00e1\u017eitek ERIC CLAPTON4. [&hellip;]\" \/>\n<meta property=\"og:url\" content=\"https:\/\/www.stageshotel.com\/en\/events\/\" \/>\n<meta property=\"og:site_name\" content=\"STAGES HOTEL Prague\" \/>\n<meta property=\"article:publisher\" content=\"https:\/\/www.facebook.com\/stageshotelprague\/\" \/>\n<meta property=\"article:modified_time\" content=\"2026-04-27T05:55:45+00:00\" \/>\n<meta property=\"og:image\" content=\"https:\/\/www.stageshotel.com\/wp-content\/uploads\/2024\/03\/Vitejte-v-zari-reflektoru-STAGES-HOTEL-Prague.jpg\" \/>\n\t<meta property=\"og:image:width\" content=\"1920\" \/>\n\t<meta property=\"og:image:height\" content=\"1280\" \/>\n\t<meta property=\"og:image:type\" content=\"image\/jpeg\" \/>\n<meta name=\"twitter:card\" content=\"summary_large_image\" \/>\n<meta name=\"twitter:label1\" content=\"Estimated reading time\" \/>\n\t<meta name=\"twitter:data1\" content=\"2 minutes\" \/>\n<script type=\"application\/ld+json\" class=\"yoast-schema-graph\">{\"@context\":\"https:\\\/\\\/schema.org\",\"@graph\":[{\"@type\":\"WebPage\",\"@id\":\"https:\\\/\\\/www.stageshotel.com\\\/koncerty-a-akce\\\/\",\"url\":\"https:\\\/\\\/www.stageshotel.com\\\/koncerty-a-akce\\\/\",\"name\":\"Koncerty a akce - STAGES HOTEL Prague\",\"isPartOf\":{\"@id\":\"https:\\\/\\\/www.stageshotel.com\\\/cz\\\/#website\"},\"primaryImageOfPage\":{\"@id\":\"https:\\\/\\\/www.stageshotel.com\\\/koncerty-a-akce\\\/#primaryimage\"},\"image\":{\"@id\":\"https:\\\/\\\/www.stageshotel.com\\\/koncerty-a-akce\\\/#primaryimage\"},\"thumbnailUrl\":\"https:\\\/\\\/www.stageshotel.com\\\/wp-content\\\/uploads\\\/2024\\\/03\\\/Vitejte-v-zari-reflektoru-STAGES-HOTEL-Prague.jpg\",\"datePublished\":\"2024-03-17T20:28:04+00:00\",\"dateModified\":\"2026-04-27T05:55:45+00:00\",\"breadcrumb\":{\"@id\":\"https:\\\/\\\/www.stageshotel.com\\\/koncerty-a-akce\\\/#breadcrumb\"},\"inLanguage\":\"en-GB\",\"potentialAction\":[{\"@type\":\"ReadAction\",\"target\":[\"https:\\\/\\\/www.stageshotel.com\\\/koncerty-a-akce\\\/\"]}]},{\"@type\":\"ImageObject\",\"inLanguage\":\"en-GB\",\"@id\":\"https:\\\/\\\/www.stageshotel.com\\\/koncerty-a-akce\\\/#primaryimage\",\"url\":\"https:\\\/\\\/www.stageshotel.com\\\/wp-content\\\/uploads\\\/2024\\\/03\\\/Vitejte-v-zari-reflektoru-STAGES-HOTEL-Prague.jpg\",\"contentUrl\":\"https:\\\/\\\/www.stageshotel.com\\\/wp-content\\\/uploads\\\/2024\\\/03\\\/Vitejte-v-zari-reflektoru-STAGES-HOTEL-Prague.jpg\",\"width\":1920,\"height\":1280,\"caption\":\"V\u00edtejte v z\u00e1\u0159i reflektor\u016f STAGES HOTEL Prague\"},{\"@type\":\"BreadcrumbList\",\"@id\":\"https:\\\/\\\/www.stageshotel.com\\\/koncerty-a-akce\\\/#breadcrumb\",\"itemListElement\":[{\"@type\":\"ListItem\",\"position\":1,\"name\":\"Stages Hotel Prague\",\"item\":\"https:\\\/\\\/www.stageshotel.com\\\/\"},{\"@type\":\"ListItem\",\"position\":2,\"name\":\"Koncerty a akce\"}]},{\"@type\":\"WebSite\",\"@id\":\"https:\\\/\\\/www.stageshotel.com\\\/cz\\\/#website\",\"url\":\"https:\\\/\\\/www.stageshotel.com\\\/cz\\\/\",\"name\":\"STAGES HOTEL Prague\",\"description\":\"\",\"publisher\":{\"@id\":\"https:\\\/\\\/www.stageshotel.com\\\/cz\\\/#organization\"},\"potentialAction\":[{\"@type\":\"SearchAction\",\"target\":{\"@type\":\"EntryPoint\",\"urlTemplate\":\"https:\\\/\\\/www.stageshotel.com\\\/cz\\\/?s={search_term_string}\"},\"query-input\":{\"@type\":\"PropertyValueSpecification\",\"valueRequired\":true,\"valueName\":\"search_term_string\"}}],\"inLanguage\":\"en-GB\"},{\"@type\":\"Organization\",\"@id\":\"https:\\\/\\\/www.stageshotel.com\\\/cz\\\/#organization\",\"name\":\"STAGES HOTEL\",\"url\":\"https:\\\/\\\/www.stageshotel.com\\\/cz\\\/\",\"logo\":{\"@type\":\"ImageObject\",\"inLanguage\":\"en-GB\",\"@id\":\"https:\\\/\\\/www.stageshotel.com\\\/cz\\\/#\\\/schema\\\/logo\\\/image\\\/\",\"url\":\"https:\\\/\\\/www.stageshotel.com\\\/wp-content\\\/uploads\\\/2024\\\/11\\\/stages-hotel-logo.png\",\"contentUrl\":\"https:\\\/\\\/www.stageshotel.com\\\/wp-content\\\/uploads\\\/2024\\\/11\\\/stages-hotel-logo.png\",\"width\":1536,\"height\":768,\"caption\":\"STAGES HOTEL\"},\"image\":{\"@id\":\"https:\\\/\\\/www.stageshotel.com\\\/cz\\\/#\\\/schema\\\/logo\\\/image\\\/\"},\"sameAs\":[\"https:\\\/\\\/www.facebook.com\\\/stageshotelprague\\\/\",\"https:\\\/\\\/www.instagram.com\\\/stageshotelprague\\\/\"]}]}<\/script>\n<!-- \/ Yoast SEO plugin. -->","yoast_head_json":{"title":"Koncerty a akce - STAGES HOTEL Prague","robots":{"index":"index","follow":"follow","max-snippet":"max-snippet:-1","max-image-preview":"max-image-preview:large","max-video-preview":"max-video-preview:-1"},"canonical":"https:\/\/www.stageshotel.com\/en\/events\/","og_locale":"en_GB","og_type":"article","og_title":"Koncerty a akce - STAGES HOTEL Prague","og_description":"Neprop\u00e1sn\u011bte svoj\u00ed show! Na\u0161li jste ubytov\u00e1n\u00ed p\u00e1r krok\u016f od O2&nbsp;areny, O2&nbsp;universa a p\u00e1r stanic metrem od F\u00f3ra Karl\u00edn. P\u0159idejte k n\u011bmu akce, kter\u00e9 se v nich konaj\u00ed a m\u00e1te z\u00e1ruku dokonale pro\u017eit\u00fdch dn\u00ed a noc\u00ed v Praze. Sta\u010d\u00ed p\u00e1r kliknut\u00ed a budete se skv\u011ble bavit. T\u011b\u0161\u00edme se na V\u00e1s! Dop\u0159ejte si VIP z\u00e1\u017eitek ERIC CLAPTON4. [&hellip;]","og_url":"https:\/\/www.stageshotel.com\/en\/events\/","og_site_name":"STAGES HOTEL Prague","article_publisher":"https:\/\/www.facebook.com\/stageshotelprague\/","article_modified_time":"2026-04-27T05:55:45+00:00","og_image":[{"width":1920,"height":1280,"url":"https:\/\/www.stageshotel.com\/wp-content\/uploads\/2024\/03\/Vitejte-v-zari-reflektoru-STAGES-HOTEL-Prague.jpg","type":"image\/jpeg"}],"twitter_card":"summary_large_image","twitter_misc":{"Estimated reading time":"2 minutes"},"schema":{"@context":"https:\/\/schema.org","@graph":[{"@type":"WebPage","@id":"https:\/\/www.stageshotel.com\/koncerty-a-akce\/","url":"https:\/\/www.stageshotel.com\/koncerty-a-akce\/","name":"Koncerty a akce - STAGES HOTEL Prague","isPartOf":{"@id":"https:\/\/www.stageshotel.com\/cz\/#website"},"primaryImageOfPage":{"@id":"https:\/\/www.stageshotel.com\/koncerty-a-akce\/#primaryimage"},"image":{"@id":"https:\/\/www.stageshotel.com\/koncerty-a-akce\/#primaryimage"},"thumbnailUrl":"https:\/\/www.stageshotel.com\/wp-content\/uploads\/2024\/03\/Vitejte-v-zari-reflektoru-STAGES-HOTEL-Prague.jpg","datePublished":"2024-03-17T20:28:04+00:00","dateModified":"2026-04-27T05:55:45+00:00","breadcrumb":{"@id":"https:\/\/www.stageshotel.com\/koncerty-a-akce\/#breadcrumb"},"inLanguage":"en-GB","potentialAction":[{"@type":"ReadAction","target":["https:\/\/www.stageshotel.com\/koncerty-a-akce\/"]}]},{"@type":"ImageObject","inLanguage":"en-GB","@id":"https:\/\/www.stageshotel.com\/koncerty-a-akce\/#primaryimage","url":"https:\/\/www.stageshotel.com\/wp-content\/uploads\/2024\/03\/Vitejte-v-zari-reflektoru-STAGES-HOTEL-Prague.jpg","contentUrl":"https:\/\/www.stageshotel.com\/wp-content\/uploads\/2024\/03\/Vitejte-v-zari-reflektoru-STAGES-HOTEL-Prague.jpg","width":1920,"height":1280,"caption":"V\u00edtejte v z\u00e1\u0159i reflektor\u016f STAGES HOTEL Prague"},{"@type":"BreadcrumbList","@id":"https:\/\/www.stageshotel.com\/koncerty-a-akce\/#breadcrumb","itemListElement":[{"@type":"ListItem","position":1,"name":"Stages Hotel Prague","item":"https:\/\/www.stageshotel.com\/"},{"@type":"ListItem","position":2,"name":"Koncerty a akce"}]},{"@type":"WebSite","@id":"https:\/\/www.stageshotel.com\/cz\/#website","url":"https:\/\/www.stageshotel.com\/cz\/","name":"STAGES HOTEL Prague","description":"","publisher":{"@id":"https:\/\/www.stageshotel.com\/cz\/#organization"},"potentialAction":[{"@type":"SearchAction","target":{"@type":"EntryPoint","urlTemplate":"https:\/\/www.stageshotel.com\/cz\/?s={search_term_string}"},"query-input":{"@type":"PropertyValueSpecification","valueRequired":true,"valueName":"search_term_string"}}],"inLanguage":"en-GB"},{"@type":"Organization","@id":"https:\/\/www.stageshotel.com\/cz\/#organization","name":"STAGES HOTEL","url":"https:\/\/www.stageshotel.com\/cz\/","logo":{"@type":"ImageObject","inLanguage":"en-GB","@id":"https:\/\/www.stageshotel.com\/cz\/#\/schema\/logo\/image\/","url":"https:\/\/www.stageshotel.com\/wp-content\/uploads\/2024\/11\/stages-hotel-logo.png","contentUrl":"https:\/\/www.stageshotel.com\/wp-content\/uploads\/2024\/11\/stages-hotel-logo.png","width":1536,"height":768,"caption":"STAGES HOTEL"},"image":{"@id":"https:\/\/www.stageshotel.com\/cz\/#\/schema\/logo\/image\/"},"sameAs":["https:\/\/www.facebook.com\/stageshotelprague\/","https:\/\/www.instagram.com\/stageshotelprague\/"]}]}},"_links":{"self":[{"href":"https:\/\/www.stageshotel.com\/en\/wp-json\/wp\/v2\/pages\/45","targetHints":{"allow":["GET"]}}],"collection":[{"href":"https:\/\/www.stageshotel.com\/en\/wp-json\/wp\/v2\/pages"}],"about":[{"href":"https:\/\/www.stageshotel.com\/en\/wp-json\/wp\/v2\/types\/page"}],"author":[{"embeddable":true,"href":"https:\/\/www.stageshotel.com\/en\/wp-json\/wp\/v2\/users\/1"}],"replies":[{"embeddable":true,"href":"https:\/\/www.stageshotel.com\/en\/wp-json\/wp\/v2\/comments?post=45"}],"version-history":[{"count":6,"href":"https:\/\/www.stageshotel.com\/en\/wp-json\/wp\/v2\/pages\/45\/revisions"}],"predecessor-version":[{"id":1714,"href":"https:\/\/www.stageshotel.com\/en\/wp-json\/wp\/v2\/pages\/45\/revisions\/1714"}],"wp:featuredmedia":[{"embeddable":true,"href":"https:\/\/www.stageshotel.com\/en\/wp-json\/wp\/v2\/media\/99"}],"wp:attachment":[{"href":"https:\/\/www.stageshotel.com\/en\/wp-json\/wp\/v2\/media?parent=45"}],"curies":[{"name":"wp","href":"https:\/\/api.w.org\/{rel}","templated":true}]}}