{"id":8,"date":"2024-03-17T20:51:43","date_gmt":"2024-03-17T19:51:43","guid":{"rendered":"https:\/\/www.stageshotel.com\/?page_id=8"},"modified":"2025-08-20T19:55:03","modified_gmt":"2025-08-20T17:55:03","slug":"about-us","status":"publish","type":"page","link":"https:\/\/www.stageshotel.com\/en\/hotel\/o-nas\/","title":{"rendered":"About us \u2013 Stages Hotel Prague"},"content":{"rendered":"<div class=\"wp-block-media-text has-media-on-the-right is-stacked-on-mobile\"><div class=\"wp-block-media-text__content\">\n<h2 class=\"wp-block-heading\">Welcome on stage - Experience unplugged<\/h2>\n\n\n\n<p>Lifestyle STAGES HOTEL Prague. Experience a stay in a modern design hotel offering 300 rooms<\/p>\n<\/div><figure class=\"wp-block-media-text__media\"><a href=\"https:\/\/www.stageshotel.com\/wp-content\/uploads\/2024\/03\/Stages-Hotel-Praha-Sluzby-a-vybaveni.jpg\"><img loading=\"lazy\" decoding=\"async\" width=\"800\" height=\"600\" src=\"https:\/\/www.stageshotel.com\/wp-content\/uploads\/2024\/03\/Stages-Hotel-Praha-Sluzby-a-vybaveni-800x600.jpg\" alt=\"Stages Hotel Praha - Slu\u017eby a vybaven\u00ed\" class=\"wp-image-103 size-medium\" srcset=\"https:\/\/www.stageshotel.com\/wp-content\/uploads\/2024\/03\/Stages-Hotel-Praha-Sluzby-a-vybaveni-800x600.jpg 800w, https:\/\/www.stageshotel.com\/wp-content\/uploads\/2024\/03\/Stages-Hotel-Praha-Sluzby-a-vybaveni-1600x1200.jpg 1600w, https:\/\/www.stageshotel.com\/wp-content\/uploads\/2024\/03\/Stages-Hotel-Praha-Sluzby-a-vybaveni.jpg 1920w\" sizes=\"auto, (max-width: 800px) 100vw, 800px\" \/><\/a><\/figure><\/div>\n\n\n\n<div style=\"height:5rem\" aria-hidden=\"true\" class=\"wp-block-spacer\"><\/div>\n\n\n\n<div class=\"wp-block-columns are-vertically-aligned-top is-layout-flex wp-container-core-columns-is-layout-9d6595d7 wp-block-columns-is-layout-flex\">\n<div class=\"wp-block-column is-vertically-aligned-top is-layout-flow wp-block-column-is-layout-flow\">\n<ul class=\"wp-block-list\">\n<li>300 stylish and modern decorated rooms including 27 Suites<\/li>\n\n\n\n<li>6 multi-purpose conference rooms for 15 up to 300 people<\/li>\n\n\n\n<li>Signature BACKSTAGE BAR with outdoor Piazzetta<\/li>\n\n\n\n<li>BACKSTAGE RESTAURANT with elegant open-plan kitchen<\/li>\n<\/ul>\n<\/div>\n\n\n\n<div class=\"wp-block-column is-vertically-aligned-top is-layout-flow wp-block-column-is-layout-flow\">\n<ul class=\"wp-block-list\">\n<li>Music Lounge for the greatest events<\/li>\n\n\n\n<li>Fitness facilities<\/li>\n\n\n\n<li>Parking for up to 100 cars (550 CZK \/ 24 hours)<\/li>\n<\/ul>\n<\/div>\n<\/div>\n\n\n\n<div style=\"height:5rem\" aria-hidden=\"true\" class=\"wp-block-spacer\"><\/div>\n\n\n\n<div class=\"wp-block-media-text is-stacked-on-mobile\"><figure class=\"wp-block-media-text__media\"><a href=\"https:\/\/www.stageshotel.com\/wp-content\/uploads\/2024\/03\/STAGES-HOTEL-Prague-je-clenem-retezce-Tribute-Portfolio-Hotels-spolecnosti-Marriott-International-.jpg\"><img loading=\"lazy\" decoding=\"async\" width=\"800\" height=\"533\" src=\"https:\/\/www.stageshotel.com\/wp-content\/uploads\/2024\/03\/STAGES-HOTEL-Prague-je-clenem-retezce-Tribute-Portfolio-Hotels-spolecnosti-Marriott-International--800x533.jpg\" alt=\"STAGES HOTEL Prague is a member of the Tribute Portfolio Hotels chain of Marriott International\u00a0\" class=\"wp-image-108 size-medium\" srcset=\"https:\/\/www.stageshotel.com\/wp-content\/uploads\/2024\/03\/STAGES-HOTEL-Prague-je-clenem-retezce-Tribute-Portfolio-Hotels-spolecnosti-Marriott-International--800x533.jpg 800w, https:\/\/www.stageshotel.com\/wp-content\/uploads\/2024\/03\/STAGES-HOTEL-Prague-je-clenem-retezce-Tribute-Portfolio-Hotels-spolecnosti-Marriott-International--1600x1067.jpg 1600w, https:\/\/www.stageshotel.com\/wp-content\/uploads\/2024\/03\/STAGES-HOTEL-Prague-je-clenem-retezce-Tribute-Portfolio-Hotels-spolecnosti-Marriott-International-.jpg 1920w\" sizes=\"auto, (max-width: 800px) 100vw, 800px\" \/><\/a><\/figure><div class=\"wp-block-media-text__content\">\n<h2 class=\"wp-block-heading\">STAGES HOTEL Prague is a member of the Tribute Portfolio Hotels chain of Marriott International&nbsp;<\/h2>\n\n\n\n<p>If you have any questions about your reservation or room selection, please do not hesitate to contact us.<\/p>\n<\/div><\/div>\n\n\n\n<div class=\"wp-block-media-text has-media-on-the-right is-stacked-on-mobile\"><div class=\"wp-block-media-text__content\">\n<h2 class=\"wp-block-heading\"><a href=\"https:\/\/www.stageshotel.com\/en\/certificates-and-awards\/\">Certificates and awards<\/a><\/h2>\n\n\n\n<p>Our hotel proudly holds a number of certifications and awards that reflect our ongoing commitment to top-quality service, professional care, and guest satisfaction.<\/p>\n<\/div><figure class=\"wp-block-media-text__media\"><img loading=\"lazy\" decoding=\"async\" width=\"1600\" height=\"1067\" src=\"https:\/\/www.stageshotel.com\/wp-content\/uploads\/2024\/03\/Stages-Hotel-Prague-Hotel-v-Praze-05-1600x1067.jpg\" alt=\"Stages Hotel Prague - Hotel v Praze 05\" class=\"wp-image-332 size-full\" srcset=\"https:\/\/www.stageshotel.com\/wp-content\/uploads\/2024\/03\/Stages-Hotel-Prague-Hotel-v-Praze-05-1600x1067.jpg 1600w, https:\/\/www.stageshotel.com\/wp-content\/uploads\/2024\/03\/Stages-Hotel-Prague-Hotel-v-Praze-05-800x533.jpg 800w, https:\/\/www.stageshotel.com\/wp-content\/uploads\/2024\/03\/Stages-Hotel-Prague-Hotel-v-Praze-05.jpg 1920w\" sizes=\"auto, (max-width: 1600px) 100vw, 1600px\" \/><\/figure><\/div>","protected":false},"excerpt":{"rendered":"<p>V\u00edtejte v z\u00e1\u0159i reflektor\u016f STAGES HOTEL Prague Lifestylov\u00fd STAGES HOTEL Prague. Vychutnejte si ubytov\u00e1n\u00ed v modern\u00edm designov\u00e9m hotelu, kter\u00fd nab\u00edz\u00ed 300 pokoj\u016f STAGES HOTEL Prague je \u010dlenem \u0159et\u011bzce Tribute Portfolio Hotels spole\u010dnosti Marriott International&nbsp; Pokud m\u00e1te dotazy ohledn\u011b va\u0161\u00ed rezervace nebo v\u00fdb\u011bru pokoje, pros\u00edm, nev\u00e1hejte n\u00e1s kontaktovat. Certifik\u00e1ty a ocen\u011bn\u00ed N\u00e1\u0161 hotel se py\u0161n\u00ed \u0159adou [&hellip;]<\/p>\n","protected":false},"author":1,"featured_media":105,"parent":6,"menu_order":2,"comment_status":"closed","ping_status":"closed","template":"","meta":{"footnotes":""},"class_list":["post-8","page","type-page","status-publish","has-post-thumbnail","hentry"],"yoast_head":"<!-- This site is optimized with the Yoast SEO plugin v27.3 - https:\/\/yoast.com\/product\/yoast-seo-wordpress\/ -->\n<title>O n\u00e1s - Stages Hotel Prague<\/title>\n<meta name=\"robots\" content=\"index, follow, max-snippet:-1, max-image-preview:large, max-video-preview:-1\" \/>\n<link rel=\"canonical\" href=\"https:\/\/www.stageshotel.com\/en\/hotel\/about-us\/\" \/>\n<meta property=\"og:locale\" content=\"en_GB\" \/>\n<meta property=\"og:type\" content=\"article\" \/>\n<meta property=\"og:title\" content=\"O n\u00e1s - Stages Hotel Prague\" \/>\n<meta property=\"og:description\" content=\"V\u00edtejte v z\u00e1\u0159i reflektor\u016f STAGES HOTEL Prague Lifestylov\u00fd STAGES HOTEL Prague. Vychutnejte si ubytov\u00e1n\u00ed v modern\u00edm designov\u00e9m hotelu, kter\u00fd nab\u00edz\u00ed 300 pokoj\u016f STAGES HOTEL Prague je \u010dlenem \u0159et\u011bzce Tribute Portfolio Hotels spole\u010dnosti Marriott International&nbsp; Pokud m\u00e1te dotazy ohledn\u011b va\u0161\u00ed rezervace nebo v\u00fdb\u011bru pokoje, pros\u00edm, nev\u00e1hejte n\u00e1s kontaktovat. Certifik\u00e1ty a ocen\u011bn\u00ed N\u00e1\u0161 hotel se py\u0161n\u00ed \u0159adou [&hellip;]\" \/>\n<meta property=\"og:url\" content=\"https:\/\/www.stageshotel.com\/en\/hotel\/about-us\/\" \/>\n<meta property=\"og:site_name\" content=\"STAGES HOTEL Prague\" \/>\n<meta property=\"article:publisher\" content=\"https:\/\/www.facebook.com\/stageshotelprague\/\" \/>\n<meta property=\"article:modified_time\" content=\"2025-08-20T17:55:03+00:00\" \/>\n<meta property=\"og:image\" content=\"https:\/\/www.stageshotel.com\/wp-content\/uploads\/2024\/03\/Hotel-Stages-Hotel-Praha-hotel-O2-arena-Praha-a-hotel-O2-universum-exterier-budovy.jpg\" \/>\n\t<meta property=\"og:image:width\" content=\"1920\" \/>\n\t<meta property=\"og:image:height\" content=\"1280\" \/>\n\t<meta property=\"og:image:type\" content=\"image\/jpeg\" \/>\n<meta name=\"twitter:card\" content=\"summary_large_image\" \/>\n<meta name=\"twitter:label1\" content=\"Estimated reading time\" \/>\n\t<meta name=\"twitter:data1\" content=\"2 minutes\" \/>\n<script type=\"application\/ld+json\" class=\"yoast-schema-graph\">{\"@context\":\"https:\\\/\\\/schema.org\",\"@graph\":[{\"@type\":\"WebPage\",\"@id\":\"https:\\\/\\\/www.stageshotel.com\\\/hotel\\\/o-nas\\\/\",\"url\":\"https:\\\/\\\/www.stageshotel.com\\\/hotel\\\/o-nas\\\/\",\"name\":\"O n\u00e1s - Stages Hotel Prague\",\"isPartOf\":{\"@id\":\"https:\\\/\\\/www.stageshotel.com\\\/cz\\\/#website\"},\"primaryImageOfPage\":{\"@id\":\"https:\\\/\\\/www.stageshotel.com\\\/hotel\\\/o-nas\\\/#primaryimage\"},\"image\":{\"@id\":\"https:\\\/\\\/www.stageshotel.com\\\/hotel\\\/o-nas\\\/#primaryimage\"},\"thumbnailUrl\":\"https:\\\/\\\/www.stageshotel.com\\\/wp-content\\\/uploads\\\/2024\\\/03\\\/Hotel-Stages-Hotel-Praha-hotel-O2-arena-Praha-a-hotel-O2-universum-exterier-budovy.jpg\",\"datePublished\":\"2024-03-17T19:51:43+00:00\",\"dateModified\":\"2025-08-20T17:55:03+00:00\",\"breadcrumb\":{\"@id\":\"https:\\\/\\\/www.stageshotel.com\\\/hotel\\\/o-nas\\\/#breadcrumb\"},\"inLanguage\":\"en-GB\",\"potentialAction\":[{\"@type\":\"ReadAction\",\"target\":[\"https:\\\/\\\/www.stageshotel.com\\\/hotel\\\/o-nas\\\/\"]}]},{\"@type\":\"ImageObject\",\"inLanguage\":\"en-GB\",\"@id\":\"https:\\\/\\\/www.stageshotel.com\\\/hotel\\\/o-nas\\\/#primaryimage\",\"url\":\"https:\\\/\\\/www.stageshotel.com\\\/wp-content\\\/uploads\\\/2024\\\/03\\\/Hotel-Stages-Hotel-Praha-hotel-O2-arena-Praha-a-hotel-O2-universum-exterier-budovy.jpg\",\"contentUrl\":\"https:\\\/\\\/www.stageshotel.com\\\/wp-content\\\/uploads\\\/2024\\\/03\\\/Hotel-Stages-Hotel-Praha-hotel-O2-arena-Praha-a-hotel-O2-universum-exterier-budovy.jpg\",\"width\":1920,\"height\":1280,\"caption\":\"Hotel Stages Hotel Praha - hotel O2 arena Praha a hotel O2 universum exteri\u00e9r budovy\"},{\"@type\":\"BreadcrumbList\",\"@id\":\"https:\\\/\\\/www.stageshotel.com\\\/hotel\\\/o-nas\\\/#breadcrumb\",\"itemListElement\":[{\"@type\":\"ListItem\",\"position\":1,\"name\":\"Stages Hotel Prague\",\"item\":\"https:\\\/\\\/www.stageshotel.com\\\/\"},{\"@type\":\"ListItem\",\"position\":2,\"name\":\"V\u00edtejte v z\u00e1\u0159i reflektor\u016f STAGES HOTEL Prague\",\"item\":\"https:\\\/\\\/www.stageshotel.com\\\/hotel\\\/\"},{\"@type\":\"ListItem\",\"position\":3,\"name\":\"O n\u00e1s &#8211; Stages Hotel Prague\"}]},{\"@type\":\"WebSite\",\"@id\":\"https:\\\/\\\/www.stageshotel.com\\\/cz\\\/#website\",\"url\":\"https:\\\/\\\/www.stageshotel.com\\\/cz\\\/\",\"name\":\"STAGES HOTEL Prague\",\"description\":\"\",\"publisher\":{\"@id\":\"https:\\\/\\\/www.stageshotel.com\\\/cz\\\/#organization\"},\"potentialAction\":[{\"@type\":\"SearchAction\",\"target\":{\"@type\":\"EntryPoint\",\"urlTemplate\":\"https:\\\/\\\/www.stageshotel.com\\\/cz\\\/?s={search_term_string}\"},\"query-input\":{\"@type\":\"PropertyValueSpecification\",\"valueRequired\":true,\"valueName\":\"search_term_string\"}}],\"inLanguage\":\"en-GB\"},{\"@type\":\"Organization\",\"@id\":\"https:\\\/\\\/www.stageshotel.com\\\/cz\\\/#organization\",\"name\":\"STAGES HOTEL\",\"url\":\"https:\\\/\\\/www.stageshotel.com\\\/cz\\\/\",\"logo\":{\"@type\":\"ImageObject\",\"inLanguage\":\"en-GB\",\"@id\":\"https:\\\/\\\/www.stageshotel.com\\\/cz\\\/#\\\/schema\\\/logo\\\/image\\\/\",\"url\":\"https:\\\/\\\/www.stageshotel.com\\\/wp-content\\\/uploads\\\/2024\\\/11\\\/stages-hotel-logo.png\",\"contentUrl\":\"https:\\\/\\\/www.stageshotel.com\\\/wp-content\\\/uploads\\\/2024\\\/11\\\/stages-hotel-logo.png\",\"width\":1536,\"height\":768,\"caption\":\"STAGES HOTEL\"},\"image\":{\"@id\":\"https:\\\/\\\/www.stageshotel.com\\\/cz\\\/#\\\/schema\\\/logo\\\/image\\\/\"},\"sameAs\":[\"https:\\\/\\\/www.facebook.com\\\/stageshotelprague\\\/\",\"https:\\\/\\\/www.instagram.com\\\/stageshotelprague\\\/\"]}]}<\/script>\n<!-- \/ Yoast SEO plugin. -->","yoast_head_json":{"title":"O n\u00e1s - Stages Hotel Prague","robots":{"index":"index","follow":"follow","max-snippet":"max-snippet:-1","max-image-preview":"max-image-preview:large","max-video-preview":"max-video-preview:-1"},"canonical":"https:\/\/www.stageshotel.com\/en\/hotel\/about-us\/","og_locale":"en_GB","og_type":"article","og_title":"O n\u00e1s - Stages Hotel Prague","og_description":"V\u00edtejte v z\u00e1\u0159i reflektor\u016f STAGES HOTEL Prague Lifestylov\u00fd STAGES HOTEL Prague. Vychutnejte si ubytov\u00e1n\u00ed v modern\u00edm designov\u00e9m hotelu, kter\u00fd nab\u00edz\u00ed 300 pokoj\u016f STAGES HOTEL Prague je \u010dlenem \u0159et\u011bzce Tribute Portfolio Hotels spole\u010dnosti Marriott International&nbsp; Pokud m\u00e1te dotazy ohledn\u011b va\u0161\u00ed rezervace nebo v\u00fdb\u011bru pokoje, pros\u00edm, nev\u00e1hejte n\u00e1s kontaktovat. Certifik\u00e1ty a ocen\u011bn\u00ed N\u00e1\u0161 hotel se py\u0161n\u00ed \u0159adou [&hellip;]","og_url":"https:\/\/www.stageshotel.com\/en\/hotel\/about-us\/","og_site_name":"STAGES HOTEL Prague","article_publisher":"https:\/\/www.facebook.com\/stageshotelprague\/","article_modified_time":"2025-08-20T17:55:03+00:00","og_image":[{"width":1920,"height":1280,"url":"https:\/\/www.stageshotel.com\/wp-content\/uploads\/2024\/03\/Hotel-Stages-Hotel-Praha-hotel-O2-arena-Praha-a-hotel-O2-universum-exterier-budovy.jpg","type":"image\/jpeg"}],"twitter_card":"summary_large_image","twitter_misc":{"Estimated reading time":"2 minutes"},"schema":{"@context":"https:\/\/schema.org","@graph":[{"@type":"WebPage","@id":"https:\/\/www.stageshotel.com\/hotel\/o-nas\/","url":"https:\/\/www.stageshotel.com\/hotel\/o-nas\/","name":"O n\u00e1s - Stages Hotel Prague","isPartOf":{"@id":"https:\/\/www.stageshotel.com\/cz\/#website"},"primaryImageOfPage":{"@id":"https:\/\/www.stageshotel.com\/hotel\/o-nas\/#primaryimage"},"image":{"@id":"https:\/\/www.stageshotel.com\/hotel\/o-nas\/#primaryimage"},"thumbnailUrl":"https:\/\/www.stageshotel.com\/wp-content\/uploads\/2024\/03\/Hotel-Stages-Hotel-Praha-hotel-O2-arena-Praha-a-hotel-O2-universum-exterier-budovy.jpg","datePublished":"2024-03-17T19:51:43+00:00","dateModified":"2025-08-20T17:55:03+00:00","breadcrumb":{"@id":"https:\/\/www.stageshotel.com\/hotel\/o-nas\/#breadcrumb"},"inLanguage":"en-GB","potentialAction":[{"@type":"ReadAction","target":["https:\/\/www.stageshotel.com\/hotel\/o-nas\/"]}]},{"@type":"ImageObject","inLanguage":"en-GB","@id":"https:\/\/www.stageshotel.com\/hotel\/o-nas\/#primaryimage","url":"https:\/\/www.stageshotel.com\/wp-content\/uploads\/2024\/03\/Hotel-Stages-Hotel-Praha-hotel-O2-arena-Praha-a-hotel-O2-universum-exterier-budovy.jpg","contentUrl":"https:\/\/www.stageshotel.com\/wp-content\/uploads\/2024\/03\/Hotel-Stages-Hotel-Praha-hotel-O2-arena-Praha-a-hotel-O2-universum-exterier-budovy.jpg","width":1920,"height":1280,"caption":"Hotel Stages Hotel Praha - hotel O2 arena Praha a hotel O2 universum exteri\u00e9r budovy"},{"@type":"BreadcrumbList","@id":"https:\/\/www.stageshotel.com\/hotel\/o-nas\/#breadcrumb","itemListElement":[{"@type":"ListItem","position":1,"name":"Stages Hotel Prague","item":"https:\/\/www.stageshotel.com\/"},{"@type":"ListItem","position":2,"name":"V\u00edtejte v z\u00e1\u0159i reflektor\u016f STAGES HOTEL Prague","item":"https:\/\/www.stageshotel.com\/hotel\/"},{"@type":"ListItem","position":3,"name":"O n\u00e1s &#8211; Stages Hotel Prague"}]},{"@type":"WebSite","@id":"https:\/\/www.stageshotel.com\/cz\/#website","url":"https:\/\/www.stageshotel.com\/cz\/","name":"STAGES HOTEL Prague","description":"","publisher":{"@id":"https:\/\/www.stageshotel.com\/cz\/#organization"},"potentialAction":[{"@type":"SearchAction","target":{"@type":"EntryPoint","urlTemplate":"https:\/\/www.stageshotel.com\/cz\/?s={search_term_string}"},"query-input":{"@type":"PropertyValueSpecification","valueRequired":true,"valueName":"search_term_string"}}],"inLanguage":"en-GB"},{"@type":"Organization","@id":"https:\/\/www.stageshotel.com\/cz\/#organization","name":"STAGES HOTEL","url":"https:\/\/www.stageshotel.com\/cz\/","logo":{"@type":"ImageObject","inLanguage":"en-GB","@id":"https:\/\/www.stageshotel.com\/cz\/#\/schema\/logo\/image\/","url":"https:\/\/www.stageshotel.com\/wp-content\/uploads\/2024\/11\/stages-hotel-logo.png","contentUrl":"https:\/\/www.stageshotel.com\/wp-content\/uploads\/2024\/11\/stages-hotel-logo.png","width":1536,"height":768,"caption":"STAGES HOTEL"},"image":{"@id":"https:\/\/www.stageshotel.com\/cz\/#\/schema\/logo\/image\/"},"sameAs":["https:\/\/www.facebook.com\/stageshotelprague\/","https:\/\/www.instagram.com\/stageshotelprague\/"]}]}},"_links":{"self":[{"href":"https:\/\/www.stageshotel.com\/en\/wp-json\/wp\/v2\/pages\/8","targetHints":{"allow":["GET"]}}],"collection":[{"href":"https:\/\/www.stageshotel.com\/en\/wp-json\/wp\/v2\/pages"}],"about":[{"href":"https:\/\/www.stageshotel.com\/en\/wp-json\/wp\/v2\/types\/page"}],"author":[{"embeddable":true,"href":"https:\/\/www.stageshotel.com\/en\/wp-json\/wp\/v2\/users\/1"}],"replies":[{"embeddable":true,"href":"https:\/\/www.stageshotel.com\/en\/wp-json\/wp\/v2\/comments?post=8"}],"version-history":[{"count":6,"href":"https:\/\/www.stageshotel.com\/en\/wp-json\/wp\/v2\/pages\/8\/revisions"}],"predecessor-version":[{"id":1492,"href":"https:\/\/www.stageshotel.com\/en\/wp-json\/wp\/v2\/pages\/8\/revisions\/1492"}],"up":[{"embeddable":true,"href":"https:\/\/www.stageshotel.com\/en\/wp-json\/wp\/v2\/pages\/6"}],"wp:featuredmedia":[{"embeddable":true,"href":"https:\/\/www.stageshotel.com\/en\/wp-json\/wp\/v2\/media\/105"}],"wp:attachment":[{"href":"https:\/\/www.stageshotel.com\/en\/wp-json\/wp\/v2\/media?parent=8"}],"curies":[{"name":"wp","href":"https:\/\/api.w.org\/{rel}","templated":true}]}}