{"id":963,"date":"2024-09-09T22:57:36","date_gmt":"2024-09-09T20:57:36","guid":{"rendered":"https:\/\/www.stageshotel.com\/?page_id=963"},"modified":"2025-04-14T16:16:43","modified_gmt":"2025-04-14T14:16:43","slug":"champions-table","status":"publish","type":"page","link":"https:\/\/www.stageshotel.com\/en\/stul-sampionu\/","title":{"rendered":"Champions table"},"content":{"rendered":"<h2 class=\"wp-block-heading\">Experience the taste of victory at the TABLE OF CHAMPIONS at STAGES HOTEL Prague!&nbsp;<\/h2>\n\n\n\n<p>Welcome to the BACKSTAGE RESTAURANT at STAGES HOTEL Prague, a place where history was made. This is where the Czech national ice hockey team stayed during their triumphant victory at the 2024 IIHF World Championship. In their honor, we created the Champions Table\u00a0<strong>CHAMPIONS TABLE<\/strong>\u2013 a space where you can soak in the unique atmosphere of victory. Discover the original gold medal, game pucks with fascinating facts about the tournament, and even sit in the very chairs once occupied by legends like Dosty, \u010cervus, and other hockey heroes!<\/p>\n\n\n\n<p>To make the experience absolutely perfect, we have prepared for you&nbsp;<strong>experience hockey menu<\/strong> inspired by the meals we served our gold team during the championship.&nbsp;<strong>P\u0159ij\u010fte ochutnat j\u00eddla, kter\u00e1&nbsp;dod\u00e1vala energii \u0161ampion\u016fm, a vychutnejte si ka\u017ed\u00fd okam\u017eik, jako byste sami st\u00e1li na led\u011b.<\/strong><\/p>\n\n\n\n<div style=\"height:100px\" aria-hidden=\"true\" class=\"wp-block-spacer\"><\/div>\n\n\n\n<div class=\"wp-block-media-text has-media-on-the-right is-stacked-on-mobile is-image-fill-element\"><div class=\"wp-block-media-text__content\">\n<h2 class=\"wp-block-heading\">Experience hockey menu<\/h2>\n\n\n\n<p>Combine the taste of victory with exceptional dishes that will transport you right into the heart of hockey battles!<\/p>\n\n\n\n<p><strong>APPETIZER<\/strong><\/p>\n\n\n\n<ul class=\"wp-block-list\">\n<li>Avocado tartare, shrimp, chili mayonnaise, coriander oil<\/li>\n<\/ul>\n\n\n\n<p><strong>THE MAIN DISH<\/strong><\/p>\n\n\n\n<ul class=\"wp-block-list\">\n<li>Aged beef chuck eye roll, cream potatoes au gratin, pepper sauce&nbsp;<br>&#8211; <em>or<\/em>&nbsp;&#8211;<\/li>\n\n\n\n<li>Salmon steak, grilled vegetables with pak choi, beurre blanc sauce<\/li>\n<\/ul>\n\n\n\n<p><strong>DIGESTIVE<\/strong><\/p>\n\n\n\n<ul class=\"wp-block-list\">\n<li>Jagermeister shot \/ Alcohol shot<\/li>\n<\/ul>\n\n\n\n<p><strong>DESSERT<\/strong><\/p>\n\n\n\n<ul class=\"wp-block-list\">\n<li>Lime cheesecake like puck, blackberry sauce, yogurt ice cream<\/li>\n<\/ul>\n\n\n\n<p><strong>Price:<\/strong>&nbsp;995 CZK<\/p>\n\n\n\n<p>Reservation required min. 48 hours in advance, <\/p>\n\n\n\n<p>minimum number of people 4.<\/p>\n<\/div><figure class=\"wp-block-media-text__media\"><img loading=\"lazy\" decoding=\"async\" width=\"1200\" height=\"1600\" src=\"https:\/\/www.stageshotel.com\/wp-content\/uploads\/2024\/09\/Zazitkove-hokejove-menu-1200x1600.jpg\" alt=\"Za\u017eijte chu\u0165 v\u00edt\u011bzstv\u00ed u Stolu \u0161ampion\u016f ve STAGES HOTEL Prague!\" class=\"wp-image-984 size-large\" style=\"object-position:50% 50%\" srcset=\"https:\/\/www.stageshotel.com\/wp-content\/uploads\/2024\/09\/Zazitkove-hokejove-menu-1200x1600.jpg 1200w, https:\/\/www.stageshotel.com\/wp-content\/uploads\/2024\/09\/Zazitkove-hokejove-menu-600x800.jpg 600w, https:\/\/www.stageshotel.com\/wp-content\/uploads\/2024\/09\/Zazitkove-hokejove-menu-9x12.jpg 9w, https:\/\/www.stageshotel.com\/wp-content\/uploads\/2024\/09\/Zazitkove-hokejove-menu-scaled.jpg 1920w\" sizes=\"auto, (max-width: 1200px) 100vw, 1200px\" \/><\/figure><\/div>\n\n\n\n<p>&nbsp;<\/p>\n\n\n\n<p>&nbsp;<\/p>\n\n\n\n<h3 class=\"wp-block-heading\">Champions table at STAGES HOTEL Prague<\/h3>\n\n\n\n<p>This is where history was not only made, but literally tasted! Each chair with the name of a member of the MSLH 2024 all-stars team and each bite of this exclusive menu will draw you into a world of hockey victories and joy. Book your place and experience the taste of champions for yourself!<\/p>\n\n\n\n<p>&nbsp;<\/p>\n\n\n\n<div class=\"wp-block-buttons is-content-justification-center is-layout-flex wp-container-core-buttons-is-layout-16018d1d wp-block-buttons-is-layout-flex\">\n<div class=\"wp-block-button\"><a class=\"wp-block-button__link wp-element-button\" href=\"mailto:info@backstagerestaurant.cz\">info@backstagerestaurant.cz<\/a><\/div>\n\n\n\n<div class=\"wp-block-button btnalt\"><a class=\"wp-block-button__link wp-element-button\" href=\"https:\/\/reservation.dish.co\/widget\/hydra-5b428450-2cc8-11ec-b06f-8d784f53f798\" target=\"_blank\" rel=\"noreferrer noopener\">+420 221 000 151<\/a><\/div>\n\n\n\n<div class=\"wp-block-button\"><a class=\"wp-block-button__link wp-element-button\" href=\"https:\/\/www.backstagerestaurant.cz\/\" target=\"_blank\" rel=\"noreferrer noopener\">backstagerestaurant.cz<\/a><\/div>\n<\/div>","protected":false},"excerpt":{"rendered":"<p>Za\u017eijte chu\u0165 v\u00edt\u011bzstv\u00ed u STOLU \u0160AMPI\u00d3N\u016e ve STAGES HOTEL Prague!&nbsp; V\u00edtejte v\u00a0BACKSTAGE RESTAURANTu STAGES HOTEL Prague, kde se psala historie \u2013 pr\u00e1v\u011b zde bydlela \u010desk\u00e1 hokejov\u00e1 reprezentace, kter\u00e1 triumfovala na Mistrovstv\u00ed sv\u011bta v\u00a0hokeji v roce 2024.\u00a0Na jejich po\u010dest jsme vytvo\u0159ili\u00a0ST\u016eL \u0160AMPI\u00d3N\u016e, kde za\u017eijete jedine\u010dnou atmosf\u00e9ru v\u00edt\u011bzstv\u00ed. M\u016f\u017eete si prohl\u00e9dnout\u00a0origin\u00e1l zlat\u00e9 medaile\u00a0a puky s fascinuj\u00edc\u00edmi informacemi [&hellip;]<\/p>\n","protected":false},"author":1,"featured_media":986,"parent":0,"menu_order":0,"comment_status":"closed","ping_status":"closed","template":"","meta":{"footnotes":""},"class_list":["post-963","page","type-page","status-publish","has-post-thumbnail","hentry"],"yoast_head":"<!-- This site is optimized with the Yoast SEO plugin v27.3 - https:\/\/yoast.com\/product\/yoast-seo-wordpress\/ -->\n<title>St\u016fl \u0161ampion\u016f - STAGES HOTEL Prague<\/title>\n<meta name=\"robots\" content=\"index, follow, max-snippet:-1, max-image-preview:large, max-video-preview:-1\" \/>\n<link rel=\"canonical\" href=\"https:\/\/www.stageshotel.com\/en\/champions-table\/\" \/>\n<meta property=\"og:locale\" content=\"en_GB\" \/>\n<meta property=\"og:type\" content=\"article\" \/>\n<meta property=\"og:title\" content=\"St\u016fl \u0161ampion\u016f - STAGES HOTEL Prague\" \/>\n<meta property=\"og:description\" content=\"Za\u017eijte chu\u0165 v\u00edt\u011bzstv\u00ed u STOLU \u0160AMPI\u00d3N\u016e ve STAGES HOTEL Prague!&nbsp; V\u00edtejte v\u00a0BACKSTAGE RESTAURANTu STAGES HOTEL Prague, kde se psala historie \u2013 pr\u00e1v\u011b zde bydlela \u010desk\u00e1 hokejov\u00e1 reprezentace, kter\u00e1 triumfovala na Mistrovstv\u00ed sv\u011bta v\u00a0hokeji v roce 2024.\u00a0Na jejich po\u010dest jsme vytvo\u0159ili\u00a0ST\u016eL \u0160AMPI\u00d3N\u016e, kde za\u017eijete jedine\u010dnou atmosf\u00e9ru v\u00edt\u011bzstv\u00ed. M\u016f\u017eete si prohl\u00e9dnout\u00a0origin\u00e1l zlat\u00e9 medaile\u00a0a puky s fascinuj\u00edc\u00edmi informacemi [&hellip;]\" \/>\n<meta property=\"og:url\" content=\"https:\/\/www.stageshotel.com\/en\/champions-table\/\" \/>\n<meta property=\"og:site_name\" content=\"STAGES HOTEL Prague\" \/>\n<meta property=\"article:publisher\" content=\"https:\/\/www.facebook.com\/stageshotelprague\/\" \/>\n<meta property=\"article:modified_time\" content=\"2025-04-14T14:16:43+00:00\" \/>\n<meta property=\"og:image\" content=\"https:\/\/www.stageshotel.com\/wp-content\/uploads\/2024\/09\/Stul-sampionu-scaled.jpeg\" \/>\n\t<meta property=\"og:image:width\" content=\"2560\" \/>\n\t<meta property=\"og:image:height\" content=\"1920\" \/>\n\t<meta property=\"og:image:type\" content=\"image\/jpeg\" \/>\n<meta name=\"twitter:card\" content=\"summary_large_image\" \/>\n<meta name=\"twitter:label1\" content=\"Estimated reading time\" \/>\n\t<meta name=\"twitter:data1\" content=\"2 minutes\" \/>\n<script type=\"application\/ld+json\" class=\"yoast-schema-graph\">{\"@context\":\"https:\\\/\\\/schema.org\",\"@graph\":[{\"@type\":\"WebPage\",\"@id\":\"https:\\\/\\\/www.stageshotel.com\\\/stul-sampionu\\\/\",\"url\":\"https:\\\/\\\/www.stageshotel.com\\\/stul-sampionu\\\/\",\"name\":\"St\u016fl \u0161ampion\u016f - STAGES HOTEL Prague\",\"isPartOf\":{\"@id\":\"https:\\\/\\\/www.stageshotel.com\\\/cz\\\/#website\"},\"primaryImageOfPage\":{\"@id\":\"https:\\\/\\\/www.stageshotel.com\\\/stul-sampionu\\\/#primaryimage\"},\"image\":{\"@id\":\"https:\\\/\\\/www.stageshotel.com\\\/stul-sampionu\\\/#primaryimage\"},\"thumbnailUrl\":\"https:\\\/\\\/www.stageshotel.com\\\/wp-content\\\/uploads\\\/2024\\\/09\\\/Stul-sampionu-scaled.jpeg\",\"datePublished\":\"2024-09-09T20:57:36+00:00\",\"dateModified\":\"2025-04-14T14:16:43+00:00\",\"breadcrumb\":{\"@id\":\"https:\\\/\\\/www.stageshotel.com\\\/stul-sampionu\\\/#breadcrumb\"},\"inLanguage\":\"en-GB\",\"potentialAction\":[{\"@type\":\"ReadAction\",\"target\":[\"https:\\\/\\\/www.stageshotel.com\\\/stul-sampionu\\\/\"]}]},{\"@type\":\"ImageObject\",\"inLanguage\":\"en-GB\",\"@id\":\"https:\\\/\\\/www.stageshotel.com\\\/stul-sampionu\\\/#primaryimage\",\"url\":\"https:\\\/\\\/www.stageshotel.com\\\/wp-content\\\/uploads\\\/2024\\\/09\\\/Stul-sampionu-scaled.jpeg\",\"contentUrl\":\"https:\\\/\\\/www.stageshotel.com\\\/wp-content\\\/uploads\\\/2024\\\/09\\\/Stul-sampionu-scaled.jpeg\",\"width\":2560,\"height\":1920,\"caption\":\"St\u016fl \u0161ampion\u016f\"},{\"@type\":\"BreadcrumbList\",\"@id\":\"https:\\\/\\\/www.stageshotel.com\\\/stul-sampionu\\\/#breadcrumb\",\"itemListElement\":[{\"@type\":\"ListItem\",\"position\":1,\"name\":\"Stages Hotel Prague\",\"item\":\"https:\\\/\\\/www.stageshotel.com\\\/\"},{\"@type\":\"ListItem\",\"position\":2,\"name\":\"St\u016fl \u0161ampion\u016f\"}]},{\"@type\":\"WebSite\",\"@id\":\"https:\\\/\\\/www.stageshotel.com\\\/cz\\\/#website\",\"url\":\"https:\\\/\\\/www.stageshotel.com\\\/cz\\\/\",\"name\":\"STAGES HOTEL Prague\",\"description\":\"\",\"publisher\":{\"@id\":\"https:\\\/\\\/www.stageshotel.com\\\/cz\\\/#organization\"},\"potentialAction\":[{\"@type\":\"SearchAction\",\"target\":{\"@type\":\"EntryPoint\",\"urlTemplate\":\"https:\\\/\\\/www.stageshotel.com\\\/cz\\\/?s={search_term_string}\"},\"query-input\":{\"@type\":\"PropertyValueSpecification\",\"valueRequired\":true,\"valueName\":\"search_term_string\"}}],\"inLanguage\":\"en-GB\"},{\"@type\":\"Organization\",\"@id\":\"https:\\\/\\\/www.stageshotel.com\\\/cz\\\/#organization\",\"name\":\"STAGES HOTEL\",\"url\":\"https:\\\/\\\/www.stageshotel.com\\\/cz\\\/\",\"logo\":{\"@type\":\"ImageObject\",\"inLanguage\":\"en-GB\",\"@id\":\"https:\\\/\\\/www.stageshotel.com\\\/cz\\\/#\\\/schema\\\/logo\\\/image\\\/\",\"url\":\"https:\\\/\\\/www.stageshotel.com\\\/wp-content\\\/uploads\\\/2024\\\/11\\\/stages-hotel-logo.png\",\"contentUrl\":\"https:\\\/\\\/www.stageshotel.com\\\/wp-content\\\/uploads\\\/2024\\\/11\\\/stages-hotel-logo.png\",\"width\":1536,\"height\":768,\"caption\":\"STAGES HOTEL\"},\"image\":{\"@id\":\"https:\\\/\\\/www.stageshotel.com\\\/cz\\\/#\\\/schema\\\/logo\\\/image\\\/\"},\"sameAs\":[\"https:\\\/\\\/www.facebook.com\\\/stageshotelprague\\\/\",\"https:\\\/\\\/www.instagram.com\\\/stageshotelprague\\\/\"]}]}<\/script>\n<!-- \/ Yoast SEO plugin. -->","yoast_head_json":{"title":"St\u016fl \u0161ampion\u016f - STAGES HOTEL Prague","robots":{"index":"index","follow":"follow","max-snippet":"max-snippet:-1","max-image-preview":"max-image-preview:large","max-video-preview":"max-video-preview:-1"},"canonical":"https:\/\/www.stageshotel.com\/en\/champions-table\/","og_locale":"en_GB","og_type":"article","og_title":"St\u016fl \u0161ampion\u016f - STAGES HOTEL Prague","og_description":"Za\u017eijte chu\u0165 v\u00edt\u011bzstv\u00ed u STOLU \u0160AMPI\u00d3N\u016e ve STAGES HOTEL Prague!&nbsp; V\u00edtejte v\u00a0BACKSTAGE RESTAURANTu STAGES HOTEL Prague, kde se psala historie \u2013 pr\u00e1v\u011b zde bydlela \u010desk\u00e1 hokejov\u00e1 reprezentace, kter\u00e1 triumfovala na Mistrovstv\u00ed sv\u011bta v\u00a0hokeji v roce 2024.\u00a0Na jejich po\u010dest jsme vytvo\u0159ili\u00a0ST\u016eL \u0160AMPI\u00d3N\u016e, kde za\u017eijete jedine\u010dnou atmosf\u00e9ru v\u00edt\u011bzstv\u00ed. M\u016f\u017eete si prohl\u00e9dnout\u00a0origin\u00e1l zlat\u00e9 medaile\u00a0a puky s fascinuj\u00edc\u00edmi informacemi [&hellip;]","og_url":"https:\/\/www.stageshotel.com\/en\/champions-table\/","og_site_name":"STAGES HOTEL Prague","article_publisher":"https:\/\/www.facebook.com\/stageshotelprague\/","article_modified_time":"2025-04-14T14:16:43+00:00","og_image":[{"width":2560,"height":1920,"url":"https:\/\/www.stageshotel.com\/wp-content\/uploads\/2024\/09\/Stul-sampionu-scaled.jpeg","type":"image\/jpeg"}],"twitter_card":"summary_large_image","twitter_misc":{"Estimated reading time":"2 minutes"},"schema":{"@context":"https:\/\/schema.org","@graph":[{"@type":"WebPage","@id":"https:\/\/www.stageshotel.com\/stul-sampionu\/","url":"https:\/\/www.stageshotel.com\/stul-sampionu\/","name":"St\u016fl \u0161ampion\u016f - STAGES HOTEL Prague","isPartOf":{"@id":"https:\/\/www.stageshotel.com\/cz\/#website"},"primaryImageOfPage":{"@id":"https:\/\/www.stageshotel.com\/stul-sampionu\/#primaryimage"},"image":{"@id":"https:\/\/www.stageshotel.com\/stul-sampionu\/#primaryimage"},"thumbnailUrl":"https:\/\/www.stageshotel.com\/wp-content\/uploads\/2024\/09\/Stul-sampionu-scaled.jpeg","datePublished":"2024-09-09T20:57:36+00:00","dateModified":"2025-04-14T14:16:43+00:00","breadcrumb":{"@id":"https:\/\/www.stageshotel.com\/stul-sampionu\/#breadcrumb"},"inLanguage":"en-GB","potentialAction":[{"@type":"ReadAction","target":["https:\/\/www.stageshotel.com\/stul-sampionu\/"]}]},{"@type":"ImageObject","inLanguage":"en-GB","@id":"https:\/\/www.stageshotel.com\/stul-sampionu\/#primaryimage","url":"https:\/\/www.stageshotel.com\/wp-content\/uploads\/2024\/09\/Stul-sampionu-scaled.jpeg","contentUrl":"https:\/\/www.stageshotel.com\/wp-content\/uploads\/2024\/09\/Stul-sampionu-scaled.jpeg","width":2560,"height":1920,"caption":"St\u016fl \u0161ampion\u016f"},{"@type":"BreadcrumbList","@id":"https:\/\/www.stageshotel.com\/stul-sampionu\/#breadcrumb","itemListElement":[{"@type":"ListItem","position":1,"name":"Stages Hotel Prague","item":"https:\/\/www.stageshotel.com\/"},{"@type":"ListItem","position":2,"name":"St\u016fl \u0161ampion\u016f"}]},{"@type":"WebSite","@id":"https:\/\/www.stageshotel.com\/cz\/#website","url":"https:\/\/www.stageshotel.com\/cz\/","name":"STAGES HOTEL Prague","description":"","publisher":{"@id":"https:\/\/www.stageshotel.com\/cz\/#organization"},"potentialAction":[{"@type":"SearchAction","target":{"@type":"EntryPoint","urlTemplate":"https:\/\/www.stageshotel.com\/cz\/?s={search_term_string}"},"query-input":{"@type":"PropertyValueSpecification","valueRequired":true,"valueName":"search_term_string"}}],"inLanguage":"en-GB"},{"@type":"Organization","@id":"https:\/\/www.stageshotel.com\/cz\/#organization","name":"STAGES HOTEL","url":"https:\/\/www.stageshotel.com\/cz\/","logo":{"@type":"ImageObject","inLanguage":"en-GB","@id":"https:\/\/www.stageshotel.com\/cz\/#\/schema\/logo\/image\/","url":"https:\/\/www.stageshotel.com\/wp-content\/uploads\/2024\/11\/stages-hotel-logo.png","contentUrl":"https:\/\/www.stageshotel.com\/wp-content\/uploads\/2024\/11\/stages-hotel-logo.png","width":1536,"height":768,"caption":"STAGES HOTEL"},"image":{"@id":"https:\/\/www.stageshotel.com\/cz\/#\/schema\/logo\/image\/"},"sameAs":["https:\/\/www.facebook.com\/stageshotelprague\/","https:\/\/www.instagram.com\/stageshotelprague\/"]}]}},"_links":{"self":[{"href":"https:\/\/www.stageshotel.com\/en\/wp-json\/wp\/v2\/pages\/963","targetHints":{"allow":["GET"]}}],"collection":[{"href":"https:\/\/www.stageshotel.com\/en\/wp-json\/wp\/v2\/pages"}],"about":[{"href":"https:\/\/www.stageshotel.com\/en\/wp-json\/wp\/v2\/types\/page"}],"author":[{"embeddable":true,"href":"https:\/\/www.stageshotel.com\/en\/wp-json\/wp\/v2\/users\/1"}],"replies":[{"embeddable":true,"href":"https:\/\/www.stageshotel.com\/en\/wp-json\/wp\/v2\/comments?post=963"}],"version-history":[{"count":6,"href":"https:\/\/www.stageshotel.com\/en\/wp-json\/wp\/v2\/pages\/963\/revisions"}],"predecessor-version":[{"id":1185,"href":"https:\/\/www.stageshotel.com\/en\/wp-json\/wp\/v2\/pages\/963\/revisions\/1185"}],"wp:featuredmedia":[{"embeddable":true,"href":"https:\/\/www.stageshotel.com\/en\/wp-json\/wp\/v2\/media\/986"}],"wp:attachment":[{"href":"https:\/\/www.stageshotel.com\/en\/wp-json\/wp\/v2\/media?parent=963"}],"curies":[{"name":"wp","href":"https:\/\/api.w.org\/{rel}","templated":true}]}}